{"id":15,"date":"2021-04-07T14:41:12","date_gmt":"2021-04-07T12:41:12","guid":{"rendered":"http:\/\/plejada.romanisci.edu.pl\/nowa_strona2\/?page_id=15"},"modified":"2021-05-23T17:55:47","modified_gmt":"2021-05-23T15:55:47","slug":"a-propos-de-plejada","status":"publish","type":"page","link":"https:\/\/plejada.romanisci.edu.pl\/fr\/a-propos-de-plejada\/","title":{"rendered":"A propos de \u00ab\u00a0Plejada\u00a0\u00bb"},"content":{"rendered":"\n<p>L&rsquo;Association acad\u00e9mique des romanistes polonais \u00ab\u00a0Plejada\u00a0\u00bb est un organisme social r\u00e9unissant des personnes qui s&rsquo;int\u00e9ressent, \u00e0 titre professionnel, aux probl\u00e9matiques largement comprises de la langue, de la litt\u00e9rature et de la culture fran\u00e7aises, et \u00e0 celles des pays francophones.<br><br>L&rsquo;Association a pour objet de :<br><br>Apporter son soutien \u00e0 la formation des enseignants universitaires hautement qualifi\u00e9s dans le domaine d&rsquo;\u00e9tudes romanes, ce qui \u00e9quivaut \u00e0 des connaissances sur la France et sur les pays francophones, notamment en mati\u00e8re de litt\u00e9rature, langue, culture, didactique de la langue fran\u00e7aise et traductologie,<br><br>Stimuler toute forme d&rsquo;activit\u00e9 scientifique (publications, organisation de s\u00e9minaires, congr\u00e8s et formations scientifiques, projets de recherche, \u00e9change d&rsquo;enseignants universitaires) dans le domaine d&rsquo;\u00e9tudes romanes,<br><br>Agir en vue d&rsquo;int\u00e9grer les milieux universitaires romanistiques,<br><br>Populariser et d\u00e9velopper les connaissances sur la langue fran\u00e7aise et les cultures des pays francophones, dans une approche th\u00e9orique et pratique.<br><br>Afin de r\u00e9aliser ces objectifs, il a \u00e9t\u00e9 pr\u00e9vu les formes d&rsquo;activit\u00e9 suivantes :<br><\/p>\n\n\n\n<ul class=\"wp-block-list\"><li>organisation de s\u00e9minaires cycliques pour doctorants romanistes,<\/li><li>conf\u00e9rences, congr\u00e8s et s\u00e9minaires,<\/li><li>publications scientifiques,<\/li><li>cours magistraux et d\u00e9bats \u00e0 caract\u00e8re scientifique,<\/li><li>cours magistraux, d\u00e9bats et ateliers \u00e0 caract\u00e8re vulgarisateur,<\/li><li>coop\u00e9ration avec les associations scientifiques des romanistes, notamment celles des pays de l&rsquo;Europe Centrale et Orientale.<\/li><\/ul>\n\n\n\n<p>L&rsquo;Association coop\u00e8re avec l&rsquo;Ambassade de France en Pologne et avec les repr\u00e9sentants d&rsquo;autres pays francophones.<\/p>\n","protected":false},"excerpt":{"rendered":"<p>L&rsquo;Association acad\u00e9mique des romanistes polonais \u00ab\u00a0Plejada\u00a0\u00bb est un organisme social r\u00e9unissant des personnes qui s&rsquo;int\u00e9ressent, \u00e0 titre professionnel, aux probl\u00e9matiques<\/p>\n","protected":false},"author":1,"featured_media":0,"parent":0,"menu_order":0,"comment_status":"closed","ping_status":"closed","template":"","meta":{"footnotes":""},"class_list":["post-15","page","type-page","status-publish","hentry","comments-off"],"_links":{"self":[{"href":"https:\/\/plejada.romanisci.edu.pl\/fr\/wp-json\/wp\/v2\/pages\/15","targetHints":{"allow":["GET"]}}],"collection":[{"href":"https:\/\/plejada.romanisci.edu.pl\/fr\/wp-json\/wp\/v2\/pages"}],"about":[{"href":"https:\/\/plejada.romanisci.edu.pl\/fr\/wp-json\/wp\/v2\/types\/page"}],"author":[{"embeddable":true,"href":"https:\/\/plejada.romanisci.edu.pl\/fr\/wp-json\/wp\/v2\/users\/1"}],"replies":[{"embeddable":true,"href":"https:\/\/plejada.romanisci.edu.pl\/fr\/wp-json\/wp\/v2\/comments?post=15"}],"version-history":[{"count":4,"href":"https:\/\/plejada.romanisci.edu.pl\/fr\/wp-json\/wp\/v2\/pages\/15\/revisions"}],"predecessor-version":[{"id":270,"href":"https:\/\/plejada.romanisci.edu.pl\/fr\/wp-json\/wp\/v2\/pages\/15\/revisions\/270"}],"wp:attachment":[{"href":"https:\/\/plejada.romanisci.edu.pl\/fr\/wp-json\/wp\/v2\/media?parent=15"}],"curies":[{"name":"wp","href":"https:\/\/api.w.org\/{rel}","templated":true}]}}