{"id":158,"date":"2021-04-16T00:39:50","date_gmt":"2021-04-15T22:39:50","guid":{"rendered":"http:\/\/plejada.romanisci.edu.pl\/nowa_strona2\/?page_id=158"},"modified":"2021-05-05T21:46:17","modified_gmt":"2021-05-05T19:46:17","slug":"liens","status":"publish","type":"page","link":"https:\/\/plejada.romanisci.edu.pl\/fr\/liens\/","title":{"rendered":"Liens"},"content":{"rendered":"\n<p>Ambassade de Belgique \u00e0 Varsovie<br><a href=\"http:\/\/www.diplomatie.be\/warsawfr\/\" target=\"_blank\" rel=\"noreferrer noopener\">http:\/\/www.diplomatie.be\/warsawfr\/<\/a><\/p>\n\n\n\n<p>Ambassade de France en Pologne<br><a href=\"http:\/\/www.ambafrance-pl.org\/\" target=\"_blank\" rel=\"noreferrer noopener\">http:\/\/www.ambafrance-pl.org\/<\/a><\/p>\n\n\n\n<p>Hachette<br><a href=\"http:\/\/www.hachette.com\/\" target=\"_blank\" rel=\"noreferrer noopener\">http:\/\/www.hachette.com<\/a><\/p>\n\n\n\n<p>Nathan<br><a href=\"http:\/\/www.nathan.fr\/\" target=\"_blank\" rel=\"noreferrer noopener\">http:\/\/www.nathan.fr\/<\/a><\/p>\n\n\n\n<p>Le Monde<br><a href=\"http:\/\/www.lemonde.fr\/\" target=\"_blank\" rel=\"noreferrer noopener\">http:\/\/www.lemonde.fr\/<\/a><\/p>\n\n\n\n<p>Lib\u00e9ration<br><a href=\"http:\/\/www.liberation.fr\/\" target=\"_blank\" rel=\"noreferrer noopener\">http:\/\/www.liberation.fr\/<\/a><\/p>\n\n\n\n<p>Le Figaro<br><a href=\"http:\/\/www.lefigaro.fr\/\" target=\"_blank\" rel=\"noreferrer noopener\">http:\/\/www.lefigaro.fr\/<\/a><\/p>\n\n\n\n<p>Instytut Fran\u00e7ais \u00e0 Cracovie<br><a href=\"http:\/\/www.ifcracovie.org.pl\/\" target=\"_blank\" rel=\"noreferrer noopener\">http:\/\/www.ifcracovie.org.pl<\/a><\/p>\n\n\n\n<p>Institut Fran\u00e7ais \u00e0 Varsovie<br><a href=\"http:\/\/www.ifv.pl\/\" target=\"_blank\" rel=\"noreferrer noopener\">http:\/\/www.ifv.pl\/<\/a><\/p>\n\n\n\n<p>Centre de Culture Fran\u00e7aise<br><a href=\"http:\/\/www.okf.uw.edu.pl\/\" target=\"_blank\" rel=\"noreferrer noopener\">http:\/\/www.okf.uw.edu.pl<\/a><\/p>\n\n\n\n<p>Alliance Fran\u00e7aise en Pologne<br><a href=\"http:\/\/www.af-enpologne.pl\/\" target=\"_blank\" rel=\"noreferrer noopener\">http:\/\/www.af-enpologne.pl\/<\/a><\/p>\n\n\n\n<p>Fonds de coop\u00e9ration franco-polonais<br><a href=\"http:\/\/www.ambafrance-pl.org\/france_pologne\/spip.php?rubrique465\" target=\"_blank\" rel=\"noreferrer noopener\">http:\/\/www.ambafrance-pl.org\/france_pologne\/spip.php?rubrique465<\/a><\/p>\n\n\n\n<p>Minist\u00e8re des Affaires \u00e9trang\u00e8res en France<br><a href=\"http:\/\/www.diplomatie.gouv.fr\/fr\/\" target=\"_blank\" rel=\"noreferrer noopener\">http:\/\/www.diplomatie.gouv.fr\/fr\/<\/a><\/p>\n\n\n\n<p>Agence Universitaire de la Francophonie<br><a href=\"http:\/\/www.auf.org\/\" target=\"_blank\" rel=\"noreferrer noopener\">http:\/\/www.auf.org<\/a><\/p>\n\n\n\n<p>TV 5 Europe<br><a href=\"http:\/\/www.tv5.org\/\" target=\"_blank\" rel=\"noreferrer noopener\">http:\/\/www.tv5.org<\/a><\/p>\n\n\n\n<p>Agence France Presse<br><a href=\"http:\/\/www.afp.com\/home\/\" target=\"_blank\" rel=\"noreferrer noopener\">http:\/\/www.afp.com\/home\/<\/a><\/p>\n\n\n\n<p>Acad\u00e9mie Fran\u00e7aise<br><a href=\"http:\/\/www.academie-francaise.fr\/\" target=\"_blank\" rel=\"noreferrer noopener\">http:\/\/www.academie-francaise.fr\/<\/a><\/p>\n\n\n\n<p>Radio France<br><a href=\"http:\/\/www.radiofrance.fr\/\" target=\"_blank\" rel=\"noreferrer noopener\">http:\/\/www.radiofrance.fr<\/a><\/p>\n\n\n\n<p>Bibliotheque Nationale \u00e0 Paris<br><a href=\"http:\/\/www.bnf.fr\/\" target=\"_blank\" rel=\"noreferrer noopener\">http:\/\/www.bnf.fr<\/a><\/p>\n\n\n\n<p>L\u2019Encyclop\u00e9die Universalis<br><a href=\"http:\/\/www.universalis.fr\/\" target=\"_blank\" rel=\"noreferrer noopener\">http:\/\/www.universalis.fr\/<\/a><\/p>\n\n\n\n<p>Les dictionnaires<br><a href=\"http:\/\/www.les-dictionnaires.com\/francais.html\" target=\"_blank\" rel=\"noreferrer noopener\">http:\/\/www.les-dictionnaires.com\/francais.html<\/a><\/p>\n\n\n\n<p>Culture<br><a href=\"http:\/\/www.culture.fr\/\" target=\"_blank\" rel=\"noreferrer noopener\">http:\/\/www.culture.fr<\/a><\/p>\n\n\n\n<p>Langue fran\u00e7aise<br><a href=\"http:\/\/www.langue-fr.net\/\" target=\"_blank\" rel=\"noreferrer noopener\">http:\/\/www.langue-fr.net\/<\/a><\/p>\n\n\n\n<p>Langue fran\u00e7aise<br><a href=\"http:\/\/www.synapse-fr.com\/sub_autres_liens.htm\" target=\"_blank\" rel=\"noreferrer noopener\">http:\/\/www.synapse-fr.com\/sub_autres_liens.htm<\/a><\/p>\n\n\n\n<p>Langue fran\u00e7aise<br><a href=\"http:\/\/www.languefrancaise.net\/\" target=\"_blank\" rel=\"noreferrer noopener\">http:\/\/www.languefrancaise.net<\/a><\/p>\n\n\n\n<p>Le fran\u00e7ais dans le monde<br><a href=\"http:\/\/www.fdlm.org\/\" target=\"_blank\" rel=\"noreferrer noopener\">http:\/\/www.fdlm.org\/<\/a><\/p>\n\n\n\n<p>R\u00e9vues litt\u00e9raires<br><a href=\"http:\/\/www.magazine-litteraire.com\/\" target=\"_blank\" rel=\"noreferrer noopener\">http:\/\/www.magazine-litteraire.com\/<\/a><\/p>\n\n\n\n<p>R\u00e9vues litt\u00e9raires<br><a href=\"http:\/\/www.lire.fr\/\" target=\"_blank\" rel=\"noreferrer noopener\">http:\/\/www.lire.fr\/<\/a><\/p>\n\n\n\n<p>Litt\u00e9rature fran\u00e7aise<br><a href=\"http:\/\/www.via-guide.com\/browse.php?cat=31\" target=\"_blank\" rel=\"noreferrer noopener\">http:\/\/www.via-guide.com\/browse.php?cat=31<\/a><\/p>\n\n\n\n<p>Litt\u00e9rature fran\u00e7aise<br><a href=\"http:\/\/www.remue.net\/\" target=\"_blank\" rel=\"noreferrer noopener\">http:\/\/www.remue.net\/<\/a><\/p>\n\n\n\n<p>Litt\u00e9rature fran\u00e7aise<br><a href=\"http:\/\/www-scd.univ-lyon3.fr\/signets\/littfran.htm\" target=\"_blank\" rel=\"noreferrer noopener\">http:\/\/www-scd.univ-lyon3.fr\/signets\/littfran.htm<\/a><\/p>\n\n\n\n<p>Litt\u00e9rature fran\u00e7aise<br><a href=\"http:\/\/www.fabula.org\/\" target=\"_blank\" rel=\"noreferrer noopener\">http:\/\/www.fabula.org<\/a><\/p>\n\n\n\n<p>Liens utiles<br><a href=\"http:\/\/www.olyfran.com\/olyfran\/liens.aspx?lbw=1\" target=\"_blank\" rel=\"noreferrer noopener\">http:\/\/www.olyfran.com\/olyfran\/liens.aspx?lbw=1<\/a><\/p>\n\n\n\n<p>Liens utiles<br><a href=\"http:\/\/www.liensutiles.org\/\" target=\"_blank\" rel=\"noreferrer noopener\">http:\/\/www.liensutiles.org\/<\/a><\/p>\n\n\n\n<p>Biblioth\u00e8ques, bases de donn\u00e9es<br><a href=\"http:\/\/www.lehman.cuny.edu\/deanhum\/langlit\/french\/lit.html\" target=\"_blank\" rel=\"noreferrer noopener\">http:\/\/www.lehman.cuny.edu\/deanhum\/langlit\/french\/lit.html<\/a><\/p>\n\n\n\n<p>Associotion des enseignants universitaires de fran\u00e7ais en R\u00e9publique tch\u00e8que<br><a href=\"http:\/\/www.gallica.cz\/\" target=\"_blank\" rel=\"noreferrer noopener\">http:\/\/www.gallica.cz\/<\/a><\/p>\n\n\n\n<p>Association des Sciences du Langage : assoc-asl.net<br><a href=\"http:\/\/www.assoc-asl.net\/\" target=\"_blank\" rel=\"noreferrer noopener\">http:\/\/www.assoc-asl.net\/<\/a><\/p>\n","protected":false},"excerpt":{"rendered":"<p>Ambassade de Belgique \u00e0 Varsoviehttp:\/\/www.diplomatie.be\/warsawfr\/ Ambassade de France en Polognehttp:\/\/www.ambafrance-pl.org\/ Hachettehttp:\/\/www.hachette.com Nathanhttp:\/\/www.nathan.fr\/ Le Mondehttp:\/\/www.lemonde.fr\/ Lib\u00e9rationhttp:\/\/www.liberation.fr\/ Le Figarohttp:\/\/www.lefigaro.fr\/ Instytut Fran\u00e7ais \u00e0<\/p>\n","protected":false},"author":1,"featured_media":0,"parent":0,"menu_order":0,"comment_status":"closed","ping_status":"closed","template":"","meta":{"footnotes":""},"class_list":["post-158","page","type-page","status-publish","hentry","comments-off"],"_links":{"self":[{"href":"https:\/\/plejada.romanisci.edu.pl\/fr\/wp-json\/wp\/v2\/pages\/158","targetHints":{"allow":["GET"]}}],"collection":[{"href":"https:\/\/plejada.romanisci.edu.pl\/fr\/wp-json\/wp\/v2\/pages"}],"about":[{"href":"https:\/\/plejada.romanisci.edu.pl\/fr\/wp-json\/wp\/v2\/types\/page"}],"author":[{"embeddable":true,"href":"https:\/\/plejada.romanisci.edu.pl\/fr\/wp-json\/wp\/v2\/users\/1"}],"replies":[{"embeddable":true,"href":"https:\/\/plejada.romanisci.edu.pl\/fr\/wp-json\/wp\/v2\/comments?post=158"}],"version-history":[{"count":2,"href":"https:\/\/plejada.romanisci.edu.pl\/fr\/wp-json\/wp\/v2\/pages\/158\/revisions"}],"predecessor-version":[{"id":253,"href":"https:\/\/plejada.romanisci.edu.pl\/fr\/wp-json\/wp\/v2\/pages\/158\/revisions\/253"}],"wp:attachment":[{"href":"https:\/\/plejada.romanisci.edu.pl\/fr\/wp-json\/wp\/v2\/media?parent=158"}],"curies":[{"name":"wp","href":"https:\/\/api.w.org\/{rel}","templated":true}]}}