{"id":17,"date":"2021-04-07T14:44:27","date_gmt":"2021-04-07T12:44:27","guid":{"rendered":"http:\/\/plejada.romanisci.edu.pl\/nowa_strona2\/?page_id=17"},"modified":"2024-12-18T22:00:26","modified_gmt":"2024-12-18T21:00:26","slug":"presidence","status":"publish","type":"page","link":"https:\/\/plejada.romanisci.edu.pl\/fr\/a-propos-de-plejada\/presidence\/","title":{"rendered":"Pr\u00e9sidence"},"content":{"rendered":"\n<h3 class=\"wp-block-heading has-text-align-center\"><strong>Comit\u00e9 directeur:<\/strong><\/h3>\n\n\n\n<h4 class=\"wp-block-heading has-text-align-center\"><strong>Pr\u00e9sidente<\/strong><\/h4>\n\n\n\n<h4 class=\"wp-block-heading has-text-align-center\">Renata Jakubczuk: <a href=\"mailto:renata.jakubczuk@umcs.pl\">renata.jakubczuk@umcs.pl<\/a><\/h4>\n\n\n\n<h4 class=\"wp-block-heading has-text-align-center\"><strong>Vice-pr\u00e9sidente<\/strong><\/h4>\n\n\n\n<h4 class=\"wp-block-heading has-text-align-center\">Anita Staro\u0144: <a href=\"mailto:anita.staron@uni.lodz.pl\">anita.staron@uni.lodz.pl<\/a><\/h4>\n\n\n\n<h4 class=\"wp-block-heading has-text-align-center\"><strong>Tr\u00e9sorier<\/strong><\/h4>\n\n\n\n<h4 class=\"wp-block-heading has-text-align-center\">Agnieszka Dryja\u0144ska: <a href=\"mailto:a.dryjanska@uw.edu.pl\">a.dryjanska@uw.edu.pl<\/a><\/h4>\n\n\n\n<h4 class=\"wp-block-heading has-text-align-center\"><strong>Secr\u00e9taire<\/strong><\/h4>\n\n\n\n<h4 class=\"wp-block-heading has-text-align-center\">Monika Grabowska: <a href=\"mailto:monika.grabowska@uwr.edu.pl\">monika.grabowska@uwr.edu.pl<\/a><\/h4>\n\n\n\n<h4 class=\"wp-block-heading has-text-align-center\"><strong>Membres<\/strong><\/h4>\n\n\n\n<h4 class=\"wp-block-heading has-text-align-center\">Agnieszka Kaliska: <a href=\"mailto:monika.grabowska@uwr.edu.pl\">agnieszka.kaliska@amu.edu.pl<\/a><\/h4>\n\n\n\n<h4 class=\"wp-block-heading has-text-align-center\">Katarzyna Kwapisz Osadnik: <a href=\"mailto:sylwiakucharuk@gmail.com\">katarzyna.kwapisz-osadnik@us.edu.pl<\/a><\/h4>\n\n\n\n<h4 class=\"wp-block-heading has-text-align-center\"><strong>Pr\u00e9sidente sortante<\/strong><\/h4>\n\n\n\n<h4 class=\"wp-block-heading has-text-align-center\">Bernadeta Wojciechowska: <a href=\"mailto:bewoj@amu.edu.pl\">bewoj@amu.edu.pl<\/a><\/h4>\n","protected":false},"excerpt":{"rendered":"<p>Comit\u00e9 directeur: Pr\u00e9sidente Renata Jakubczuk: renata.jakubczuk@umcs.pl Vice-pr\u00e9sidente Anita Staro\u0144: anita.staron@uni.lodz.pl Tr\u00e9sorier Agnieszka Dryja\u0144ska: a.dryjanska@uw.edu.pl Secr\u00e9taire Monika Grabowska: monika.grabowska@uwr.edu.pl Membres Agnieszka<\/p>\n","protected":false},"author":1,"featured_media":0,"parent":15,"menu_order":0,"comment_status":"closed","ping_status":"closed","template":"","meta":{"footnotes":""},"class_list":["post-17","page","type-page","status-publish","hentry","comments-off"],"_links":{"self":[{"href":"https:\/\/plejada.romanisci.edu.pl\/fr\/wp-json\/wp\/v2\/pages\/17","targetHints":{"allow":["GET"]}}],"collection":[{"href":"https:\/\/plejada.romanisci.edu.pl\/fr\/wp-json\/wp\/v2\/pages"}],"about":[{"href":"https:\/\/plejada.romanisci.edu.pl\/fr\/wp-json\/wp\/v2\/types\/page"}],"author":[{"embeddable":true,"href":"https:\/\/plejada.romanisci.edu.pl\/fr\/wp-json\/wp\/v2\/users\/1"}],"replies":[{"embeddable":true,"href":"https:\/\/plejada.romanisci.edu.pl\/fr\/wp-json\/wp\/v2\/comments?post=17"}],"version-history":[{"count":4,"href":"https:\/\/plejada.romanisci.edu.pl\/fr\/wp-json\/wp\/v2\/pages\/17\/revisions"}],"predecessor-version":[{"id":497,"href":"https:\/\/plejada.romanisci.edu.pl\/fr\/wp-json\/wp\/v2\/pages\/17\/revisions\/497"}],"up":[{"embeddable":true,"href":"https:\/\/plejada.romanisci.edu.pl\/fr\/wp-json\/wp\/v2\/pages\/15"}],"wp:attachment":[{"href":"https:\/\/plejada.romanisci.edu.pl\/fr\/wp-json\/wp\/v2\/media?parent=17"}],"curies":[{"name":"wp","href":"https:\/\/api.w.org\/{rel}","templated":true}]}}