{"id":37,"date":"2021-04-07T15:29:16","date_gmt":"2021-04-07T13:29:16","guid":{"rendered":"http:\/\/plejada.romanisci.edu.pl\/nowa_strona2\/?page_id=37"},"modified":"2025-01-28T16:10:24","modified_gmt":"2025-01-28T15:10:24","slug":"2020-2","status":"publish","type":"page","link":"https:\/\/plejada.romanisci.edu.pl\/fr\/publications\/2020-2\/","title":{"rendered":"2020"},"content":{"rendered":"\n<p><strong>Labuda A. W.<\/strong><br><em>Wr\u00f3\u017cki w salonach. Antologia francuskich ba\u015bni literackich z XVII i XVIII w.<\/em><br>ATUT, Wroc\u0142aw 2020.<\/p>\n\n\n\n<p><strong>Cook J., Libura A. (red.)<\/strong><br><em>Dwuj\u0119zyczno\u015b\u0107 w Polsce. Od bada\u0144 wsp\u00f3\u0142czesnych rodzin dwuj\u0119zycznych do analiz wieloj\u0119zyczno\u015bci historycznej i literackiej<\/em><br>ATUT, Wroc\u0142aw 2020.<\/p>\n\n\n\n<p><strong>Barbara Taraszka-Dr\u00f3\u017cd\u017c (red.)<\/strong><br><em>Foreign Language Pedagogy in the Light of Cognitive Linguistics Research,<\/em><br>Springer<\/p>\n\n\n\n<p><strong>Grair Magakian<\/strong><br><em>Ormia\u0144sko-turecki konflikt 1915 roku we francuskoj\u0119zycznych i rosyjskoj\u0119zycznych (multi)mediach w XXI wieku \u2013 wybrane zagadnienia<\/em><br>Wyd. U\u015a, Katowice.<\/p>\n\n\n\n<p><strong>Ewelina Berek, Joanna Warmuzi\u0144ska-Rog\u00f3\u017c (r\u00e9d.), avec la collaboration de Justyna Fruzi\u0144ska, Krzysztof Majer, Magdalena Marczuk-Karbownik<\/strong><br><em>Les r\u00e9visions canadiennes: projections, changements, r\u00e9volutions. Romanica Silesiana 18 (2)<\/em><br>Wyd. U\u015a, Katowice<\/p>\n\n\n\n<p><strong>Ewa M. Wierzbowska<\/strong><br><em>Marie Krysinska. Jako muzyk\u2026<\/em><br>Wydawnictwo Uniwersytetu Gda\u0144skiego, Gda\u0144sk 2020<\/p>\n\n\n\n<p><strong>Ewa M. Wierzbowska (r\u00e9d.)<\/strong><br><em>Cahiers ERTA 2020\/21, 2020\/22, 2020\/23, 2020\/24.<\/em><\/p>\n\n\n\n<p><strong>Marek Mosakowski, Przemys\u0142aw Kossakowski<\/strong><br><em>Francuska szlachta liberalna a Rewolucja,<\/em><br>Wydawnictwo Uniwersytetu Gda\u0144skiego, Gda\u0144sk 2020<\/p>\n\n\n\n<p><strong>Natalia Nielipowicz (dir.)<\/strong><br><em>\u201eLitteraria Copernicana\u201d, Le Cl\u00e9zio, vol. 2 (34)\/ 2020.<\/em><\/p>\n\n\n\n<p><strong>Joanna Jakubowska, Regina Solov\u00e0 (r\u00e9d.)<\/strong><br><em>Andr\u00e9 Gide \u00e0 (re)d\u00e9couvrir?<\/em><br>Classiques Garnier, Paris.<\/p>\n\n\n\n<p><strong>Joanna Jakubowska, Joanna Kotowska-Miziniak, Maja Paw\u0142owska, Agata Sadkowska-Fidala, Tomasz Szyma\u0144ski, Tomasz Wys\u0142obocki<\/strong><br><em>Panorama literatury francuskiej: wojna a pi\u015bmiennictwo,<\/em><br>Universitas, Krak\u00f3w.<\/p>\n\n\n\n<p><strong>Mateusz Bia\u0142as<\/strong><br><em>Le discours de Nicolas Sarkozy. Rh\u00e9torique et mise en sc\u00e8ne,<\/em><br>L\u2019Harmattan, Paris<\/p>\n\n\n\n<p><strong>Anna Ledwina (r\u00e9d.)<\/strong><br><em>L\u2019Alt\u00e9rit\u00e9 dans la litt\u00e9rature fran\u00e7aise et francophone, Lit\u00e9raport n\u00b0 7<\/em><br>Wydawnictwo Uniwersytetu Opolskiego, Opole 2020.<\/p>\n\n\n\n<p><strong>Magdalena Sowa (r\u00e9d.)<\/strong><br><em>In search of the LSP teacher\u2019s competencies\/ A la recherche des comp\u00e9tences des enseignants de LS<\/em><br>Peter Lang, Berlin.<\/p>\n\n\n\n<p><strong>Mieczys\u0142aw Gajos<\/strong><br><em>Fonetyka i ortografia d\u017awi\u0119ku j\u0119zyka francuskiego. Od teorii j\u0119zykoznawczych do praktyki glottodydaktycznej<\/em><br>Wydawnictwo Uniwersytetu \u0141\u00f3dzkiego, \u0141\u00f3d\u017a 2020<\/p>\n\n\n\n<p><strong>Micha\u0142 Bajer<\/strong><br>Klasycyzm, przek\u0142ad, presti\u017c. O\u015bwieceniowe spolszczenia tragedii Corneille\u2019a i Racine\u2019a (1740-1830) w perspektywie historycznoliterackiej, IBL PAN, Warszawa 2020.<\/p>\n\n\n\n<p><strong>El\u017cbieta Gajewska, M. Sowa, J. Kic-Drgas.<\/strong><br>Filologia wobec wyzwa\u0144 komunikacji specjalistycznej : od wsp\u00f3\u0142pracy z biznesem po kszta\u0142cenie nauczycieli.<br>Wyd. UAM : Pozna\u0144 2020.<\/p>\n\n\n\n<p><strong>Agnieszka Kukuryk, Tomasz Chomiszczak, Przemys\u0142aw Szczur<\/strong><br>W\u0119druj\u0105ce to\u017csamo\u015bci. Trzy studia o migracjach literackich we francuskoj\u0119zycznej Belgii.<br>Wydawnictwo UNUM, Krak\u00f3w 2020.<\/p>\n\n\n\n<p><strong>Tomasz Chomiszczak, Agnieszka Kukuryk, Przemys\u0142aw Szczur<\/strong><br>W\u0119druj\u0105ce to\u017csamo\u015bci. Trzy studia o migracjach literackich we francuskoj\u0119zycznej Belgii.<br>Wydawnictwo UNUM, Krak\u00f3w 2020.<\/p>\n\n\n\n<p><strong>Agnieszka Kocik<\/strong><br>Les francs-tireurs de la pens\u00e9e : sur quelques figures de l\u2019esprit romantiques et post-romantiques.<br>Wydawnictwo Uniwersytetu Jagiello\u0144skiego. Krak\u00f3w.<br>&nbsp;<br><strong>Barbara Marczuk<\/strong><br>Marie de Gournay (1565-1645) : pierwsza francuska emancypantka.<br>Wydawnictwo Uniwersytetu Jagiello\u0144skiego. Krak\u00f3w.<br>&nbsp;<br><strong>Barbara Marczuk et Iwona Piechnik&nbsp;(dir.)<\/strong><br>Discours religieux : langages, textes, traductions.<br>Biblioteka Jagiello\u0144ska. Krak\u00f3w.<br>&nbsp;<br><strong>Asuka Matsumoto et Iwona Piechnik&nbsp;(dir.)<\/strong><br>La terminologie de Ferdinand de Saussure en traduction.<br>Avalon. Krak\u00f3w.<br>&nbsp;<br><strong>Jakub Kornhauser&nbsp;(red.)<\/strong><br>Najnowsze literatury roma\u0144skie : na granicach to\u017csamo\u015bci.<br>scriptum. Krak\u00f3w.<\/p>\n\n\n\n<p><strong>Patrycja Krysiak<\/strong><br>Nazwy \u017ce\u0144skie we wsp\u00f3\u0142czesnej leksykografii polskiej i francuskiej. Oficyna Wydawnicza ATUT: Wroc\u0142aw 2020.<\/p>\n\n\n\n<p><strong>Edyta Kociubi\u0144ska, Judyta Niedokos (dir.)<\/strong> Caricature\u00a0: l\u2019art de la d\u00e9mesure, Qu\u00eates litt\u00e9raires, n\u00b010 Wydawnictwo Werset, Lublin.<\/p>\n\n\n\n<p><strong>Urszula Paprocka-Piotrowska<\/strong> Autour du verbe. Six \u00e9tudes sur la capacit\u00e9 \u00e0 narrer en langue \u00e9trang\u00e8re. Wydawnictwo Werset, Lublin.<\/p>\n","protected":false},"excerpt":{"rendered":"<p>Labuda A. W.Wr\u00f3\u017cki w salonach. Antologia francuskich ba\u015bni literackich z XVII i XVIII w.ATUT, Wroc\u0142aw 2020. Cook J., Libura A.<\/p>\n","protected":false},"author":1,"featured_media":0,"parent":33,"menu_order":0,"comment_status":"closed","ping_status":"closed","template":"","meta":{"footnotes":""},"class_list":["post-37","page","type-page","status-publish","hentry","comments-off"],"_links":{"self":[{"href":"https:\/\/plejada.romanisci.edu.pl\/fr\/wp-json\/wp\/v2\/pages\/37","targetHints":{"allow":["GET"]}}],"collection":[{"href":"https:\/\/plejada.romanisci.edu.pl\/fr\/wp-json\/wp\/v2\/pages"}],"about":[{"href":"https:\/\/plejada.romanisci.edu.pl\/fr\/wp-json\/wp\/v2\/types\/page"}],"author":[{"embeddable":true,"href":"https:\/\/plejada.romanisci.edu.pl\/fr\/wp-json\/wp\/v2\/users\/1"}],"replies":[{"embeddable":true,"href":"https:\/\/plejada.romanisci.edu.pl\/fr\/wp-json\/wp\/v2\/comments?post=37"}],"version-history":[{"count":5,"href":"https:\/\/plejada.romanisci.edu.pl\/fr\/wp-json\/wp\/v2\/pages\/37\/revisions"}],"predecessor-version":[{"id":605,"href":"https:\/\/plejada.romanisci.edu.pl\/fr\/wp-json\/wp\/v2\/pages\/37\/revisions\/605"}],"up":[{"embeddable":true,"href":"https:\/\/plejada.romanisci.edu.pl\/fr\/wp-json\/wp\/v2\/pages\/33"}],"wp:attachment":[{"href":"https:\/\/plejada.romanisci.edu.pl\/fr\/wp-json\/wp\/v2\/media?parent=37"}],"curies":[{"name":"wp","href":"https:\/\/api.w.org\/{rel}","templated":true}]}}