{"id":371,"date":"2022-10-25T04:33:31","date_gmt":"2022-10-25T02:33:31","guid":{"rendered":"https:\/\/plejada.romanisci.edu.pl\/fr\/?page_id=371"},"modified":"2025-01-28T16:08:13","modified_gmt":"2025-01-28T15:08:13","slug":"2021-2","status":"publish","type":"page","link":"https:\/\/plejada.romanisci.edu.pl\/fr\/publications\/2021-2\/","title":{"rendered":"2021"},"content":{"rendered":"\n<p><strong>Laure L\u00e9v\u00eaque, Anita Staro\u0144 (dir.)<\/strong> Pour une histologie de la crise<br>Edizioni Effigi, Arcidosso.&nbsp;&nbsp;<\/p>\n\n\n\n<p><strong>Magdalena Ko\u017aluk&nbsp;<\/strong><br>Pierre Jacquelot, L\u2019Art de vivre longuement sous le nom de M\u00e9d\u00e9e<br>edycja naukowo-krytyczna siedemnastowiecznego traktatu medycznego ze wst\u0119pem i aparatem naukowym<br>\u00c9ditions Classiques Garnier, Paris.<\/p>\n\n\n\n<p><strong>Anna Kaczmarek-Wi\u015bniewska (dir.)<\/strong><br>Animal(it\u00e9)<br>Peter Lang Publishing Group, Berlin.&nbsp;&nbsp;<br>&nbsp;<br><strong>Anna Kaczmarek-Wi\u015bniewska (dir.)<\/strong><br>La folie dans la litt\u00e9rature fran\u00e7aise et francophone. Seria, nr 8 Literaport. Revue annuelle de la litt\u00e9rature francophone&nbsp;<br>Wydawnictwo Uniwersytetu Opolskiego, Opole.<\/p>\n\n\n\n<p><strong>Marta Sukiennicka<\/strong><br>\u00c9loquences romantiques. Les Ann\u00e9es de l\u2019Arsenal (1824-1834)<br>Wydawnictwo Naukowe UAM &amp; LISAA \u00e9diteur, Pozna\u0144\/Champs sur Marne<br>https:\/\/books.openedition.org\/lisaa\/1567?lang=fr<\/p>\n\n\n\n<p><strong>Juliette Azoulai, Carmen Husti, Marta Sukiennicka<\/strong>&nbsp;<br>Geneza i palingeneza \u017cycia w dziewi\u0119tnastowiecznej nauce i literaturze francuskiej&nbsp;<br>Wydawnictwo Naukowe UAM, Pozna\u0144.<\/p>\n\n\n\n<p><strong>Aline Viviand<\/strong><br>Polonais, Allemands, Fran\u00e7ais et Europ\u00e9ens. Une \u00e9tude ethnolinguistique<br>L\u2019Harmattan, Paris<\/p>\n\n\n\n<p><strong>Christelle Lacassain-Lagoin, Fabrice Marsac, Witold Ucherek, Katarina Chovancova (dir.)<\/strong><br>Sens (inter)dits. 1. Construction du sens et repr\u00e9sentation des r\u00e9f\u00e9rents<br>L\u2019Harmattan, Paris.<\/p>\n\n\n\n<p><strong>Christelle Lacassain-Lagoin, Fabrice Marsac, Witold Ucherek, Katarina Chovancova, Monika Zazrivcova (sous la r\u00e9daction scientifique de)<\/strong><br>Sens (inter)dits. 2. Verbes et architectures syntaxico-discursives<br>L\u2019Harmattan, Paris.<\/p>\n\n\n\n<p><strong>Katarzyna Kwapisz-Osadnik<\/strong><br>Les conceptualisations de relations au travers des pr\u00e9positions neutres en fran\u00e7ais : une approche cognitive&nbsp;<br>Wydawnictwo Uniwersytetu \u015al\u0105skiego, Katowice.<\/p>\n\n\n\n<p><strong>Anna Krzy\u017canowska, Francis Grossmann, Katarzyna Kwapisz-Osadnik (dir.)<\/strong><br>Les formules expressives de la conversation. Analyse contrastive : fran\u00e7ais-polonais-italien<br>Wydawnictwo Episteme, Lublin.<\/p>\n\n\n\n<p><strong>Dorota \u015aliwa, Xavier Blanco (dir.)<\/strong><br>Mots compos\u00e9s syntagmatiques et collocations. Roczniki Humanistyczne vol. 69, z. 8 Lingwistyka korpusowa i translatoryka.<br>Towarzystwo Naukowe KUL, Lublin.<\/p>\n\n\n\n<p><strong>Alicja Paleta, Dorota Pudo, Anna Rzepka (dir.)<\/strong><br>Pens\u00e9es orientale et occidentale : influences et compl\u00e9mentarit\u00e9. 2.<br>Ksi\u0119garnia Akademicka, Krak\u00f3w.<\/p>\n\n\n\n<p><strong>Iwona Piechnik, Marta Wicherek (dir.)<\/strong><br>Langues romanes non standard.<br>Uniwersytet Jagiello\u0144ski, Biblioteka Jagiello\u0144ska, Krak\u00f3w<\/p>\n\n\n\n<p><strong>Jakub Kornhauser (red.)<\/strong><br>Najnowsze literatury roma\u0144skie : samotno\u015b\u0107 i wykorzenienie.<br>Scriptum. Krak\u00f3w.<\/p>\n\n\n\n<p><strong>Henri Michaux<\/strong><br>Jakub Kornhauser, Wac\u0142aw Rapak (t\u0142umaczenie, pos\u0142owie, wyb\u00f3r)<br>Meskalina i muzyka.<br>Biuro Literackie. Ko\u0142obrzeg.<\/p>\n\n\n\n<p><strong>Wioletta A. Piegzik<\/strong><br>Od intuicji j\u0119zykowej do zachowa\u0144 intuicyjnych w j\u0119zyku: na przyk\u0142adzie j\u0119zyka francuskiego jako obcego.<br>Wydawnictwo Naukowe PWN, Warszawa<\/p>\n\n\n\n<p><strong>Jaroszewska, A.,Kucharczyk, R., Smuk, M., Szymankiewicz, K., (red.).<\/strong><br>Rozmowy o glottodydaktyce. Studia ofiarowane profesor Jolancie Sujeckiej-Zaj\u0105c. Wydawnictwa Uniwersytetu Warszawskiego, Warszawa.<\/p>\n\n\n\n<p><strong>Justyna \u0141ukaszewicz<\/strong><br>W\u0142osko-polskie pogranicze literackie za panowania Stanis\u0142awa Augusta. Universitas: Krak\u00f3w 2021.<\/p>\n\n\n\n<p><strong>Aline Viviand<\/strong><br>Polonais, Allemands, Fran\u00e7ais et Europ\u00e9ens. Une \u00e9tude ethnolinguistique. L&rsquo;Harmattan&nbsp;: Pary\u017c 2021.<\/p>\n\n\n\n<p><strong>Edyta Kociubi\u0144ska (dir.)<\/strong><br>Romanciers fin-de-si\u00e8cle.<br>Brill, coll. Faux Titre 446, Leiden-Boston.<\/p>\n\n\n\n<p><strong>Edyta Kociubi\u0144ska, Judyta Niedokos (dir.)<\/strong><br>Utopie : entre non-lieu et contr\u00e9e id\u00e9ale, Qu\u00eates litt\u00e9raires, n\u00b011.<br>Wydawnictwo Werset, Lublin.<\/p>\n\n\n\n<p><strong>Gis\u00e8le S\u00e9ginger, Barbara Aleksandra \u0141uczak, Miros\u0142aw Loba (dir.) <\/strong><br>\u017bycie i nauki o \u017cyciu w literaturze francuskiej i polskiej XIX wieku. Studia.<br>Wydawnictwo Uniwersytetu im. Adama Mickiewicza, Pozna\u0144.<\/p>\n","protected":false},"excerpt":{"rendered":"<p>Laure L\u00e9v\u00eaque, Anita Staro\u0144 (dir.) Pour une histologie de la criseEdizioni Effigi, Arcidosso.&nbsp;&nbsp; Magdalena Ko\u017aluk&nbsp;Pierre Jacquelot, L\u2019Art de vivre longuement<\/p>\n","protected":false},"author":1,"featured_media":0,"parent":33,"menu_order":0,"comment_status":"closed","ping_status":"closed","template":"","meta":{"footnotes":""},"class_list":["post-371","page","type-page","status-publish","hentry","comments-off"],"_links":{"self":[{"href":"https:\/\/plejada.romanisci.edu.pl\/fr\/wp-json\/wp\/v2\/pages\/371","targetHints":{"allow":["GET"]}}],"collection":[{"href":"https:\/\/plejada.romanisci.edu.pl\/fr\/wp-json\/wp\/v2\/pages"}],"about":[{"href":"https:\/\/plejada.romanisci.edu.pl\/fr\/wp-json\/wp\/v2\/types\/page"}],"author":[{"embeddable":true,"href":"https:\/\/plejada.romanisci.edu.pl\/fr\/wp-json\/wp\/v2\/users\/1"}],"replies":[{"embeddable":true,"href":"https:\/\/plejada.romanisci.edu.pl\/fr\/wp-json\/wp\/v2\/comments?post=371"}],"version-history":[{"count":3,"href":"https:\/\/plejada.romanisci.edu.pl\/fr\/wp-json\/wp\/v2\/pages\/371\/revisions"}],"predecessor-version":[{"id":604,"href":"https:\/\/plejada.romanisci.edu.pl\/fr\/wp-json\/wp\/v2\/pages\/371\/revisions\/604"}],"up":[{"embeddable":true,"href":"https:\/\/plejada.romanisci.edu.pl\/fr\/wp-json\/wp\/v2\/pages\/33"}],"wp:attachment":[{"href":"https:\/\/plejada.romanisci.edu.pl\/fr\/wp-json\/wp\/v2\/media?parent=371"}],"curies":[{"name":"wp","href":"https:\/\/api.w.org\/{rel}","templated":true}]}}