{"id":47,"date":"2021-04-07T15:58:17","date_gmt":"2021-04-07T13:58:17","guid":{"rendered":"http:\/\/plejada.romanisci.edu.pl\/nowa_strona2\/?page_id=47"},"modified":"2021-12-19T23:52:05","modified_gmt":"2021-12-19T22:52:05","slug":"2015-2","status":"publish","type":"page","link":"https:\/\/plejada.romanisci.edu.pl\/fr\/publications\/2015-2\/","title":{"rendered":"2015"},"content":{"rendered":"\n<p>Imi\u0119 i nazwisko : <strong>Krzysztof Jarosz ( r\u00e9d.)<\/strong><br><em>Romanica Silesiana, no 10, \u00ab Insularia \u00bb,<\/em><br>Presses de l\u2019Universit\u00e9 de Sil\u00e9sie, Katowice 2015<\/p>\n\n\n\n<p>Imi\u0119 i nazwisko: <strong>El\u017cbieta Skibi\u0144ska, Regina Solov\u00e1, Kaja Gostkowska (r\u00e9d.)<\/strong><br><em>Vingt-cinq ans apr\u00e8s&#8230; Traduire dans une Europe en reconfiguration<\/em><br>Orizons, Paris.<\/p>\n\n\n\n<p>Imi\u0119 i nazwisko: <strong>Kaja Gostkowska (r\u00e9d.)<\/strong><br><em>J\u0119zyk &#8211; kultura &#8211; technologia. Rozw\u00f3j polskiej i francuskiej technologii biomedycznej,<\/em><br>Oficyna Naukowa, Warszawa.<\/p>\n\n\n\n<p>Imi\u0119 i nazwisko: <strong>El\u017cbieta Skibi\u0144ska, Magda Heydel, Natalia Paprocka (r\u00e9d.)<\/strong><br><em>La voix du traducteur \u00e0 l&rsquo;\u00e9cole = The Translator&rsquo;s Voice at School, tom 1: Canons, tom 2: Praxis<\/em><br>\u00c9ditions qu\u00e9b\u00e9coises de l&rsquo;\u0153uvre, Montr\u00e9al.<\/p>\n\n\n\n<p>Imi\u0119 i nazwisko : <strong>Modrzejewska Krystyna<\/strong><br><em>L&rsquo;enfer et le paradis terrestres dans la litt\u00e9rature fran\u00e7aise du XXe si\u00e8cle, 2015,<\/em><br>L&rsquo;Harmattan, France<\/p>\n\n\n\n<p>Imi\u0119 i nazwisko: <strong>\u0141ukasz Szkopi\u0144ski<\/strong><br><em>L\u2019\u0153uvre romanesque de Fran\u00e7ois Guillaume Ducray-Duminil<\/em><br>\u00c9ditions Classiques Garnier, Paris 2015.<\/p>\n\n\n\n<p>Imi\u0119 i nazwisko: <strong>Anita Staro\u0144<\/strong><br><em>Au carrefour des esth\u00e9tiques. Rachilde et son \u00e9criture romanesque. 1880-1913<\/em><br>Wydawnictwo Uniwersytetu \u0141\u00f3dzkiego, \u0141\u00f3d\u017a 2015.<\/p>\n\n\n\n<p>Imi\u0119 i nazwisko: <strong>Renata Jakubczuk<\/strong><br><em>T\u00e9o Spychalski: D\u00e9passement sc\u00e9nique du litt\u00e9raire<\/em><br>Peter Lang, Frankfurt am Main 2015.<\/p>\n\n\n\n<p>Imi\u0119 i nazwisko: <strong>Joanna G\u00f3recka et Bernadeta Wojciechowska<\/strong><br><em>Studia Romanica Posnaniensia, Tom 42 Nr 4 (2015): Verbalisation de l\u2019\u00e9motion dans le discours m\u00e9diatique<\/em><\/p>\n\n\n\n<p>Imi\u0119 i nazwisko: <strong>Anna Loba, Wieslaw Malinowski<\/strong><br><em>Studia Romanica Posnaniensia, Tom 42 Nr 3 (2015): Litt\u00e9rature \u2013 Savoir \u2013 Religion<\/em><\/p>\n\n\n\n<p>Imi\u0119 i nazwisko: <strong>Gra\u017cyna Vetulani<\/strong><br><em>Studia Romanica Posnaniensia, Tom 42 Nr 1 (2015): La description m\u00e9thodique de faits linguistiques. (R\u00e9)solutions s\u00e9mantiques<\/em><\/p>\n\n\n\n<p>Imi\u0119 i nazwisko: <strong>Agnieszka Kaliska, Paulina Michalska-G\u00f3recka<\/strong><br><em>Kwartalnik J\u0119zykoznawczy, 2015\/1-2 (21-22)<\/em><\/p>\n\n\n\n<p>Imi\u0119 i nazwisko: <strong>Ewa P\u00f3\u0142torak<\/strong><br><em>Impact des nouvelles technologies sur les pratiques \u00e9valuatives en langues vivantes<\/em><br>Wyd. U\u015a, Katowice.<\/p>\n\n\n\n<p>Imi\u0119 i nazwisko: <strong>Anna Ledwina (r\u00e9d.)<\/strong><br><em>La transgression dans la litt\u00e9rature fran\u00e7aise et francophone, Lit\u00e9raport n\u00b0 2<\/em><br>Wydawnictwo Uniwersytetu Opolskiego, Opole 2015.<\/p>\n\n\n\n<p>Imi\u0119 i nazwisko: <strong>Ewa M. Wierzbowska (r\u00e9d.)<\/strong><br><em>Cahiers ERTA 2015\/7, 2015\/8<\/em><\/p>\n\n\n\n<p>Autor, tytu\u0142: <strong>El\u017cbieta SKIBI\u0143SKA, Regina SOLOV\u00c1 et Kaja GOSTKOWSKA (r\u00e9d.)<\/strong>: <em>Vingt-cinq ans apr\u00e8s&#8230; Traduire dans une Europe en reconfiguration.<\/em><br>Orizons, Paris.<\/p>\n\n\n\n<p>Autor, tytu\u0142: <strong>Kaja GOSTKOWSKA (r\u00e9d.)<\/strong>: <em>J\u0119zyk &#8211; kultura &#8211; technologia. Rozw\u00f3j polskiej i francuskiej technologii biomedycznej.<\/em><br>Oficyna Naukowa, Warszawa.<\/p>\n\n\n\n<p>Autor, tytu\u0142: <strong>El\u017cbieta SKIBINSKA, Magda HEYDEL, Natalia PAPROCKA (r\u00e9d.)<\/strong>: <em>La voix du traducteur a l&rsquo;\u00e9cole = The Translator&rsquo;s Voice at School, tom 1: Canons, tom 2: Praxis.<\/em><br>\u00c9ditions qu\u00e9b\u00e9coises de l&rsquo;oeuvre, Montr\u00e9al.<\/p>\n\n\n\n<p>Imi\u0119 i nazwisko: <strong>Edyta Kociubi\u0144ska<\/strong><br>L\u2019insoutenable pesanteur de l\u2019\u00eatre. Le dandysme en France au XIX<sup>e<\/sup> si\u00e8cle et son rayonnement en Europe<br>Wydawnictwo KUL, Lublin<\/p>\n\n\n\n<p>Imi\u0119 i nazwisko: <strong>Paulina Mazurkiewicz<\/strong><br><em>Terminologie fran\u00e7aise et polonaise relative \u00e0 la famille<br>Peter Lang Editions, Frankfurt am Main<\/em><\/p>\n\n\n\n<p><strong>Imi\u0119 i nazwisko : <\/strong><strong>Katarzyna Wo\u0142owska, Witold Wo\u0142owski<\/strong><br><em>Organisation du discours de recherche<\/em><strong>, seria \u00ab\u00a0Neseserek Romanisty\u00a0\u00bb, <\/strong>n\u00b03<strong>.<br>Wydawnictwo KUL, Lublin<\/strong><\/p>\n\n\n\n<p><em>Imi\u0119 i nazwisko: <strong>Magdalena Sowa (red.)<\/strong><br>Enseignement \/ apprentissage du fran\u00e7ais face aux d\u00e9fis de demain<br>Wydawnictwo Werset, Lublin<\/em><\/p>\n\n\n\n<p>Imi\u0119 i nazwisko: <strong>Magdalena Sowa, Maria Mocarz-Kleindienst, Urszula Czy\u017cewska (red.)<\/strong><br><em>Nauczanie j\u0119zyk\u00f3w obcych na potrzeby rynku pracy<\/em><br>Wydawnictwo KUL, Lublin<\/p>\n\n\n\n<p>Imi\u0119 i nazwisko: <strong>Edyta Kociubi\u0144ska, Judyta Niedokos (red.)<\/strong><br>De l\u2019image \u00e0 l\u2019imaginaire, <em>Qu\u00eates litt\u00e9raires<\/em>, n\u00b05.<br>Wydawnictwo Werset, Lublin<\/p>\n\n\n\n<p>Imi\u0119 i nazwisko: <strong>Katarzyna Kwiek (red.)<\/strong><br><em>Teoretyczne i praktyczne aspekty nauczania j\u0119zyk\u00f3w obcych, <\/em>Seria <em>12\/15<\/em>, n\u00b07.<br>Wydawnictwo Werset, Lublin<\/p>\n\n\n\n<p>Imi\u0119 i nazwisko : <strong>Beata K\u0119dzia-Klebeko, Sylwia Kali\u0144ska-\u0141uszczy\u0144ska (red.)<\/strong><br>Contextes m\u00e9diatiques et mat\u00e9riaux didactiques dans l\u2019enseignement des langues \u00e9trang\u00e8res<br>Wydawnictwo Naukowe Uniwersytetu Szczeci\u0144skiego, Szczecin 2015.<\/p>\n\n\n\n<p>Imi\u0119 i nazwisko : <strong>Katarzyna Gabrysiak<\/strong><br>Analyse lexicale des verbes fran\u00e7ais exprimant la cause,<br>Peter Lang, Frankfurt am Main, Berlin, Bern, Bruxelles, New York, Oxford, Wien, 2015.<\/p>\n\n\n\n<p>Imi\u0119 i nazwisko : <strong>Teresa Muryn, Salah Mejri (red.)<\/strong><br>Linguistique du discours : de l\u2019intra- \u00e0 l\u2019interphrastique,<br>Peter Lang, 2015<\/p>\n\n\n\n<p>Imi\u0119 i nazwisko: <strong>Katarzyna Gabrysiak<\/strong><br>Analyse lexicale des verbes fran\u00e7ais exprimant la cause<br>Peter Lang, 2015.<\/p>\n","protected":false},"excerpt":{"rendered":"<p>Imi\u0119 i nazwisko : Krzysztof Jarosz ( r\u00e9d.)Romanica Silesiana, no 10, \u00ab Insularia \u00bb,Presses de l\u2019Universit\u00e9 de Sil\u00e9sie, Katowice 2015<\/p>\n","protected":false},"author":1,"featured_media":0,"parent":33,"menu_order":0,"comment_status":"closed","ping_status":"closed","template":"","meta":{"footnotes":""},"class_list":["post-47","page","type-page","status-publish","hentry","comments-off"],"_links":{"self":[{"href":"https:\/\/plejada.romanisci.edu.pl\/fr\/wp-json\/wp\/v2\/pages\/47","targetHints":{"allow":["GET"]}}],"collection":[{"href":"https:\/\/plejada.romanisci.edu.pl\/fr\/wp-json\/wp\/v2\/pages"}],"about":[{"href":"https:\/\/plejada.romanisci.edu.pl\/fr\/wp-json\/wp\/v2\/types\/page"}],"author":[{"embeddable":true,"href":"https:\/\/plejada.romanisci.edu.pl\/fr\/wp-json\/wp\/v2\/users\/1"}],"replies":[{"embeddable":true,"href":"https:\/\/plejada.romanisci.edu.pl\/fr\/wp-json\/wp\/v2\/comments?post=47"}],"version-history":[{"count":2,"href":"https:\/\/plejada.romanisci.edu.pl\/fr\/wp-json\/wp\/v2\/pages\/47\/revisions"}],"predecessor-version":[{"id":344,"href":"https:\/\/plejada.romanisci.edu.pl\/fr\/wp-json\/wp\/v2\/pages\/47\/revisions\/344"}],"up":[{"embeddable":true,"href":"https:\/\/plejada.romanisci.edu.pl\/fr\/wp-json\/wp\/v2\/pages\/33"}],"wp:attachment":[{"href":"https:\/\/plejada.romanisci.edu.pl\/fr\/wp-json\/wp\/v2\/media?parent=47"}],"curies":[{"name":"wp","href":"https:\/\/api.w.org\/{rel}","templated":true}]}}