{"id":51,"date":"2021-04-07T16:06:46","date_gmt":"2021-04-07T14:06:46","guid":{"rendered":"http:\/\/plejada.romanisci.edu.pl\/nowa_strona2\/?page_id=51"},"modified":"2025-01-28T16:13:57","modified_gmt":"2025-01-28T15:13:57","slug":"2013-2","status":"publish","type":"page","link":"https:\/\/plejada.romanisci.edu.pl\/fr\/publications\/2013-2\/","title":{"rendered":"2013"},"content":{"rendered":"\n<p><strong>Urszula Paprocka-Piotrowska<\/strong><br>Construction du r\u00e9cit dans la communication en langue \u00e9trang\u00e8re<br>Wydawnictwo Werset, Lublin<br><br><strong>Dorota \u015aliwa<\/strong><br>Formation des noms et des termes compos\u00e9s fran\u00e7ais et polonais : de la cognition \u00e0 la traduction<br>Towarzystwo Naukowe KUL, Lublin<br><br><strong>Janusz Bie\u0144<\/strong><br>El estilo nominal en espa\u00f1ol y en polaco<br>Wydawnictwo Polihymnia, Lublin<br><br><strong>Edyta Kociubi\u0144ska, Judyta Niedokos (red.)<\/strong><br>Entre le sacr\u00e9 et le profane, Qu\u00eates litt\u00e9raires, n\u00b03.<br>Wydawnictwo Werset, Lublin<br><br><strong>Aleksandra Kocjan (red.)<\/strong><br>R\u00f3\u017cnice kulturowe a nauczanie j\u0119zyka obcego, czyli dlaczego z\u0142ota rybka czasem jest czerwona, Seria 12\/15, n\u00b05. Wydawnictwo Werset, Lublin<\/p>\n\n\n\n<p><strong>Anna Ledwina<\/strong><br>Les Repr\u00e9sentations de la transgression dans l\u2019\u0153uvre de Marguerite Duras sur l\u2019exemple des romans \u201eUn Barrage contre le Pacifique\u201d, \u201eModerato cantabile\u201d et \u201eL\u2019Amant\u201d<br>Wydawnictwo Uniwersytetu Opolskiego, Opole<br><br><strong>Anna Ledwina, Krystyna Modrzejewska (red.)<\/strong><br>Dystynkcje kulturowe w przek\u0142adzie z j\u0119zyka francuskiego na j\u0119zyk polski<br>Wydawnictwo Uniwersytetu Opolskiego, Opole<br><br><strong>Fabrice Marsac, Jean-Christophe Pellat (dir.)<\/strong><br>Le Participe pass\u00e9 entre accords et d\u00e9saccords. Strasbourg<br>Presses Universitaires de Strasbourg, Strasbourg<\/p>\n\n\n\n<p><strong>Monika Su\u0142kowska<\/strong><br>De la phras\u00e9ologie \u00e0 la phras\u00e9odidactique. \u00c9tudes th\u00e9oriques et pratiques.<br>2013, Katowice, Wydawnictwo U\u015a.<\/p>\n\n\n\n<p>Imi\u0119 i nazwisko: <strong>El\u017cbieta Gajewska<\/strong><br>Courriel versus courrier: la communication \u00e9crite en fran\u00e7ais de la communication professionnelle au temps des nouvelles technologies.<br>Werset, Lublin 2013.<\/p>\n\n\n\n<p><strong>Teresa Muryn, Salah Mejri, Ines Sfar, Wojciech Pra\u017cuch (red.)<\/strong><br>La phras\u00e9ologie entre (\u00e0 la crois\u00e9e des) langues et (des) cultures : structures, fonctionnements, discours<br>Peter Lang, 2013<\/p>\n\n\n\n<p><strong>Sylwia Kali\u0144ska<\/strong><br>Czynniki psychologiczne a podejmowanie interakcji w grupie i rozw\u00f3j osobistej kompetencji komunikacyjnej. Cz. 2, Sprawozdanie z bada\u0144 w\u0142asnych<br>Wydawnictwo Naukowe Uniwersytetu Szczeci\u0144skiego, Szczecin 2013.<\/p>\n\n\n\n<p><strong>Teresa Jaroszewska (Red.)<\/strong> Les \u00c9tudes fran\u00e7aises dans les pays de Visegr\u00e1d. Histoire, pr\u00e9sent et avenir. Oficyna Wydawnicza Leksem, \u0141ask, 2013<\/p>\n","protected":false},"excerpt":{"rendered":"<p>Urszula Paprocka-PiotrowskaConstruction du r\u00e9cit dans la communication en langue \u00e9trang\u00e8reWydawnictwo Werset, Lublin Dorota \u015aliwaFormation des noms et des termes compos\u00e9s<\/p>\n","protected":false},"author":1,"featured_media":0,"parent":33,"menu_order":0,"comment_status":"closed","ping_status":"closed","template":"","meta":{"footnotes":""},"class_list":["post-51","page","type-page","status-publish","hentry","comments-off"],"_links":{"self":[{"href":"https:\/\/plejada.romanisci.edu.pl\/fr\/wp-json\/wp\/v2\/pages\/51","targetHints":{"allow":["GET"]}}],"collection":[{"href":"https:\/\/plejada.romanisci.edu.pl\/fr\/wp-json\/wp\/v2\/pages"}],"about":[{"href":"https:\/\/plejada.romanisci.edu.pl\/fr\/wp-json\/wp\/v2\/types\/page"}],"author":[{"embeddable":true,"href":"https:\/\/plejada.romanisci.edu.pl\/fr\/wp-json\/wp\/v2\/users\/1"}],"replies":[{"embeddable":true,"href":"https:\/\/plejada.romanisci.edu.pl\/fr\/wp-json\/wp\/v2\/comments?post=51"}],"version-history":[{"count":3,"href":"https:\/\/plejada.romanisci.edu.pl\/fr\/wp-json\/wp\/v2\/pages\/51\/revisions"}],"predecessor-version":[{"id":606,"href":"https:\/\/plejada.romanisci.edu.pl\/fr\/wp-json\/wp\/v2\/pages\/51\/revisions\/606"}],"up":[{"embeddable":true,"href":"https:\/\/plejada.romanisci.edu.pl\/fr\/wp-json\/wp\/v2\/pages\/33"}],"wp:attachment":[{"href":"https:\/\/plejada.romanisci.edu.pl\/fr\/wp-json\/wp\/v2\/media?parent=51"}],"curies":[{"name":"wp","href":"https:\/\/api.w.org\/{rel}","templated":true}]}}