{"id":530,"date":"2025-01-27T16:01:23","date_gmt":"2025-01-27T15:01:23","guid":{"rendered":"https:\/\/plejada.romanisci.edu.pl\/fr\/?page_id=530"},"modified":"2025-01-27T16:01:24","modified_gmt":"2025-01-27T15:01:24","slug":"inscription","status":"publish","type":"page","link":"https:\/\/plejada.romanisci.edu.pl\/fr\/inscription\/","title":{"rendered":"Inscription"},"content":{"rendered":"\n<p>Les inscriptions se font exclusivement en ligne au moyen du formulaire disponible \u00e0 l\u2019adresse suivante : https:\/\/congresplejada2024.uken.krakow.pl\/#testimonial<\/p>\n\n\n\n<p><strong>Les propositions<\/strong> (300 mots maximum + r\u00e9f\u00e9rences bibliographiques) sont \u00e0 soumettre au plus tard le 30 avril 2024.<\/p>\n\n\n\n<p><strong>Les notifications<\/strong> concernant les d\u00e9cisions relatives aux propositions seront envoy\u00e9es fin mai 2024.<\/p>\n\n\n\n<p><strong>Le programme d\u00e9finitif <\/strong>sera communiqu\u00e9 en octobre 2024.<\/p>\n\n\n\n<p><strong>Frais d\u2019inscription<\/strong> : 600 zlotys<\/p>\n\n\n\n<p><strong>Les renseignements<\/strong> concernant l\u2019\u00e9v\u00e9nement seront publi\u00e9s sur la page web du congr\u00e8s :<br>https:\/\/congresplejada2024.uken.krakow.pl\/<\/p>\n","protected":false},"excerpt":{"rendered":"<p>Les inscriptions se font exclusivement en ligne au moyen du formulaire disponible \u00e0 l\u2019adresse suivante : https:\/\/congresplejada2024.uken.krakow.pl\/#testimonial Les propositions (300<\/p>\n","protected":false},"author":6,"featured_media":0,"parent":0,"menu_order":0,"comment_status":"closed","ping_status":"closed","template":"","meta":{"footnotes":""},"class_list":["post-530","page","type-page","status-publish","hentry","comments-off"],"_links":{"self":[{"href":"https:\/\/plejada.romanisci.edu.pl\/fr\/wp-json\/wp\/v2\/pages\/530","targetHints":{"allow":["GET"]}}],"collection":[{"href":"https:\/\/plejada.romanisci.edu.pl\/fr\/wp-json\/wp\/v2\/pages"}],"about":[{"href":"https:\/\/plejada.romanisci.edu.pl\/fr\/wp-json\/wp\/v2\/types\/page"}],"author":[{"embeddable":true,"href":"https:\/\/plejada.romanisci.edu.pl\/fr\/wp-json\/wp\/v2\/users\/6"}],"replies":[{"embeddable":true,"href":"https:\/\/plejada.romanisci.edu.pl\/fr\/wp-json\/wp\/v2\/comments?post=530"}],"version-history":[{"count":1,"href":"https:\/\/plejada.romanisci.edu.pl\/fr\/wp-json\/wp\/v2\/pages\/530\/revisions"}],"predecessor-version":[{"id":531,"href":"https:\/\/plejada.romanisci.edu.pl\/fr\/wp-json\/wp\/v2\/pages\/530\/revisions\/531"}],"wp:attachment":[{"href":"https:\/\/plejada.romanisci.edu.pl\/fr\/wp-json\/wp\/v2\/media?parent=530"}],"curies":[{"name":"wp","href":"https:\/\/api.w.org\/{rel}","templated":true}]}}