{"id":546,"date":"2025-01-27T16:12:44","date_gmt":"2025-01-27T15:12:44","guid":{"rendered":"https:\/\/plejada.romanisci.edu.pl\/fr\/?page_id=546"},"modified":"2025-01-27T16:13:13","modified_gmt":"2025-01-27T15:13:13","slug":"patronage-et-sponsors","status":"publish","type":"page","link":"https:\/\/plejada.romanisci.edu.pl\/fr\/patronage-et-sponsors\/","title":{"rendered":"Patronages et sponsors"},"content":{"rendered":"\n<p><strong>Association acad\u00e9mique des romanistes polonais \u201ePlejada\u00a0\u00bb remercie Institut Fran\u00e7ais de Pologne et l\u2019Ambassade de France en Pologne pour le patronage et le soutien financier apport\u00e9s \u00e0 l\u2019organisation du colloque d\u2019anniversaire <em>Le fran\u00e7ais en Pologne\u00a0: textes, contextes, pr\u00e9textes<\/em>, \u00e0 Pozna\u0144, les 2-3 d\u00e9cembre 2022<\/strong><\/p>\n\n\n\n<figure class=\"wp-block-image size-full\"><img loading=\"lazy\" decoding=\"async\" width=\"945\" height=\"544\" src=\"https:\/\/plejada.romanisci.edu.pl\/fr\/wp-content\/uploads\/institutfrancais-1.jpg\" alt=\"\" class=\"wp-image-547\" srcset=\"https:\/\/plejada.romanisci.edu.pl\/fr\/wp-content\/uploads\/institutfrancais-1.jpg 945w, https:\/\/plejada.romanisci.edu.pl\/fr\/wp-content\/uploads\/institutfrancais-1-300x173.jpg 300w, https:\/\/plejada.romanisci.edu.pl\/fr\/wp-content\/uploads\/institutfrancais-1-768x442.jpg 768w\" sizes=\"auto, (max-width: 945px) 100vw, 945px\" \/><\/figure>\n","protected":false},"excerpt":{"rendered":"<p>Association acad\u00e9mique des romanistes polonais \u201ePlejada\u00a0\u00bb remercie Institut Fran\u00e7ais de Pologne et l\u2019Ambassade de France en Pologne pour le patronage<\/p>\n","protected":false},"author":6,"featured_media":0,"parent":0,"menu_order":0,"comment_status":"closed","ping_status":"closed","template":"","meta":{"footnotes":""},"class_list":["post-546","page","type-page","status-publish","hentry","comments-off"],"_links":{"self":[{"href":"https:\/\/plejada.romanisci.edu.pl\/fr\/wp-json\/wp\/v2\/pages\/546","targetHints":{"allow":["GET"]}}],"collection":[{"href":"https:\/\/plejada.romanisci.edu.pl\/fr\/wp-json\/wp\/v2\/pages"}],"about":[{"href":"https:\/\/plejada.romanisci.edu.pl\/fr\/wp-json\/wp\/v2\/types\/page"}],"author":[{"embeddable":true,"href":"https:\/\/plejada.romanisci.edu.pl\/fr\/wp-json\/wp\/v2\/users\/6"}],"replies":[{"embeddable":true,"href":"https:\/\/plejada.romanisci.edu.pl\/fr\/wp-json\/wp\/v2\/comments?post=546"}],"version-history":[{"count":2,"href":"https:\/\/plejada.romanisci.edu.pl\/fr\/wp-json\/wp\/v2\/pages\/546\/revisions"}],"predecessor-version":[{"id":549,"href":"https:\/\/plejada.romanisci.edu.pl\/fr\/wp-json\/wp\/v2\/pages\/546\/revisions\/549"}],"wp:attachment":[{"href":"https:\/\/plejada.romanisci.edu.pl\/fr\/wp-json\/wp\/v2\/media?parent=546"}],"curies":[{"name":"wp","href":"https:\/\/api.w.org\/{rel}","templated":true}]}}