{"id":55,"date":"2021-04-14T07:30:56","date_gmt":"2021-04-14T05:30:56","guid":{"rendered":"http:\/\/plejada.romanisci.edu.pl\/nowa_strona2\/?page_id=55"},"modified":"2025-01-28T16:19:37","modified_gmt":"2025-01-28T15:19:37","slug":"2011-2","status":"publish","type":"page","link":"https:\/\/plejada.romanisci.edu.pl\/fr\/publications\/2011-2\/","title":{"rendered":"2011"},"content":{"rendered":"\n<p><strong>Magdalena Lipi\u0144ska (red.)<\/strong><br>L\u2019\u00e9tat des recherches et les tendances du d\u00e9veloppement de la par\u00e9miologie et de la phras\u00e9ologie romanes<br>Oficyna Wydawnicza LEKSEM, \u0141ask<\/p>\n\n\n\n<p><strong>Tomasz Swoboda, Ewa Wierzbowska, Olga Wro\u0144ska (red.)<\/strong><br>Autour des \u201elivres que l\u2019on n\u2019a pas lus\u201d<br>FRUG, Sopot<\/p>\n\n\n\n<p><strong>Beata Brzozowska-Zburzy\u0144ska, Ma\u0142gorzata Posturzy\u0144ska-Bosko<\/strong><br>Expression indexicale<br>Wydawnictwo UMCS, Lublin<br><br><strong>Alicja Koziej i Jolanta Rachwalska von Rejchwald (red.)<\/strong><br>La Rencontre. \u00c9tudes sur l\u2019\u0153uvre de Pascal Quignard<br>Wydawnictwo UMCS, Lublin<br><br><strong>Anna Krzy\u017canowska, Renata Jakubczuk (red.)<\/strong><br>Parler des \u00e9motions : entre langue et litt\u00e9rature<br>Wydawnictwo UMCS, Lublin<br><br><strong>Anna Krzy\u017canowska<\/strong><br>Aspects lexicaux et s\u00e9mantiques de la description des noms d\u2019affect en fran\u00e7ais et en polonais<br>Wydawnictwo UMCS, Lublin<\/p>\n\n\n\n<p><strong>Regina Bochenek-Franczakowa<\/strong><br>Raconter la R\u00e9volution<br>Peeters, Louvain<\/p>\n\n\n\n<p><strong>Pawe\u0142 Matyaszewski<\/strong><br>Podr\u00f3\u017c Monteskiusza. Biografia przestrzenna<br>Wydawnictwo KUL, Lublin<br><br><strong>Sebastian Piotrowski<\/strong><br>Apprentissage d\u2019une langue et communication. N\u00e9gociations et strat\u00e9gies en classe de langue \u00e9trang\u00e8re<br>Towarzystwo Naukowe KUL, Lublin<br><br><strong>Magdalena Sowa<\/strong><br>D\u2019une activit\u00e9 p\u00e9dagogique \u00e0 l\u2019activit\u00e9 professionnelle. Le cheminement vers la comp\u00e9tence<br>Towarzystwo Naukowe KUL, Lublin<br><br><strong>Katarzyna Wo\u0142owska<\/strong><br>Opozycje sensu w dyskursie<br>Wydawnictwo Werset, Lublin<br><br><strong>Maciej Abramowicz, Pawe\u0142 Matyaszewski (red.)<\/strong><br>Dawne literatury roma\u0144skie. \u017bywio\u0142y, temperamenty, charaktery.<br>Wydawnictwo KUL, Lublin<br><br><strong>Jolanta Knieja, Sebastian Piotrowski (red.)<\/strong><br>Nauczanie j\u0119zyka obcego a specyficzne potrzeby ucz\u0105cych si\u0119. O kompetencjach, motywowaniu i strategiach.<br>Towarzystwo Naukowe KUL, Katolicki Uniwersytet Lubelski<br><br><strong>Edyta Kociubi\u0144ska, Judyta Niedokos (red.)<\/strong><br>Ecrire l\u2019absence, Seria Qu\u00eates litt\u00e9raires, n\u00b01.<br>Wydawnictwo Werset, Lublin<br><br><strong>Magdalena Sowa (red.)<\/strong><br>L\u2019interculturel en pratique, Seria 12\/15, n\u00b01.<br>Wydawnictwo Werset, Lublin<br><br><strong>Sebastian Piotrowski (red.)<\/strong><br>O nauczaniu i uczeniu si\u0119 j\u0119zyka obcego dla potrzeb zawodowych, Seria 12\/15, n\u00b02.<br>Wydawnictwo Werset, Lublin<\/p>\n\n\n\n<p><strong>El\u017cbieta Biardzka (Red.)<\/strong> \u00c9tudes fran\u00e7aises dans la soci\u00e9t\u00e9 du XXI si\u00e8cle. D\u00e9fis et perspectives. Oficyna Wydawnicza LEKSEM 2011<\/p>\n\n\n\n<p><strong>Piotr Sadkowski<\/strong><br>R\u00e9cits odyss\u00e9ens. Le th\u00e8me du retour d&rsquo;exil dans l&rsquo;\u00e9criture migrante au Qu\u00e9bec et en France<br>Wydawnictwo Naukowe UMK, Toru\u0144<\/p>\n\n\n\n<p><strong>Krzysztof Trojanowski<\/strong><br>Marcel Carn\u00e9 &#8211; klasyk francuskiego kina<br>Wydawnictwo Naukowe UMK,\u00a0 Toru\u0144<\/p>\n\n\n\n<p><strong>Katarzyna Biernacka-Licznar, Justyna \u0141ukaszewicz (red.)<\/strong><br>Nauczanie j\u0119zyka w\u0142oskiego na polskich uczelniach: do\u015bwiadczenia i perspektywy rozwoju (Italica Wratislaviensia II)<br>Wydawnictwo Adam Marsza\u0142ek, Toru\u0144<br><br><strong>Marlena Krupa<\/strong><br>Duch i litera. Liryczna ekspresja mistycznej drogi \u015bwi\u0119tego Jana od Krzy\u017ca w polskich przek\u0142adach<br>Wydawnictwo s\u0142owo \/ obraz terytoria, Gda\u0144sk<br><br><strong>Ewa Domaga\u0142a-Zy\u015bk, Katarzyna Karpi\u0144ska-Szaj,<\/strong><br>Ucze\u0144 z wad\u0105 s\u0142uchu w szkole og\u00f3lnodost\u0119pnej. Podstawy metodyki nauczania j\u0119zyk\u00f3w obcych<br>Oficyna Wydawnicza \u201eImpuls\u201d, Krak\u00f3w.<br><br><strong>El\u017cbieta Gajewska (wsp\u00f3\u0142autorzy: D. Ruszkiewicz, M. Stypi\u0144ska)<\/strong><br>Techniki nauczania j\u0119zyka obcego<br>Pa\u0144stwowa Wy\u017csza Szko\u0142a Zawodowa, Tarn\u00f3w<br><br><strong>Agnieszka Hennel-Brzozowska (red.)<\/strong><br>Wychowanie do przyja\u017ani. Od idei do praxis<br>Oficyna Wydawniczo-Drukarska \u201eSecesja\u201d, Krak\u00f3w<br><br><strong>Krzysztof Jarosz<\/strong><br>Immanence et transtextualit\u00e9 dans l&rsquo;\u0153uvre romanesque de Robert Lalonde<br>Wydawnictwo Uniwersytetu \u015al\u0105skiego, Katowice<br><br><strong>Krystyna Modrzejewska (red.)<\/strong><br>La condition humaine dans la litt\u00e9rature fran\u00e7aise et francophone<br>Wydawnictwo Uniwersytetu Opolskiego, Opole<br><br><strong>Ma\u0142gorzata Pamu\u0142a, Francis Yaiche (red.)<\/strong><br>Synergies Pologne, Revue du GERFLINT, No sp\u00e9cial 2\/11, Passagers et messagers de Pologne et de France ou quand la travers\u00e9e des fronti\u00e8res permet de \u00ab penser ailleurs \u00bb<br>Wydawnictwo GERFLINT, Krak\u00f3w<\/p>\n\n\n\n<p><strong>Nelli Przybylska, Bart\u0142omiej Brzezi\u0144ski, Dorota Jewdokimow (red.)<\/strong><br>Kultura prawos\u0142awna<br>\u201eZeszyty Naukowe CBES\u201d, nr 7, Wydawnictwo Naukowe UAM, Pozna\u0144, 2011.<\/p>\n\n\n\n<p><strong>Sylwia Kali\u0144ska<\/strong><br>Czynniki psychologiczne a podejmowanie interakcji w grupie i rozw\u00f3j osobistej kompetencji komunikacyjnej. Cz. 1, Interakcja w grupie a dydaktyka j\u0119zyk\u00f3w obcych<br>Wydawnictwo Naukowe Uniwersytetu Szczeci\u0144skiego, Szczecin 2011.<\/p>\n\n\n\n<p><strong>Beata K\u0119dzia-Klebeko, Nelli Przybylska, Micha\u0142 Bajer, Pierre-Fr\u00e9d\u00e9ric Weber (red.)<\/strong><br>Ambigu\u00eft\u00e9 et ses contraintes<br>Wydawnictwo Naukowe US, Szczecin 2011.<\/p>\n","protected":false},"excerpt":{"rendered":"<p>Magdalena Lipi\u0144ska (red.)L\u2019\u00e9tat des recherches et les tendances du d\u00e9veloppement de la par\u00e9miologie et de la phras\u00e9ologie romanesOficyna Wydawnicza LEKSEM,<\/p>\n","protected":false},"author":1,"featured_media":0,"parent":33,"menu_order":0,"comment_status":"closed","ping_status":"closed","template":"","meta":{"footnotes":""},"class_list":["post-55","page","type-page","status-publish","hentry","comments-off"],"_links":{"self":[{"href":"https:\/\/plejada.romanisci.edu.pl\/fr\/wp-json\/wp\/v2\/pages\/55","targetHints":{"allow":["GET"]}}],"collection":[{"href":"https:\/\/plejada.romanisci.edu.pl\/fr\/wp-json\/wp\/v2\/pages"}],"about":[{"href":"https:\/\/plejada.romanisci.edu.pl\/fr\/wp-json\/wp\/v2\/types\/page"}],"author":[{"embeddable":true,"href":"https:\/\/plejada.romanisci.edu.pl\/fr\/wp-json\/wp\/v2\/users\/1"}],"replies":[{"embeddable":true,"href":"https:\/\/plejada.romanisci.edu.pl\/fr\/wp-json\/wp\/v2\/comments?post=55"}],"version-history":[{"count":3,"href":"https:\/\/plejada.romanisci.edu.pl\/fr\/wp-json\/wp\/v2\/pages\/55\/revisions"}],"predecessor-version":[{"id":609,"href":"https:\/\/plejada.romanisci.edu.pl\/fr\/wp-json\/wp\/v2\/pages\/55\/revisions\/609"}],"up":[{"embeddable":true,"href":"https:\/\/plejada.romanisci.edu.pl\/fr\/wp-json\/wp\/v2\/pages\/33"}],"wp:attachment":[{"href":"https:\/\/plejada.romanisci.edu.pl\/fr\/wp-json\/wp\/v2\/media?parent=55"}],"curies":[{"name":"wp","href":"https:\/\/api.w.org\/{rel}","templated":true}]}}