{"id":57,"date":"2021-04-14T07:31:37","date_gmt":"2021-04-14T05:31:37","guid":{"rendered":"http:\/\/plejada.romanisci.edu.pl\/nowa_strona2\/?page_id=57"},"modified":"2025-01-28T16:33:49","modified_gmt":"2025-01-28T15:33:49","slug":"2010-2","status":"publish","type":"page","link":"https:\/\/plejada.romanisci.edu.pl\/fr\/publications\/2010-2\/","title":{"rendered":"2010"},"content":{"rendered":"\n<p>Imi\u0119 i nazwisko: <strong>Tomasz Swoboda<\/strong><br>Historie oka. Bataille, Leiris, Artaud, Blanchot<br>s\u0142owo\/obraz terytoria, Gda\u0144sk<br><br>Imi\u0119 i nazwisko: <strong>Ewa Wierzbowska<\/strong><br>Groteskowy \u015bwiat Wiktora Hugo<br>Wydawnictwo Uniwersytetu Gda\u0144skiego<\/p>\n\n\n\n<p>Imi\u0119 i nazwisko: <strong>Anna Krzy\u017canowska<\/strong><br>Aspects lexicaux et s\u00e9mantiques de la description des noms d\u2019affect en fran\u00e7ais et en polonais<br>Wydawnictwo UMCS, Lublin<\/p>\n\n\n\n<p>Imi\u0119 i nazwisko: <strong>Halina Grzmil-Tylutki<\/strong><br>Francuska lingwistyczna teoria dyskursu. Historia, tendencje, perspektywy<br>Universitas, Krak\u00f3w<br><br>Imi\u0119 i nazwisko: <strong>Piotr Tylus<\/strong><br>Manuscrits fran\u00e7ais de la collection berlinoise disponibles \u00e0 la Biblioth\u00e8que Jagellonne de Cracovie (XVIe\u2013XIXe si\u00e8cles)<br>Wydzia\u0142 Filologiczny UJ, Krak\u00f3w<br><br>Imi\u0119 i nazwisko: <strong>Joanna G\u00f3rnikiewicz, Halina Grzmil-Tylutki, Iwona Piechnik (red.)<\/strong><br>En qu\u00eate de sens. \u00c9tudes d\u00e9di\u00e9es \u00e0 Marcela \u015awi\u0105tkowska. W poszukiwaniu znacze\u0144. Studia dedykowane Marceli \u015awi\u0105tkowskiej<br>Wydawnictwo UJ, Krak\u00f3w<br><br>Imi\u0119 i nazwisko: <strong>Halina Grzmil-Tylutki, Ewa Krakowska-Krzemi\u0144ska (red.)<\/strong><br>Enseigner le FLE aux d\u00e9butants \u00e0 la philologie romane. Nouveaux d\u00e9fis<br>Wydawnictwo UJ, Krak\u00f3w<\/p>\n\n\n\n<p>Imi\u0119 i nazwisko: <strong>Micha\u0142 Bajer (opr.)<\/strong><br>Trzy poetyki z czas\u00f3w Richelieu<br>Wydawnictwo: S\u0142owo\/Obraz Terytoria<br><br>Imi\u0119 i Nazwisko: <strong>Nelli Przybylska<\/strong><br>Asc\u00e8se de la parole. \u00c9criture personnelle de Simone Weil.<br>Editions universitaires europ\u00e9ennes.<br><br>Imi\u0119 i Nazwisko: <strong>Jerzy \u017bywczak<\/strong><br>Les probl\u00e8mes du roman africain de langue fran\u00e7aise sur fond de l\u2019\u00e9volution litt\u00e9raire d\u2019Ahmadou Kourouma.<br>Wydawnictwo Naukowe Uniwersytetu Szczeci\u0144skiego<\/p>\n\n\n\n<p>Imi\u0119 i nazwisko: <strong>Anna G\u0119sicka (red.)<\/strong><br>Kr\u00f3lestwo: \u015awiat warto\u015bci i antywarto\u015bci w dawnych literaturach roma\u0144skich, Litteraria Copernicana 2(6)2010<br>Wydawnictwo Naukowe UMK, Toru\u0144<\/p>\n\n\n\n<p>Imi\u0119 i nazwisko: <strong>Justyna Ziarkowska<\/strong><br>Ucieczka do g\u0142\u0119bi. O surrealizmie w literaturze hiszpa\u0144skiej przed 1936<br>Wydawnictwo Uniwersytetu Wroc\u0142awskiego, Wroc\u0142aw<br><br>Imi\u0119 i nazwisko: <strong>Justyna Weso\u0142a<\/strong><br>Hiszpa\u0144skie wykrzykniki w polskiej praktyce przek\u0142adowej<br>Oficyna Wydawnicza Leksem, \u0141ask<br><br>Imi\u0119 i nazwisko: <strong>Joanna Jakubowska-Cicho\u0144<\/strong><br>Mowa przytaczana w narracjach Marguerite Duras<br>Towarzystwo Autor\u00f3w i Wydawc\u00f3w Prac Naukowych Universitas, Krak\u00f3w<br><br>Imi\u0119 i nazwisko: <strong>Katarzyna Biernacka-Licznar, Justyna \u0141ukaszewicz (red.)<\/strong><br>Mi\u0119dzy egzotyk\u0105 a swojsko\u015bci\u0105. O t\u0142umaczeniu literatury w\u0142oskiej na j\u0119zyk polski i polskiej na w\u0142oski (Italica Wratislaviensia I)<br>Wydawnictwo Adam Marsza\u0142ek, Toru\u0144<br><br>Imi\u0119 i nazwisko: <strong>El\u017cbieta Skibi\u0144ska, Jacek Rzeszotnik (red.)<\/strong><br>Lem i t\u0142umacze<br>Ksi\u0119garnia Akademicka, Krak\u00f3w<br><br>Imi\u0119 i nazwisko: <strong>Davide Artico, Brunello Mantelli (red.)<\/strong><br>From Versailles to Munich. Twenty Years of Forgotten Wars<br>Dolno\u015bl\u0105skie Wydawnictwo Edukacyjne, Wroc\u0142aw<\/p>\n\n\n\n<p>Imi\u0119 i nazwisko: <strong>Monika Kulesza<\/strong><br>L\u2019amour de la morale, la morale de l\u2019amour. Les romans de Catherine Bernard.<br>Instytut Romanistyki, Uniwersytet Warszawski<\/p>\n\n\n\n<p>Imi\u0119 i nazwisko: <strong>Izabella Zatorska, Ma\u0142gorzata Kamecka<\/strong><br>Les Polonais en France 1696-1975: bio-bibliographie provisoire.<br>Oficyna Wydawnicza LEKSEM, \u0141ask<\/p>\n\n\n\n<p>Imi\u0119 i nazwisko: <strong>Dorota Szeliga, Ewa \u017b\u00f3\u0142kiewska (red.)<\/strong><br>Motywy samotno\u015bci i wsp\u00f3lnoty w dawnych literaturach roma\u0144skich (\u015aredniowiecze-O\u015bwiecenie).<br>Wydawnictwa Uniwersytetu Warszawskiego<\/p>\n\n\n\n<p>Imi\u0119 i nazwisko: <strong>Ewa Pilecka<\/strong><br>Verbes intensifieurs et leur fonctionnement en fran\u00e7ais contemporain.<br>Oficyna Wydawnicza LEKSEM, \u0141ask<\/p>\n\n\n\n<p>Imi\u0119 i nazwisko:<strong> Wies\u0142aw Bany\u015b (red.)<\/strong><br>NEOPHILOLOGICA. T. 22. \u00c9tudes s\u00e9mantico-syntaxiques des langues romanes. Hommage \u00e0 Stanis\u0142aw Karolak.<br>Wydawnictwo Uniwersytetu \u015al\u0105skiego, Katowice<br><br>Imi\u0119 i nazwisko:<strong> Alicja Hajok<\/strong><br>Etude s\u00e9mantico-syntaxique de la d\u00e9termination simple et complexe en fran\u00e7ais et en polonais. Approche contrastive<br>Universit\u00e9 Paris XIII<br><br>Imi\u0119 i nazwisko:<strong> Agnieszka Hennel-Brzozowska, Halina Grzmil-Tylutki (red.)<\/strong><br>Postmodernizm i fundamentalizm a prawda: od idei do praxis<br>Wydawnictwo: PAU \/ UJ, Krak\u00f3w<br><br>Imi\u0119 i nazwisko:<strong> Krzysztof Jarosz (red.)<\/strong><br>ROMANICA SILESIANA. No. 5 : Les jeux litt\u00e9raires<br>Wydawnictwo Uniwersytetu \u015al\u0105skiego, Katowice<br><br>Imi\u0119 i nazwisko:<strong> Aleksandra Komandera<\/strong><br>Conte insolite fran\u00e7ais au XXe si\u00e8cle<br>Wydawnictwo Uniwersytetu \u015al\u0105skiego, Katowice<br><br>Imi\u0119 i nazwisko:<strong> Krystyna Modrzejewska<\/strong><br>Kondycja cz\u0142owieka w literaturze francuskiej XX wieku<br>Wydawnictwo Uniwersytetu Opolskiego, Opole<br><br>Imi\u0119 i nazwisko: <strong>Nina Pluta-Podlesza\u0144ska (wsp\u00f3\u0142autor: E. \u0141ukaszyk)<\/strong><br>Historia literatur iberoameryka\u0144skich<br>Ossolineum, Wroc\u0142aw<\/p>\n\n\n\n<p>Imi\u0119 i nazwisko: <strong>Jacek Florczak<\/strong><br>J\u0119zykoznawcze&nbsp;&nbsp; aspekty&nbsp;&nbsp; modelu&nbsp;&nbsp; kszta\u0142towania&nbsp;&nbsp; kompetencji&nbsp;&nbsp; j\u0119zyka&nbsp;&nbsp; obcego<br>Wyd. Uniwersytetu \u0141\u00f3dzkiego, \u0141\u00f3d\u017a<br><br>Imi\u0119 i nazwisko : <strong>Mieczys\u0142aw Gajos<\/strong><br>Podsystemy j\u0119zyka w praktyce glottodydaktycznej \u2013 fonetyka<br>Wyd. Uniwersytetu \u0141\u00f3dzkiego, \u0141\u00f3d\u017a<br><br>Imi\u0119 i nazwisko : <strong>Teresa Jaroszewska (red.)<\/strong><br>Le fran\u00e7ais dans l\u2019enseignement scolaire et universitaire. \u00c9tat des lieux et nouvelles solutions<br>Oficyna Wydawnicza LEKSEM, \u0141ask<br><br>Imi\u0119 i nazwisko : <strong>Tomasz Kaczmarek<\/strong><br>Le&nbsp; personnage&nbsp; dans&nbsp; le&nbsp; drame&nbsp; fran\u00e7ais&nbsp; du&nbsp; XXe si\u00e8cle&nbsp; face&nbsp; \u00e0&nbsp; la&nbsp; tradition&nbsp; de l\u2019expressionnisme europ\u00e9en<br>Wyd. Uniwersytetu \u0141\u00f3dzkiego, \u0141\u00f3d\u017a<\/p>\n\n\n\n<p>Imi\u0119 i nazwisko: <strong>Weronika Wilczy\u0144ska, Anna Micho\u0144ska-Stadnik<\/strong><br>Metodologia bada\u0144 w glottodydaktyce. Wprowadzenie<br>Wydawnictwo Avalon<\/p>\n\n\n\n<p>Imi\u0119 i nazwisko: <strong>Teresa Tomaszkiewicz, Agnieszka Pantkowska<\/strong><br>Antologia wsp\u00f3\u0142czesnej prozy francuskoj\u0119zycznej Belgii<br>Oficyna Wydawnicza LEKSEM<\/p>\n\n\n\n<p>Imi\u0119 i nazwisko: <strong>Urszula Paprocka-Piotrowska &amp; Jolanta Zaj\u0105c (red.)<br><\/strong>L\u2019enseignement\/apprentissage du fran\u00e7ais langue \u00e9trang\u00e8re. R\u00e9fl\u00e9chir et agir.<br>Towarzystwo Naukowe KUL, Lublin<\/p>\n\n\n\n<p>Imi\u0119 i nazwisko: <strong>Dorota \u015aliwa (red.)<\/strong><br>Wybrane problemy terminologii francusko-polskiej oraz metod bada\u0144 j\u0119zykoznawczych w t\u0142umaczeniach<br>Wydawnictwo KUL, Lublin<\/p>\n\n\n\n<p>Komitet Redakcyjny: <strong>Marzena G\u00f3recka (Redaktor Naczelny), Ma\u0142gorzata D\u0105browska (Sekretarz), Edyta Kociubi\u0144ska, Witold Wo\u0142owski.<\/strong><br>Roczniki Humanistyczne, Neofilologia, tom LVIII<br>Towarzystwo Naukowe KUL, Lublin<\/p>\n\n\n\n<p>Imi\u0119 i nazwisko: <strong>Nelli Przybylska<\/strong><br>Asc\u00e8se de la parole. \u00c9criture personnelle de Simone Weil<br>\u00c9ditions Universitaires Europ\u00e9ennes, Sarrebruck, 2010.<\/p>\n\n\n\n<p>Imi\u0119 i nazwisko: <strong>Micha\u0142 Bajer<\/strong><br>Trzy poetyki z czas\u00f3w Richelieu. Francuski klasycyzm o dramacie, wyb\u00f3r, przek\u0142ad, opracowanie Micha\u0142 Bajer, S\u0142owo obraz\/terytoria (Theatroteka, nr 16), Gda\u0144sk 2010.<\/p>\n\n\n\n<p>Imi\u0119 i nazwisko: <strong>Micha\u0142 Bajer<\/strong><br>Et c\u0153ur ment, trad. Kinga Joucaviel<br>Presses Universitaires du Midi, Toulouse 2010.<\/p>\n\n\n\n<p>Imi\u0119 i nazwisko: <strong>Dutka-Ma\u0144kowska A., Giermak-Zieli\u0144ska T. (Red.)<\/strong> Des mots et du texte aux conceptions de la description linguistique. Warszawa, Wydawnictwa Uniwersytetu Warszawskiego 2010<\/p>\n","protected":false},"excerpt":{"rendered":"<p>Imi\u0119 i nazwisko: Tomasz SwobodaHistorie oka. Bataille, Leiris, Artaud, Blanchots\u0142owo\/obraz terytoria, Gda\u0144sk Imi\u0119 i nazwisko: Ewa WierzbowskaGroteskowy \u015bwiat Wiktora HugoWydawnictwo<\/p>\n","protected":false},"author":1,"featured_media":0,"parent":33,"menu_order":0,"comment_status":"closed","ping_status":"closed","template":"","meta":{"footnotes":""},"class_list":["post-57","page","type-page","status-publish","hentry","comments-off"],"_links":{"self":[{"href":"https:\/\/plejada.romanisci.edu.pl\/fr\/wp-json\/wp\/v2\/pages\/57","targetHints":{"allow":["GET"]}}],"collection":[{"href":"https:\/\/plejada.romanisci.edu.pl\/fr\/wp-json\/wp\/v2\/pages"}],"about":[{"href":"https:\/\/plejada.romanisci.edu.pl\/fr\/wp-json\/wp\/v2\/types\/page"}],"author":[{"embeddable":true,"href":"https:\/\/plejada.romanisci.edu.pl\/fr\/wp-json\/wp\/v2\/users\/1"}],"replies":[{"embeddable":true,"href":"https:\/\/plejada.romanisci.edu.pl\/fr\/wp-json\/wp\/v2\/comments?post=57"}],"version-history":[{"count":3,"href":"https:\/\/plejada.romanisci.edu.pl\/fr\/wp-json\/wp\/v2\/pages\/57\/revisions"}],"predecessor-version":[{"id":610,"href":"https:\/\/plejada.romanisci.edu.pl\/fr\/wp-json\/wp\/v2\/pages\/57\/revisions\/610"}],"up":[{"embeddable":true,"href":"https:\/\/plejada.romanisci.edu.pl\/fr\/wp-json\/wp\/v2\/pages\/33"}],"wp:attachment":[{"href":"https:\/\/plejada.romanisci.edu.pl\/fr\/wp-json\/wp\/v2\/media?parent=57"}],"curies":[{"name":"wp","href":"https:\/\/api.w.org\/{rel}","templated":true}]}}