{"id":59,"date":"2021-04-14T07:32:21","date_gmt":"2021-04-14T05:32:21","guid":{"rendered":"http:\/\/plejada.romanisci.edu.pl\/nowa_strona2\/?page_id=59"},"modified":"2021-04-14T07:32:42","modified_gmt":"2021-04-14T05:32:42","slug":"2009-2","status":"publish","type":"page","link":"https:\/\/plejada.romanisci.edu.pl\/fr\/publications\/2009-2\/","title":{"rendered":"2009"},"content":{"rendered":"\n<p>Imi\u0119 i nazwisko: <strong>Tomasz Swoboda<\/strong><br>To jeszcze nie koniec? Do\u015bwiadczanie czasu w powie\u015bci o dekadentach<br>s\u0142owo\/obraz terytoria, Gda\u0144sk<\/p>\n\n\n\n<p>Imi\u0119 i nazwisko: <strong>Renata Jakubczuk<\/strong><br>Entre la protestation tragique et la r\u00e9volte dramatique : Camus et Rostworowski<br>Wydawnictwo UMCS, Lublin<\/p>\n\n\n\n<p>Imi\u0119 i nazwisko: <strong>Marzena Chrobak<\/strong><br>Optymizm Kandyda oraz inne problemy o\u015bwieconych t\u0142umaczy<br>Wydawnictwo UJ, Krak\u00f3w<br><br>Imi\u0119 i nazwisko: <strong>Katarzyna Dybe\u0142<\/strong><br>Samotno\u015b\u0107 w literaturze \u015bredniowiecznej Francji. Literatura narracyjna XII-XIII wieku<br>Wydawnictwo UJ, Krak\u00f3w<\/p>\n\n\n\n<p>Imi\u0119 i nazwisko: <strong>Beata Baczy\u0144ska (wst\u0119p i opracowanie wydania dwuj\u0119zycznego)<\/strong><br>Pedro Calder\u00f3n de la Barca El pr\u00edncipe constante \u2013 Juliusz S\u0142owacki Ksi\u0105\u017c\u0119 Niez\u0142omny (z Calderona de la Barca)<br>Instytut im. Jerzego Grotowskiego, Wroc\u0142aw<br><br>Imi\u0119 i nazwisko: <strong>El\u017cbieta Biardzka<\/strong><br>Les \u00e9chos du \u201eMonde\u201d. Pratiques du discours rapport\u00e9 dans un journal de la presse \u00e9crite, Wydawnictwo Uniwersytetu Wroc\u0142awskiego, Wroc\u0142aw<br><br>Imi\u0119 i nazwisko: <strong>El\u017cbieta Skibi\u0144ska (red.)<\/strong><br>Przypisy t\u0142umacza<br>Ksi\u0119garnia Akademicka, Wroc\u0142aw \u2013 Krak\u00f3w<\/p>\n\n\n\n<p>Imi\u0119 i nazwisko: <strong>Krystyna Szymankiewicz, Jolanta Zaj\u0105c<\/strong><br>D\u00e9velopper les comp\u00e9tences multiples chez l\u2019apprenant et chez l\u2019enseignant en classe de FLE : hommage \u00e0 Lucjan Grobelak<br>Instytut Romanistyki, Uniwersytet Warszawski<\/p>\n\n\n\n<p>Imi\u0119 i nazwisko : <strong>Wies\u0142aw Kroker (red.)<\/strong><br>Histoire et critique litt\u00e9raires en mouvement : m\u00e9langes offerts \u00e0 Henryk Chudak<br>Wydawnictwa Uniwersytetu Warszawskiego, Warszawa<\/p>\n\n\n\n<p>Imi\u0119 i nazwisko: <strong>Kamil Popowicz<\/strong><br>Lamarkizm spo\u0142eczny a rasizm i eugenika we Francji<br>Wydawnictwa Uniwersytetu Warszawskiego, Warszawa<\/p>\n\n\n\n<p>Imi\u0119 i nazwisko: <strong>Henryk Chudak (red.)<\/strong><br>L\u2019imaginaire po\u00e9tique de Blaise Cendrars<br>Wydawnictwa Uniwersytetu Warszawskiego, Warszawa<\/p>\n\n\n\n<p>Imi\u0119 i nazwisko: <strong>Henryk Chudak, Zbigniew Naliwajek, Joanna \u017burowska (red.)<\/strong><br>Maciej \u017burowski. Regards sur la litt\u00e9rature et la critique modernes<br>Wydawnictwa Uniwersytetu Warszawskiego, Warszawa<\/p>\n\n\n\n<p>Imi\u0119 i nazwisko: <strong>Bohdan Bogacki, Joanna Cholewa, Agata Rozumko (red.)<\/strong><br>Methods of lexical analysis: theorical assumptions and practical applications<br>Wydawnictwo Uniwersytetu w Bia\u0142ymstoku, Bia\u0142ystok.<\/p>\n\n\n\n<p>Imi\u0119 i nazwisko: <strong>Rados\u0142aw Kucharczyk, Maciej Smuk, Krystyna Szymankiewicz, Jolanta Zaj\u0105c<\/strong><br>Strategie uczenia si\u0119: poradnik dla student\u00f3w I roku Instytutu Romanistyki UW<br>Instytut Romanistyki, Uniwersytet Warszawski<\/p>\n\n\n\n<p>Imi\u0119 i nazwisko: <strong>Zbigniew Naliwajek, Joanna \u017burowska (red.)<\/strong><br>Sztuczne raje (Pisma 3\/ Charles Baudelaire)<br>S\u0142owo\/obraz terytoria<\/p>\n\n\n\n<p>Imi\u0119 i nazwisko: <strong>Stanis\u0142aw Jasionowicz<\/strong><br>Pustka we wsp\u00f3\u0142czesnym do\u015bwiadczeniu poetyckim<br>Wydawnictwo Naukowe UP, Krak\u00f3w<br><br>Imi\u0119 i nazwisko: <strong>Krystyna Modrzejewska<\/strong><br>L&rsquo;art de la s\u00e9duction dans le th\u00e9\u00e2tre fran\u00e7ais du XXe si\u00e8cle<br>L\u2019Harmattan, Paris<br><br>Imi\u0119 i nazwisko: <strong>Teresa Muryn (red.)<\/strong><br>Synergies Pologne, Revue du GERFLINT, No 6, Le sens et la complexit\u00e9, t. 2. Linguistique<br>Wydawnictwo GERFLINT, Krak\u00f3w<br><br>Imi\u0119 i nazwisko: <strong>Ma\u0142gorzata Pamu\u0142a, Anita Pytlarz (red.)<\/strong><br>Synergies Pologne, Revue du GERFLINT, Nr 6, Le sens et la complexit\u00e9, t. 1. Didactique, litt\u00e9rature<br>Wydawnictwo GERFLINT, Krak\u00f3w<br><br>Imi\u0119 i nazwisko: <strong>Ma\u0142gorzata Pamu\u0142a&nbsp; (wsp\u00f3\u0142autor: D. Sikora-Banasik)<\/strong><br>Inteligencje wielorakie na zaj\u0119ciach j\u0119zyka angielskiego: czyli jak skutecznie i ciekawie uczy\u0107 dzieci w m\u0142odszym wieku szkolnym<br>CODN, Warszawa<br><br>Imi\u0119 i nazwisko: <strong>Izabela Pozierak-Trybisz<\/strong><br>Sk\u0142adnia francuska o podstawach semantycznych \u2013 \u0107wiczenia<br>Collegium Columbinum, Krak\u00f3w<br><br>Imi\u0119 i nazwisko: <strong>Artur Ga\u0142kowski<\/strong><br>Compendio di linguistica testuale. Appunti teorici<br>WSSM w \u0141odzi, \u0141\u00f3d\u017a<br><br>Imi\u0119 i nazwisko: <strong>Alicja Kacprzak (red.)<\/strong><br>Aspects&nbsp; interculturels&nbsp; de&nbsp; la&nbsp; Communication<br>Instytut&nbsp; Lingwistyki&nbsp; Stosowanej, Warszawa<br><br>Imi\u0119 i nazwisko: <strong>Alicja Kacprzak, Jean-Pierre Goudaillier (red.)<\/strong><br>Standard&nbsp; et&nbsp; p\u00e9riph\u00e9ries&nbsp; de&nbsp; la&nbsp; langue<br>Oficyna Wydawnicza LEKSEM, \u0141ask<br><br>Imi\u0119 i nazwisko: <strong>Mieczys\u0142aw Gajos, Alicja Sobczak<\/strong><br>Simple comme bonjour, \u0107wiczenia z j\u0119zyka francuskiego dla pocz\u0105tkuj\u0105cych<br>Wyd. AHE, \u0141\u00f3d\u017a<br><br>Imi\u0119 i nazwisko: <strong>Alicja Sobczak, Beata Zawisza<\/strong><br>Testy&nbsp; r\u00f3\u017cnicuj\u0105ce&nbsp; \u2013&nbsp; j\u0119zyk&nbsp; francuski&nbsp; \u2013&nbsp; poziom&nbsp; A1<br>Nowela,&nbsp; Pozna\u0144<\/p>\n\n\n\n<p>Imi\u0119 i nazwisko: <strong>Wies\u0142aw Bany\u015b (Red.)<\/strong><br>Neophilologica XXI<br>Wydawnictwo U\u015a, Katowice<\/p>\n\n\n\n<p>Imi\u0119 i nazwisko: <strong>Krzysztof Jarosz (Red.)<\/strong><br>Romanica Silesiana no 4 \u201eLes jeux litt\u00e9raires\u00a0\u00bb<br>Wydawnictwo U\u015a, Katowice<\/p>\n\n\n\n<p>Imi\u0119 i nazwisko: <strong>Krzysztof Jarosz, Zuzanna Szatanik, Joanna Warmuzi\u0144ska-Rog\u00f3\u017c (Red.)<\/strong><br>De la fondation de Qu\u00e9bec au Canada d&rsquo;aujourd&rsquo;hui : r\u00e9trospectives, parcours, d\u00e9fis<br>Agencja Artystyczna Para, Katowice<\/p>\n\n\n\n<p>Imi\u0119 i nazwisko: <strong>Krzysztof Jarosz (Red.)<\/strong><br>TransCanadiana, Polish Journal of Canadian Studies \/ Revue Polonaise d&rsquo;\u00c9tudes Canadiennes, no 2, \u00ab Canada and Its Utopias \/ Canada et ses utopies \u00bb<br>Para, Katowice<\/p>\n\n\n\n<p>Imi\u0119 i nazwisko: <strong>Aleksandra Grzybowska<\/strong><br>La fugueuse et ses avatars dans l&rsquo;\u0153uvre romanesque de Suzanne Jacob<br>Wydawnictwo U\u015a, Katowice<\/p>\n\n\n\n<p>Imi\u0119 i nazwisko: <strong>Katarzyna Kwapisz-Osadnik<\/strong><br>Le verbe fran\u00e7ais dans un cadre cognitif (Czasownik francuski w uj\u0119ciu kognitywnym)<br>Wydawnictwo U\u015a, Katowice<\/p>\n\n\n\n<p>Imi\u0119 i nazwisko: <strong>Joanna Warmuzi\u0144ska-Rog\u00f3\u017c<\/strong><br>De Langlois \u00e0 Tringlot. L&rsquo;effet-personnage dans les \u201eChroniques romanesques\u00a0\u00bb de Jean Giono<br>Wydawnictwo U\u015a, Katowice<\/p>\n\n\n\n<p>Imi\u0119 i nazwisko: <strong>Halina Wid\u0142a<\/strong><br>\u0106wiczenia z j\u0119zyka francuskiego [eBook na p\u0142ycie CD]. Dodatek do ksi\u0105\u017cki: L&rsquo;acquisition du fran\u00e7ais &#8211; langue troisi\u00e8me. Probl\u00e8mes m\u00e9thodologiques et implications pratiques<br>Wydawnictwo U\u015a, Katowice<\/p>\n\n\n\n<p>Imi\u0119 i nazwisko: <strong>Judyta Niedokos<\/strong><br>Le th\u00e9\u00e2tre d&rsquo;Emile Verhaeren: du dramatique au pictural<br>Towarzystwo Naukowe KUL, Lublin<\/p>\n\n\n\n<p>Imi\u0119 i nazwisko: <strong>Janusz Bie\u0144<\/strong><br>Le verbe pronominal \u00e0 valeur neutre et passive dans les langues espagnole, fran\u00e7aise et polonaise<br>Werset, Lublin<\/p>\n\n\n\n<p>Imi\u0119 i nazwisko: <strong>Katarzyna Wo\u0142owska, Witold Wo\u0142owski<\/strong><br>Mots de liaison en fran\u00e7ais I (\u0141\u0105czniki w j\u0119zyku francuskim I), seria \u00ab\u00a0Neseserek Romanisty\u00a0\u00bb, nr 1<br>Wydawnictwo KUL<\/p>\n\n\n\n<p>Imi\u0119 i nazwisko: <strong>Anna Kieliszczyk, Ewa Pilecka (Red.)<\/strong><br>La perspective interdisciplinaire des \u00e9tudes fran\u00e7aises et francophones<br>Oficyna Wydawnicza LEKSEM<\/p>\n\n\n\n<p>Komitet Redakcyjny : <strong>Zofia Kolbuszewska, Pawe\u0142 Matyaszewski (Redaktor Naczelny), Urszula Paprocka-Piotrowska, Alfons Pilorz, Witold Wo\u0142owski (Sekretarz)<\/strong>.<br>Roczniki Humanistyczne, Neofilologia,&nbsp; tom LVII<br>Towarzystwo Naukowe KUL<\/p>\n\n\n\n<p>Imi\u0119 i nazwisko: <strong>Gra\u017cyna Vetulani<\/strong> <strong>(Red.)<\/strong><br>Panorama des \u00e9tudes en linguistique diachronique et synchronique. M\u00e9langes offerts \u00e0 J\u00f3zef Sypnicki<br>Oficyna Wydawnicza LEKSEM<\/p>\n","protected":false},"excerpt":{"rendered":"<p>Imi\u0119 i nazwisko: Tomasz SwobodaTo jeszcze nie koniec? Do\u015bwiadczanie czasu w powie\u015bci o dekadentachs\u0142owo\/obraz terytoria, Gda\u0144sk Imi\u0119 i nazwisko: Renata<\/p>\n","protected":false},"author":1,"featured_media":0,"parent":33,"menu_order":0,"comment_status":"closed","ping_status":"closed","template":"","meta":{"footnotes":""},"class_list":["post-59","page","type-page","status-publish","hentry","comments-off"],"_links":{"self":[{"href":"https:\/\/plejada.romanisci.edu.pl\/fr\/wp-json\/wp\/v2\/pages\/59","targetHints":{"allow":["GET"]}}],"collection":[{"href":"https:\/\/plejada.romanisci.edu.pl\/fr\/wp-json\/wp\/v2\/pages"}],"about":[{"href":"https:\/\/plejada.romanisci.edu.pl\/fr\/wp-json\/wp\/v2\/types\/page"}],"author":[{"embeddable":true,"href":"https:\/\/plejada.romanisci.edu.pl\/fr\/wp-json\/wp\/v2\/users\/1"}],"replies":[{"embeddable":true,"href":"https:\/\/plejada.romanisci.edu.pl\/fr\/wp-json\/wp\/v2\/comments?post=59"}],"version-history":[{"count":1,"href":"https:\/\/plejada.romanisci.edu.pl\/fr\/wp-json\/wp\/v2\/pages\/59\/revisions"}],"predecessor-version":[{"id":60,"href":"https:\/\/plejada.romanisci.edu.pl\/fr\/wp-json\/wp\/v2\/pages\/59\/revisions\/60"}],"up":[{"embeddable":true,"href":"https:\/\/plejada.romanisci.edu.pl\/fr\/wp-json\/wp\/v2\/pages\/33"}],"wp:attachment":[{"href":"https:\/\/plejada.romanisci.edu.pl\/fr\/wp-json\/wp\/v2\/media?parent=59"}],"curies":[{"name":"wp","href":"https:\/\/api.w.org\/{rel}","templated":true}]}}