{"id":600,"date":"2025-01-28T15:49:10","date_gmt":"2025-01-28T14:49:10","guid":{"rendered":"https:\/\/plejada.romanisci.edu.pl\/fr\/?page_id=600"},"modified":"2025-01-28T15:49:10","modified_gmt":"2025-01-28T14:49:10","slug":"2023-2","status":"publish","type":"page","link":"https:\/\/plejada.romanisci.edu.pl\/fr\/2023-2\/","title":{"rendered":"2023"},"content":{"rendered":"\n<p>Imi\u0119 i nazwisko&nbsp;: <strong>\u0141ukasz Szkopi\u0144ski<\/strong><br>Le Romanesque t\u00e9n\u00e9breux d\u2019\u00c9tienne-L\u00e9on de Lamothe-Langon<br>Wydawnictwo Uniwersytetu \u0141\u00f3dzkiego, \u0141\u00f3d\u017a.<\/p>\n\n\n\n<p>Imi\u0119 i nazwisko: <strong>Anna Ledwina &amp; Micha\u0142 Wanke (dir.).<\/strong><br>Paysages des fronti\u00e8res. R\u00e9flexions interdisciplinaires sur les distinctions.<br>HYBRIDA. Revue scientifique sur les hybridations culturelles et les identit\u00e9s migrantes, n\u00b0 6,&nbsp;\u00ab&nbsp;Limes&nbsp;\u00bb.<\/p>\n\n\n\n<p>Imi\u0119 i nazwisko: <strong>Krystyna Modrzejewska<\/strong><br>Szacunek i pogarda. Szkice o literaturze francuskiej.<br>Wydawnictwo Uniwersytetu Opolskiego, Opole.<\/p>\n\n\n\n<p>Imi\u0119 i nazwisko: <strong>Janusz Bie\u0144, Paulina Mazurkiewicz, Katarzyna Wo\u0142owska (dir.)<\/strong><br>Entre libert\u00e9 et contrainte dans la recherche linguistique.<br>Peter Lang, coll. \u00c9tudes de litt\u00e9rature, linguistique et art, v. 65, Frankfurt.<\/p>\n\n\n\n<p>Imi\u0119 i nazwisko: <strong>Janusz Bie\u0144, Edyta Kociubi\u0144ska (dir.)<\/strong><br>Studia kontrastywne z j\u0119zykoznawstwa roma\u0144skiego. Roczniki Humanistyczne vol. 71<br>(2023), z. 5 Neofilologia.<br>Towarzystwo Naukowe KUL, Lublin<br><a href=\"https:\/\/czasopisma.tnkul.pl\/index.php\/rh\/issue\/view\/18\">https:\/\/czasopisma.tnkul.pl\/index.php\/rh\/issue\/view\/18<\/a><\/p>\n\n\n\n<p>Imi\u0119 i nazwisko: <strong>Edyta Kociubi\u0144ska (dir.)<\/strong><br>L\u2019Artiste de la vie moderne. Le dandy entre litt\u00e9rature et histoire.<br>Brill, coll. Faux Titre 462, Leiden-Boston.<br>Imi\u0119 i nazwisko: Edyta Kociubi\u0144ska, Judyta Niedokos (dir.)<br>Jeu en litt\u00e9rature, litt\u00e9rature en jeu, Qu\u00eates litt\u00e9raires, n\u00b013.<br>Wydawnictwo Werset, Lublin.<\/p>\n\n\n\n<p>Imi\u0119 i nazwisko: <strong>Dorota \u015aliwa<\/strong><br>Esquisse de la formation des mots en fran\u00e7ais avec des \u00e9l\u00e9ments de l\u2019approche contrastive fran\u00e7ais-polonais<br>Wydawnictwo Towarzystwo Naukowe KUL, Lublin.<\/p>\n\n\n\n<p>Imi\u0119 i nazwisko: <strong>Dorota \u015aliwa (red.)<\/strong><br>Roczniki Humanistyczne vol. 71 (8). Termes et relations autour du pain.<br>Wydawnictwo Towarzystwo Naukowe KUL, Lublin.<\/p>\n\n\n\n<p>Imi\u0119 i nazwisko: <strong>Janusz Bie\u0144, Paulina Mazurkiewicz, Katarzyna Wo\u0142owska (dir.)<\/strong><br>Entre libert\u00e9 et contrainte dans la recherche linguistique<br>Peter Lang, Berlin.<\/p>\n\n\n\n<p>Imi\u0119 i nazwisko: <strong>Grabowska Monika, Staro\u0144 Anita (dir.)<\/strong><br><em>Academic Journal of Modern Philology,&nbsp;<\/em>vol. 20 (2023) special issue<\/p>\n\n\n\n<p>Imi\u0119 i nazwisko: <strong>GRABOWSKA Monika<\/strong><br>L\u2019apprentissage informel des langues \u00e9trang\u00e8res<br>\u00c9ditions l\u2019Harmattan, Paris<\/p>\n\n\n\n<p><\/p>\n","protected":false},"excerpt":{"rendered":"<p>Imi\u0119 i nazwisko&nbsp;: \u0141ukasz Szkopi\u0144skiLe Romanesque t\u00e9n\u00e9breux d\u2019\u00c9tienne-L\u00e9on de Lamothe-LangonWydawnictwo Uniwersytetu \u0141\u00f3dzkiego, \u0141\u00f3d\u017a. Imi\u0119 i nazwisko: Anna Ledwina &amp; Micha\u0142<\/p>\n","protected":false},"author":6,"featured_media":0,"parent":0,"menu_order":0,"comment_status":"closed","ping_status":"closed","template":"","meta":{"footnotes":""},"class_list":["post-600","page","type-page","status-publish","hentry","comments-off"],"_links":{"self":[{"href":"https:\/\/plejada.romanisci.edu.pl\/fr\/wp-json\/wp\/v2\/pages\/600","targetHints":{"allow":["GET"]}}],"collection":[{"href":"https:\/\/plejada.romanisci.edu.pl\/fr\/wp-json\/wp\/v2\/pages"}],"about":[{"href":"https:\/\/plejada.romanisci.edu.pl\/fr\/wp-json\/wp\/v2\/types\/page"}],"author":[{"embeddable":true,"href":"https:\/\/plejada.romanisci.edu.pl\/fr\/wp-json\/wp\/v2\/users\/6"}],"replies":[{"embeddable":true,"href":"https:\/\/plejada.romanisci.edu.pl\/fr\/wp-json\/wp\/v2\/comments?post=600"}],"version-history":[{"count":1,"href":"https:\/\/plejada.romanisci.edu.pl\/fr\/wp-json\/wp\/v2\/pages\/600\/revisions"}],"predecessor-version":[{"id":601,"href":"https:\/\/plejada.romanisci.edu.pl\/fr\/wp-json\/wp\/v2\/pages\/600\/revisions\/601"}],"wp:attachment":[{"href":"https:\/\/plejada.romanisci.edu.pl\/fr\/wp-json\/wp\/v2\/media?parent=600"}],"curies":[{"name":"wp","href":"https:\/\/api.w.org\/{rel}","templated":true}]}}