{"id":63,"date":"2021-04-14T07:33:28","date_gmt":"2021-04-14T05:33:28","guid":{"rendered":"http:\/\/plejada.romanisci.edu.pl\/nowa_strona2\/?page_id=63"},"modified":"2021-04-14T07:33:28","modified_gmt":"2021-04-14T05:33:28","slug":"2008-2","status":"publish","type":"page","link":"https:\/\/plejada.romanisci.edu.pl\/fr\/publications\/2008-2\/","title":{"rendered":"2008"},"content":{"rendered":"\n<p>Imi\u0119 i nazwisko: <strong>Tomasz Swoboda, Ewa Wierzbowska, Olga Wro\u0144ska (red.)<\/strong><br>Autour de Patrick Chamoiseau<br>FRUG, Sopot<\/p>\n\n\n\n<p>Imi\u0119 i nazwisko: <strong>Alicja Koziej<\/strong><br>L&rsquo;Imaginaire de Saint-John Perse<br>Wydawnictwo UMCS, Lublin<br><br>Imi\u0119 i nazwisko: <strong>Magdalena Mitura<\/strong><br>L\u2019\u00e9criture vianesque : traduction de la prose<br>Peter Lang, Bern<\/p>\n\n\n\n<p>Imi\u0119 i nazwisko : <strong>Renata Jarz\u0119bowska-Sadkowska (red.)<\/strong><br>Le Qu\u00e9bec litt\u00e9raire : lectures plurielles<br>Wydawnictwo Naukowe UMK, Toru\u0144<\/p>\n\n\n\n<p>Imi\u0119 i nazwisko: <strong>Zuzanna Bu\u0142at Silva<\/strong><br>Fado \u2013 podej\u015bcie semantyczne. Pr\u00f3ba interpretacji s\u0142\u00f3w kluczy<br>Oficyna Wydawnicza ATUT \u2013 Wroc\u0142awskie Wydawnictwo O\u015bwiatowe, Wroc\u0142aw<br><br>Imi\u0119 i nazwisko: <strong>El\u017cbieta Skibi\u0144ska<\/strong><br>Kuchnia t\u0142umacza. Studia o polsko-francuskich relacjach przek\u0142adowych<br>Towarzystwo Autor\u00f3w i Wydawc\u00f3w Prac Naukowych Universitas, Krak\u00f3w<\/p>\n\n\n\n<p>Imi\u0119 i nazwisko: <strong>Bohdan Bogacki (red.)<\/strong><br>Interdisciplinary Perpsectives In Foreign Language Teacher Education<br>Wydawnictwo Uniwersytetu w Bia\u0142ymstoku, Bia\u0142ystok<\/p>\n\n\n\n<p>Imi\u0119 i nazwisko:&nbsp; <strong>Agata Sobczyk<\/strong><br>L\u2019\u00e9rotisme des adolescents dans la litt\u00e9rature fran\u00e7aise du Moyen \u00c2ge<br>Peeters, Leuven<\/p>\n\n\n\n<p>Imi\u0119 i nazwisko: <strong>Anna Dutka-Ma\u0144kowska, Ewa Pilecka<\/strong><br>Pr\u00e9cis de la phon\u00e9tique du fran\u00e7ais contemporain<br>Instytut Romanistyki, Uniwersytet Warszawski<\/p>\n\n\n\n<p>Imi\u0119 i nazwisko : <strong>Joanna \u017burowska (red.)<\/strong><br>Sur les chemins de l\u2019histoire litt\u00e9raire, Centre de civilisation fran\u00e7aise et d\u2019\u00e9tudes francophones<br>\u00c9ditions de l\u2019Universit\u00e9 de Varsovie, Warszawa<\/p>\n\n\n\n<p>Imi\u0119 i nazwisko: <strong>Monika Malinowska<\/strong><br>Sytuacja kobiety w siedemnastowiecznej Francji i Polsce<br>Wydawnictwa Uniwersytetu Warszawskiego, Warszawa<\/p>\n\n\n\n<p>Imi\u0119 i nazwisko: <strong>Izabella Zatorska, Maksymilian Wikli\u0144ski<\/strong><br>Voyages = Podr\u00f3\u017ce<br>Oficyna Wydawnicza LEKSEM, \u0141ask<\/p>\n\n\n\n<p>Imi\u0119 i nazwisko: <strong>Jolanta Zaj\u0105c, Agnieszka Czerniakiewicz<\/strong><br>Zdaj\u0119 matur\u0119 \u2013 zeszyt ucznia 2<br>Hachette Livre Polska, Warszawa<\/p>\n\n\n\n<p>Imi\u0119 i nazwisko:&nbsp; <strong>Joanna Cholewa<\/strong><br>Image encyclop\u00e9dique et linguistique du chat et du chien en fran\u00e7ais et en polonais contemporains<br>Wydawnictwo Uniwersytetu w Bia\u0142ymstoku<\/p>\n\n\n\n<p>Imi\u0119 i nazwisko: <strong>Leszek Bednarczuk, Wojciech Smoczy\u0144ski, Maria Wojty\u0142a-\u015awierzowska (red.)<\/strong><br>J\u0119zykoznawstwo historyczne i typologiczne. W 100-lecie urodzin prof. Tadeusza Milewskiego<br>Wydawnictwo PAU, Krak\u00f3w<br><br>Imi\u0119 i nazwisko: <strong>Stanis\u0142aw Karolak<\/strong><br>Semantyczna kategoria aspektu<br>Slawistyczny O\u015brodek Wydawniczy, Warszawa<br><br>Imi\u0119 i nazwisko : <strong>Regina Lubas-Bartoszy\u0144ska, Ryszard Siwek (red.)<\/strong><br>Annales Academiae Pedagogicae Cracoviensis. Studia Romanica III<br>Wydawnictwo Naukowe UP, Krak\u00f3w<br><br>Imi\u0119 i nazwisko: <strong>Krystyna Modrzejewska (red.)<\/strong><br>L\u2019art de s\u00e9duire dans la litt\u00e9rature fran\u00e7aise<br>Wydawnictwo Uniwersytetu Opolskiego, Opole<br><br>Imi\u0119 i nazwisko: <strong>Ma\u0142gorzata Nowakowska, Denis Apoth\u00e9loz (red.)<\/strong><br>Verbum, T. 30, nos 2-3: Regards crois\u00e9s sur l&rsquo;aspect<br>Presses Universitaires, Nancy<br><\/p>\n\n\n\n<p>Imi\u0119 i nazwisko: <strong>Jacek Florczak, Mieczys\u0142aw Gajos (red.)<\/strong><br>J\u0119zykoznawstwo&nbsp; a&nbsp; dydaktyka&nbsp; j\u0119zyk\u00f3w&nbsp; obcych.&nbsp; Teoria&nbsp; i&nbsp; praktyka<br>Wyd. Biblioteka, \u0141\u00f3d\u017a<br><br>Imi\u0119 i nazwisko: <strong>Tomasz Kaczmarek<\/strong><br>L\u2019expressionnisme dans le th\u00e9\u00e2tre de Henri-Ren\u00e9 Lenormand<br>Wyd. Uniwersytetu \u0141\u00f3dzkiego, \u0141\u00f3d\u017a<br><br>Imi\u0119 i nazwisko: <strong>Witold Konstanty Pietrzak, Anita Staro\u0144 (red.)<\/strong><br>Manipulation, endoctrinement, mystification. Actes du colloque franco-polonais, 19-21 septembre 2005<br>\u201eFolia Litteraria Romanica\u201d nr 6, Wyd. Uniwersytetu \u0141\u00f3dzkiego, \u0141\u00f3d\u017a<\/p>\n\n\n\n<p>Imi\u0119 i nazwisko: <strong>Wies\u0142aw Bany\u015b (Red.)<\/strong><br>Neophilologica XX<br>Wydawnictwo U\u015a<\/p>\n\n\n\n<p>Imi\u0119 i nazwisko: <strong>Krzysztof Jarosz (Red.)<\/strong><br>Romanica Silesiana nr 3<br>Wydawnictwo U\u015a<\/p>\n\n\n\n<p>Imi\u0119 i nazwisko: <strong>Aleksandra Chrupa\u0142a<\/strong><br>Les noms compos\u00e9s avec femme en fran\u00e7ais. Une \u00e9tude de leur degr\u00e9 de figement en vue d\u2019un traitement automatique.<br>Agencja artystyczna PARA<\/p>\n\n\n\n<p>Imi\u0119 i nazwisko: <strong>Artur Ga\u0142kowski<\/strong><br>Chrematonimy w funkcji kulturowo-u\u017cytkowej. Onomastyczne studium por\u00f3wnawcze na materiale polskim, w\u0142oskim, francuskim<br>Wydawnictwo Uniwersytetu \u0141\u00f3dzkiego, \u0141\u00f3d\u017a<\/p>\n\n\n\n<p>Imi\u0119 i nazwisko: <strong>Agnieszka Konowska<\/strong><br>Analyse s\u00e9mantique des \u00e9ponymes fran\u00e7ais<br>Oficyna Wydawnicza LEKSEM, \u0141ask<\/p>\n\n\n\n<p>Imi\u0119 i nazwisko: <strong>Grzegorz Markowski<\/strong><br>Perception du lexique sp\u00e9cialis\u00e9. \u00c9tudes d\u2019efficacit\u00e9 de diff\u00e9rents textes<br>Wydawnictwo U\u015a<\/p>\n\n\n\n<p>Imi\u0119 i nazwisko: <strong>Magdalena Wandzioch (Red.)<\/strong><br>Quelques aspects de la r\u00e9\u00e9criture<br>Wydawnictwo U\u015a<\/p>\n\n\n\n<p>Imi\u0119 i nazwisko: <strong>Aleksandra \u017b\u0142obi\u0144ska-Nowak<\/strong><br>D\u00e9sambigu\u00efsation des expressions lexicales des op\u00e9rateurs de l\u2019espace dans le cadre d\u2019une approche orient\u00e9e objets : les verbes de mouvement monter et sortir et leurs \u00e9quivalents polonais<br>Wydawnictwo U\u015a<\/p>\n\n\n\n<p>Imi\u0119 i nazwisko: <strong>Wies\u0142aw Malinowski, J\u00f3zef Sypnicki (Red.)<\/strong><br>Studia Romanica Posnaniensia XXXV<br>Wydawnictwo Naukowe UAM<\/p>\n\n\n\n<p>Imi\u0119 i nazwisko: <strong>Jerzy Lis, Teresa Tomaszkiewicz (Red.)<\/strong><br>Francophonie et Interculturalit\u00e9<br>Oficyna Wydawnicza LEKSEM<\/p>\n\n\n\n<p>Imi\u0119 i nazwisko: <strong>Janusz Bie\u0144, Magdalena Sowa, Witold Wo\u0142owski (Red.)<\/strong><br>Glissades. M\u00e9langes offerts \u00e0 Alfons Pilorz \u00e0 l&rsquo;occasion de son 80\u00e8me anniversaire<br>Wydawnictwo KUL<\/p>\n\n\n\n<p>Imi\u0119 i nazwisko: <strong>Urszula Paprocka-Piotrowska<\/strong><br>Conter au risque de tout changer<br>Towarzystwo Naukowe KUL<\/p>\n\n\n\n<p>Imi\u0119 i nazwisko: <strong>El\u017cbieta Gajewska, Magdalena Sowa, Sebastian Piotrowski<\/strong><br>Korespondencja handlowa po francusku. Poradnik z p\u0142yt\u0105 CD<br>Wiedza Powszechna<\/p>\n\n\n\n<p>Imi\u0119 i nazwisko: <strong>Katarzyna Wo\u0142owska<\/strong><br>Le Paradoxe en langue et en discours, coll. \u00ab\u00a0S\u00e9mantiques\u00a0\u00bb<br>L&rsquo;Harmattan<\/p>\n\n\n\n<p>Komitet Redakcyjny : <strong>Zofia Kolbuszewska, Pawe\u0142 Matyaszewski (Redaktor Naczelny), Urszula Paprocka-Piotrowska, Alfons Pilorz, Witold Wo\u0142owski (Sekretarz).<\/strong><br>Roczniki Humanistyczne, Neofilologia, tom LVI<br>Towarzystwo Naukowe KUL<\/p>\n\n\n\n<p>Imi\u0119 i nazwisko: <strong>Christian Balon, Xavier Mignot, Magdalena Sowa (t\u0142um.)<\/strong><br>Komunikacja<br>Wydawnictwo Flair<\/p>\n\n\n\n<p>Imi\u0119 i nazwisko: <strong>Wies\u0142aw Malinowski, J. Styczynski<br><\/strong>La Pologne et les Polonais dans la litt\u00e9rature fran\u00e7aise (XIVe-XIXe si\u00e8cles)<br>L\u2019Harmattan<\/p>\n","protected":false},"excerpt":{"rendered":"<p>Imi\u0119 i nazwisko: Tomasz Swoboda, Ewa Wierzbowska, Olga Wro\u0144ska (red.)Autour de Patrick ChamoiseauFRUG, Sopot Imi\u0119 i nazwisko: Alicja KoziejL&rsquo;Imaginaire de<\/p>\n","protected":false},"author":1,"featured_media":0,"parent":33,"menu_order":0,"comment_status":"closed","ping_status":"closed","template":"","meta":{"footnotes":""},"class_list":["post-63","page","type-page","status-publish","hentry","comments-off"],"_links":{"self":[{"href":"https:\/\/plejada.romanisci.edu.pl\/fr\/wp-json\/wp\/v2\/pages\/63","targetHints":{"allow":["GET"]}}],"collection":[{"href":"https:\/\/plejada.romanisci.edu.pl\/fr\/wp-json\/wp\/v2\/pages"}],"about":[{"href":"https:\/\/plejada.romanisci.edu.pl\/fr\/wp-json\/wp\/v2\/types\/page"}],"author":[{"embeddable":true,"href":"https:\/\/plejada.romanisci.edu.pl\/fr\/wp-json\/wp\/v2\/users\/1"}],"replies":[{"embeddable":true,"href":"https:\/\/plejada.romanisci.edu.pl\/fr\/wp-json\/wp\/v2\/comments?post=63"}],"version-history":[{"count":1,"href":"https:\/\/plejada.romanisci.edu.pl\/fr\/wp-json\/wp\/v2\/pages\/63\/revisions"}],"predecessor-version":[{"id":64,"href":"https:\/\/plejada.romanisci.edu.pl\/fr\/wp-json\/wp\/v2\/pages\/63\/revisions\/64"}],"up":[{"embeddable":true,"href":"https:\/\/plejada.romanisci.edu.pl\/fr\/wp-json\/wp\/v2\/pages\/33"}],"wp:attachment":[{"href":"https:\/\/plejada.romanisci.edu.pl\/fr\/wp-json\/wp\/v2\/media?parent=63"}],"curies":[{"name":"wp","href":"https:\/\/api.w.org\/{rel}","templated":true}]}}