{"id":65,"date":"2021-04-14T07:34:11","date_gmt":"2021-04-14T05:34:11","guid":{"rendered":"http:\/\/plejada.romanisci.edu.pl\/nowa_strona2\/?page_id=65"},"modified":"2021-04-14T07:35:14","modified_gmt":"2021-04-14T05:35:14","slug":"2007-2","status":"publish","type":"page","link":"https:\/\/plejada.romanisci.edu.pl\/fr\/publications\/2007-2\/","title":{"rendered":"2007"},"content":{"rendered":"\n<p>Imi\u0119 i nazwisko: <strong>Jolanta Rachwalska von Rejchwald<\/strong><br>Entre le dehors et le dedans. \u00c9tude du motif de la fen\u00eatre chez Barbey d\u2019Aurevilly, Flaubert et Zola<br>Oficyna Wydawnicza LEKSEM, \u0141ask<br><br>Imi\u0119 i nazwisko: <strong>Anna Maziarczyk<\/strong><br>Le roman comme jeu. L\u2019esth\u00e9tique ludique de Raymond Queneau<br>Wydawnictwo UMCS, Lublin<br><br>Imi\u0119 i nazwisko: <strong>Maria Falska (red.)<\/strong><br>Theatralia. Du texte au spectacle. M\u00e9langes offerts \u00e0 Halina Sawecka<br>Wydawnictwo UMCS, Lublin<\/p>\n\n\n\n<p>Imi\u0119 i nazwisko: <strong>Halina Grzmil-Tylutki,<\/strong><br>Gatunek w \u015bwietle francuskiej teorii dyskursu<br>Universitas, Krak\u00f3w<br><br>Imi\u0119 i nazwisko: <strong>Barbara Marczuk (oprac. i przek\u0142ad)<\/strong><br>Krwawy amfiteatr: antologia francuskich historii tragicznych epoki renesansu i baroku<br>Universitas, Krak\u00f3w (wydanie 2. popr. i uzup.)<br><br>Imi\u0119 i nazwisko: <strong>Barbara Sosie\u0144 (red.)<\/strong><br>Images, symboles, mythes et po\u00e9tique de l\u2019ascension\/envol<br>Wydawnictwo UJ, Krak\u00f3w<br><br>Imi\u0119 i nazwisko: <strong>Ewa \u0141ukaszyk (red.)<\/strong><br>Archipelagi wyobra\u017ani. Z dziej\u00f3w toposu wyspy w kr\u0119gu literatur roma\u0144skich<br>Wydawnictwo UJ, Krak\u00f3w<br><br>Imi\u0119 i nazwisko: <strong>Piotr Tylus<\/strong><br>L\u00e9gendes dominicaines dans la litt\u00e9rature fran\u00e7aise du moyen \u00e2ge. Tradition manuscrite, transformations, diffusion, accueil<br>Wydawnictwo UJ, Krak\u00f3w<br><br>Imi\u0119 i nazwisko: <strong>Piotr Tylus, Dominique Stutzmann<\/strong><br>Les manuscrits m\u00e9di\u00e9vaux fran\u00e7ais et occitans de la Preussische Staatsbibliothek et de la Staatsbibliothek zu Berlin Preussischer Kulturbesitz<br>Harrassowitz Verlag, Wiesbaden<\/p>\n\n\n\n<p>Imi\u0119 i nazwisko: <strong>Joanna Jereczek-Lipi\u0144ska<\/strong><br>Didactique des discours en fran\u00e7ais langue \u00e9trang\u00e8re<br>Wydawnictwo Uniwersytetu Gda\u0144skiego<\/p>\n\n\n\n<p>Imi\u0119 i nazwisko: <strong>Irena Fialov\u00e1, Piotr Sawicki<\/strong><br>Literatura espa\u00f1ola 1. Esbozo hist\u00f3rico-literario. Selecci\u00f3n de textos. Comentarios<br>Universitas Ostraviensis \u2013 Facultas Philosophica, Ostrava<br><br>Imi\u0119 i nazwisko: <strong>Justyna Ziarkowska, Marcin Kurek (red.)<\/strong><br>W poszukiwaniu Alefa. Proza hispanoameryka\u0144ska w \u015bwietle najnowszych bada\u0144. Borges, Carpentier, S\u00e1bato, Cort\u00e1zar, Garc\u00eda M\u00e1rquez, Vargas Llosa, antologia krytyczna<br>Wydawnictwo Uniwersytetu Wroc\u0142awskiego, Wroc\u0142aw<\/p>\n\n\n\n<p>Imi\u0119 i nazwisko: <strong>Anna Kieliszczyk<\/strong><br>De l\u2019explication \u00e0 la justification dans l\u2019avant-propos<br>Oficyna Wydawnicza LEKSEM, \u0141ask<\/p>\n\n\n\n<p>Imi\u0119 i nazwisko: <strong>Marcin Klik<\/strong><br>La critique litt\u00e9raire de Jean Starobinsk<br>Instytut Romanistyki, Uniwersytet Warszawski<\/p>\n\n\n\n<p>Imi\u0119 i nazwisko : <strong>Henryk Chudak, Zbigniew Naliwajek, Lech Sok\u00f3\u0142, Joanna \u017burowska (red.)<\/strong><br>Mi\u0119dzy renesansem a awangard\u0105 : o literaturze europejskiej z perspektywy komparatysty<br>Wydawnictwo Naukowe PWN, Warszawa<\/p>\n\n\n\n<p>Imi\u0119 i nazwisko: <strong>Leszek Bednarczuk<\/strong><br>Zwi\u0105zki i paralele fonetyczne j\u0119zyk\u00f3w s\u0142owia\u0144skich<br>Slawistyczny O\u015brodek Wydawniczy, Warszawa<br><br>Imi\u0119 i nazwisko: <strong>Marta Cichocka<\/strong><br>Entre la nouvelle histoire et le nouveau roman historique. R\u00e9inventions, relectures, \u00e9critures L\u2019Harmattan, Paris<br><br>Imi\u0119 i nazwisko: <strong>Stanis\u0142aw Karolak<\/strong><br>Sk\u0142adnia francuska o podstawach semantycznych, t. 1<br>Collegium Columbianum, Krak\u00f3w<br><br>Imi\u0119 i nazwisko: <strong>Stanis\u0142aw Karolak<\/strong><br>Jak stosowa\u0107 przedimek angielski, cz.1. Regu\u0142y stosowania<br>Wy\u017csza Szko\u0142a Umiej\u0119tno\u015bci, Kielce<br><br>Imi\u0119 i nazwisko: <strong>Danuta Kuca\u0142a (J. \u0141apots, A.M. Brzezi\u0144ski red.)<\/strong><br>Historia ma\u0142ych kraj\u00f3w Europy. Historia Andory<br>Ossolineum, Wroc\u0142aw<br><br>Imi\u0119 i nazwisko: <strong>Regina Lubas-Bartoszy\u0144ska (red.)<\/strong><br>Wariacje na temat pewnego paktu: o autobiografii \/ Philippe Lejeune<br>Universitas, Krak\u00f3w<br><br>Imi\u0119 i nazwisko: <strong>Ma\u0142gorzata Pamu\u0142a&nbsp; (wsp\u00f3\u0142autorzy: J. Rzyska, M. Dabkowska)<\/strong><br>Moje pierwsze europejskie Portfolio j\u0119zykowe: poradnik dla rodzic\u00f3w i nauczycieli<br>CODN, Warszawa<br><br>Imi\u0119 i nazwisko: <strong>Jan Prokop<\/strong><br>Kiedy Pary\u017c by\u0142 stolic\u0105 cywilizowanego \u015bwiata: z historii zwi\u0105zk\u00f3w kulturalnych Francji z zagranic\u0105<br>Wy\u017csza Szko\u0142a Umiej\u0119tno\u015bci, Kielce,&nbsp; Krak\u00f3w<br><br>Imi\u0119 i nazwisko: <strong>Aleksandra Proni\u0144ska (J. \u0141apots, A.M. Brzezi\u0144ski red.)<\/strong><br>Historia ma\u0142ych kraj\u00f3w Europy. Historia Republiki San Marino<br>Ossolineum, Wroc\u0142aw<br><br>Imi\u0119 i nazwisko: <strong>Joanna Pychowska<\/strong><br>L\u2019existence humaine dans le miroir litt\u00e9raire belge<br>Wydawnictwo Naukowe AP, Krak\u00f3w<br><br>Imi\u0119 i nazwisko: <strong>Anita Pytlarz&nbsp; (red.)<\/strong><br>Synergies Pologne, Revue du GERFLINT No 7, Politiques et usages de la langue fran\u00e7aise<br>Wydawnictwo&nbsp; GERFLINT, Krak\u00f3w<br><br>Imi\u0119 i nazwisko: <strong>Ryszard Siwek&nbsp; (red.)<\/strong><br>Synergies Pologne, Revue du GERFLINT No 4, Le Je qui s\u2019exprime. Hommage \u00e0 Regina Lubas-Bartoszy\u0144ska<br>Wydawnictwo GERFLINT, Krak\u00f3w<\/p>\n\n\n\n<p>Imi\u0119 i nazwisko: <strong>Wies\u0142aw Malinowski, J\u00f3zef Sypnicki (Red.)<\/strong><br>Studia Romanica Posnaniensia XXXIV<br>Wydawnictwo Naukowe UAM<\/p>\n\n\n\n<p>Imi\u0119 i nazwisko: <strong>Anna Bochnakowa, Agnieszka Mardu\u0142a, Teresa Tomaszkiewicz (Red.)<\/strong><br>Norme, normativit\u00e9, transgression<br>Oficyna Wydawnicza LEKSEM<\/p>\n\n\n\n<p>Imi\u0119 i nazwisko: <strong>Anna Loba (Red.)<\/strong><br>Zwierciad\u0142o \u015bwiata. \u015aredniowieczny teatr francuski<br>S\u0142owo\/Obraz Terytoria<\/p>\n\n\n\n<p>Imi\u0119 i nazwisko: <strong>Stanis\u0142aw Wid\u0142ak, M. K\u0142a\u0144ska (Red.)<\/strong><br>Prace Komisji Neofilologicznej, t. VI<br>Polska Akademia Umiej\u0119tno\u015bci<\/p>\n\n\n\n<p>Imi\u0119 i nazwisko: <strong>Krzysztof Jarosz (t\u0142um.)<\/strong><br>Jean-Paul Sartre Baudelaire<br>Wydawnictwo Zielona Sowa<\/p>\n\n\n\n<p>Imi\u0119 i nazwisko: <strong>Krzysztof Jarosz (t\u0142um.)<\/strong><br>Sergio Kokis Mistrz gry<br>Ksi\u0105\u017cnica<\/p>\n\n\n\n<p>Imi\u0119 i nazwisko: <strong>Ewa Ma\u0142gorzata Wierzbowska<\/strong><br>Les outils de l&rsquo;analyse litt\u00e9raire<br>Wydawnictwo Uniwersytetu Gda\u0144skiego<\/p>\n\n\n\n<p>Imi\u0119 i nazwisko: <strong>Marek Mosakowski<\/strong><br>Strategie wymazywania. Kobiece bohaterki w m\u0119skich tekstach francuskiego O\u015bwiecenia<br>Wydawnictwo Uniwersytetu Gda\u0144skiego<\/p>\n\n\n\n<p>Imi\u0119 i nazwisko: <strong>Anna Loba, Miros\u0142aw Loba (Red.)<\/strong><br>Niebezpiecze\u0144stwo w literaturze dawnej<br>Wydawnictwo Naukowe UAM<\/p>\n\n\n\n<p>Imi\u0119 i nazwisko: <strong>Anna Loba (Red.)<\/strong><br>Widziane z g\u00f3ry widziane z do\u0142u<br>Wydawnictwo Naukowe UAM<\/p>\n\n\n\n<p>Imi\u0119 i nazwisko: <strong>Monika Su\u0142kowska<\/strong><br>Czasy i tryby we francuskich zdaniach podrz\u0119dnych. Podr\u0119cznik dla student\u00f3w j\u0119zyka francuskiego<br>Wydawnictwo Uniwersytetu \u015al\u0105skiego<\/p>\n\n\n\n<p>Imi\u0119 i nazwisko: <strong>Pawe\u0142 P\u0142usa<\/strong><br>Rozwijanie kompetencji przek\u0142adu i kszta\u0142cenie t\u0142umaczy<br>Wydawnictwo Uniwersytetu \u015al\u0105skiego<\/p>\n\n\n\n<p>Imi\u0119 i nazwisko: <strong>Katarzyna Kwapisz-Osadnik<\/strong><br>Podstawowe wiadomo\u015bci z gramatyki polskiej i francuskiej. Szkic por\u00f3wnawczy<br>Wydawnictwo Uniwersytetu \u015al\u0105skiego<\/p>\n\n\n\n<p>Imi\u0119 i nazwisko: <strong>Wies\u0142aw Bany\u015b (Red.)<\/strong><br>Neophilologica nr 19<br>Wydawnictwo Uniwersytetu \u015al\u0105skiego<\/p>\n\n\n\n<p>Imi\u0119 i nazwisko: <strong>Halina Wid\u0142a<\/strong><br>L&rsquo;acquisition du fran\u00e7ais langue troisi\u00e8me. Probl\u00e8mes m\u00e9thodologiques et implications pratiques<br>Wydawnictwo Uniwersytetu \u015al\u0105skiego<\/p>\n\n\n\n<p>Imi\u0119 i nazwisko: <strong>Alicja Sobczak, Bo\u017cena Jurkiewicz, Aleksandra Ratuszniak<\/strong><br>J\u0119zyk francuski. Matura 2008. Poziom podstawowy. (wyd. 3 rozszerzone)<br>Omega (wyd. 3 rozszerzone)<\/p>\n\n\n\n<p>Imi\u0119 i nazwisko: <strong>Alicja Sobczak, Aleksandra Ratusznik<\/strong><br>J\u0119zyk francuski. Matura 2008. Poziom rozszerzony.<br>Omega (wyd. 3 rozszerzone)<\/p>\n\n\n\n<p>Imi\u0119 i nazwisko: <strong>Witold Wo\u0142owski<\/strong><br>Du texte dramatique au texte narratif. Proc\u00e9d\u00e9s interf\u00e9rentiels et formes hybrides dans le th\u00e9\u00e2tre fran\u00e7ais du XXe si\u00e8cle<br>Redakcja Wydawnictw KUL<\/p>\n\n\n\n<p>Imi\u0119 i nazwisko: <strong>Janusz Bie\u0144 (Red.)<\/strong><br>W kr\u0119gu wielkopostnej pobo\u017cno\u015bci i bractw religijnych, Materia\u0142y z V Polsko-Hiszpa\u0144skiego Sympozjum Historycznego<br>Werset<\/p>\n\n\n\n<p>Komitet Redakcyjny : <strong>Zofia Kolbuszewska, Pawe\u0142 Matyaszewski (Redaktor Naczelny), Urszula Paprocka-Piotrowska (Sekretarz), Alfons Pilorz.<\/strong><br>Roczniki Humanistyczne, Neofilologia, tom LIV \/ LV<br>Towarzystwo Naukowe KUL<\/p>\n","protected":false},"excerpt":{"rendered":"<p>Imi\u0119 i nazwisko: Jolanta Rachwalska von RejchwaldEntre le dehors et le dedans. \u00c9tude du motif de la fen\u00eatre chez Barbey<\/p>\n","protected":false},"author":1,"featured_media":0,"parent":33,"menu_order":0,"comment_status":"closed","ping_status":"closed","template":"","meta":{"footnotes":""},"class_list":["post-65","page","type-page","status-publish","hentry","comments-off"],"_links":{"self":[{"href":"https:\/\/plejada.romanisci.edu.pl\/fr\/wp-json\/wp\/v2\/pages\/65","targetHints":{"allow":["GET"]}}],"collection":[{"href":"https:\/\/plejada.romanisci.edu.pl\/fr\/wp-json\/wp\/v2\/pages"}],"about":[{"href":"https:\/\/plejada.romanisci.edu.pl\/fr\/wp-json\/wp\/v2\/types\/page"}],"author":[{"embeddable":true,"href":"https:\/\/plejada.romanisci.edu.pl\/fr\/wp-json\/wp\/v2\/users\/1"}],"replies":[{"embeddable":true,"href":"https:\/\/plejada.romanisci.edu.pl\/fr\/wp-json\/wp\/v2\/comments?post=65"}],"version-history":[{"count":1,"href":"https:\/\/plejada.romanisci.edu.pl\/fr\/wp-json\/wp\/v2\/pages\/65\/revisions"}],"predecessor-version":[{"id":66,"href":"https:\/\/plejada.romanisci.edu.pl\/fr\/wp-json\/wp\/v2\/pages\/65\/revisions\/66"}],"up":[{"embeddable":true,"href":"https:\/\/plejada.romanisci.edu.pl\/fr\/wp-json\/wp\/v2\/pages\/33"}],"wp:attachment":[{"href":"https:\/\/plejada.romanisci.edu.pl\/fr\/wp-json\/wp\/v2\/media?parent=65"}],"curies":[{"name":"wp","href":"https:\/\/api.w.org\/{rel}","templated":true}]}}