{"id":664,"date":"2025-10-13T11:53:36","date_gmt":"2025-10-13T09:53:36","guid":{"rendered":"https:\/\/plejada.romanisci.edu.pl\/fr\/?page_id=664"},"modified":"2026-04-29T20:37:57","modified_gmt":"2026-04-29T18:37:57","slug":"2025-2","status":"publish","type":"page","link":"https:\/\/plejada.romanisci.edu.pl\/fr\/2025-2\/","title":{"rendered":"2025"},"content":{"rendered":"\n<p><strong>Monografie<\/strong><\/p>\n\n\n\n<p><strong>MODRZEJEWSKA<\/strong>, K., 2025. <em>Godot contre Konrad. Le drame fran\u00e7ais au th\u00e9\u00e2tre polonais (1945-<br>1960)<\/em>, V&amp;R Unipress, G\u00f6ttingen.<\/p>\n\n\n\n<p><strong>SMUK<\/strong>, M., 2025. <em>Od przekona\u0144 do teorii subiektywnych w nauce j\u0119zyk\u00f3w obcych<\/em>, Towarzystwo<br>Autor\u00f3w i Wydawc\u00f3w Prac Naukowych UNIVERSITAS, Krak\u00f3w, 266 p.<\/p>\n\n\n\n<p><strong>SU\u0141KOWSKA<\/strong>, M., 2025. <em>Le figement langagier. Approche g\u00e9n\u00e9rale, contrastive et en<br>phras\u00e9otraduction. D\u00e9fis, probl\u00e8mes, conceptions<\/em>. Wydawnictwo U\u015a, Katowice, 360 p.<\/p>\n\n\n\n<p><strong>K\u0118DZIA-KLEBEKO<\/strong>, B. 2025. La litt\u00e9rature et sa scolarisation dans la soci\u00e9t\u00e9 du savoir. \u00a0Szczecin : Wydawnictwo Naukowe Uniwersytetu Szczeci\u0144skiego.<\/p>\n\n\n\n<p><strong>KOCHANOWSKA<\/strong>, U., 2025. Techniques de traduction des noms propres polonais vers le fran\u00e7ais. Exemple des romans policiers de Zygmunt Mi\u0142oszewski. Paris: L\u2019Harmattan.<\/p>\n\n\n\n<p><strong>KRYSINSKA<\/strong>, M., 2025. Pot\u0119ga pragnienia, t\u0142um., oprac. krytyczne i wst\u0119p Ewa M. WIERZBOWSKA. Gda\u0144sk. Wydawnictwo Uniwesytetu Gda\u0144skiego.<\/p>\n\n\n\n<p><strong>KRYSINSKA<\/strong>, M., 2025. OEUVRES COMPL\u00c8TES. ROMANS ET NOUVELLES. VOLUME II. Folle de son corps. \u00c9dition par Sharon Larson et Gretchen Schultz. La Force du d\u00e9sir. \u00c9dition par Adrianna M. Paliyenko et Ewa M. WIERZBOWSKA, Paris, Honor\u00e9\u00a0Champion.<\/p>\n\n\n\n<p><strong>MOROZ<\/strong>, S. (2025). L\u2019\u00e9dition critique du manuscrit Gall. Quart. 146 conserv\u00e9 dans la collection berlinoise \u00e0 la Biblioth\u00e8que Jagellonne de Cracovie, Bia\u0142ystok\u00a0: Wydawnictwo Temida 2.<\/p>\n\n\n\n<p><strong>SU\u0141KOWSKA<\/strong>, M., 2025.\u00a0Le figement langagier. Approche g\u00e9n\u00e9rale, contrastive et en phras\u00e9otraduction. D\u00e9fis, probl\u00e8mes, conceptions. Katowice: Wydawnictwo Uniwersytetu \u015al\u0105skiego.<\/p>\n\n\n\n<p><strong>Redakcje<\/strong><\/p>\n\n\n\n<p><strong>DYONIZIAK<\/strong>, J., (r\u00e9d.) 2025. <em>Repr\u00e9sentations identitaires dans le discours<\/em>, Wydawnictwo Rys,<br>Pozna\u0144, 176 p.<\/p>\n\n\n\n<p><strong>KOCIUBI\u0143SKA<\/strong>, E., <strong>MAZURKIEWICZ<\/strong>, P., <strong>NIEDOKOS,<\/strong> J., <strong>PAPROCKA-PIOTROWSKA<\/strong>, U., <strong>WO\u0141OWSKA<\/strong>, K. (dir.), 2025. Academic Journal of Modern Philology. Num\u00e9ro sp\u00e9cial, Vol. 25 (2025). Wroc\u0142aw: Academic Journal of Modern Philology,<\/p>\n\n\n\n<p><strong>DOTOLI<\/strong>, G.,<strong> GOLDA<\/strong>, P., <strong>MEJRI<\/strong>, S., <strong>TURCAT<\/strong>, E. (dir.), 2025. Les Cahiers du dictionnaire, 17. Paris: Classiques Garnier. https:\/\/doi.org\/10.48611\/isbn.978-2-406-20012-3\u00a0<\/p>\n\n\n\n<p><strong>GOLDA<\/strong>, P., <strong>KULI\u0106<\/strong>, A., <strong>CHEN<\/strong>, L., <strong>FERREIRA VIEIRA<\/strong>, V., <strong>RYSZKA<\/strong>, J. (dir.), 2025. Rabelais et ses phras\u00e9ologismes gargantuesques : analyse des proc\u00e9d\u00e9s de phras\u00e9otraduction en polonais, BCMS, chinois, japonais et portugais br\u00e9silien, Herm\u0113neus. Revista de Traducci\u00f3n e Interpretaci\u00f3n, 27, p. 315-346. https:\/\/doi.org\/10.24197\/gvej8e36\u00a0<\/p>\n\n\n\n<p><strong>GOLDA<\/strong>, P., <strong>RYSZKA<\/strong>, J.,<strong> TOREN<\/strong>, A., 2025. On Helena Heller\u00f3wna. The Life and Achievements of a Polish Literary Translator, Academic Journal of Modern Philology, p. 27, 107-130. https:\/\/doi.org\/10.34616\/ajmp.2025.27.8\u00a0<\/p>\n\n\n\n<p><strong>WYS\u0141OBOCKI,<\/strong> T., <strong>JAKUBOSZCZAK<\/strong>, A., <strong>KURAS,<\/strong> K., <strong>PAW\u0141OWSKA<\/strong>, M., <strong>BIA\u0141EK<\/strong>, E. (dir.), 2025. Orbis Linguarum, Vol. 59, G\u00f6rlitz ; Senfkorn Verlag ; Wroc\u0142aw : Oficyna Wydawnicza ATUT, 718 s.  URL: https:\/\/orbis-linguarum.pl\/pl\/current<\/p>\n\n\n\n<p><strong>COOK,<\/strong> J.,<strong> GRABOWSKA,<\/strong> M., (dir.), 2025.\u00a0Romanica Wratislaviensia, 72.<\/p>\n\n\n\n<p><strong>GRABOWSKA<\/strong>, M., <strong>STARO\u0143<\/strong>, A., <strong>LESIAK<\/strong>, W., <strong>SASIN<\/strong>, E., <strong>ZIELNIK<\/strong>, T. (dir.),\u00a02005. Correspondances. Acta Universitatis Lodziensis. Folia Litteraria Romanica,\u00a0N\u2070 20, vol. 2.<\/p>\n\n\n\n<p><strong>GRABOWSKA<\/strong>, M., <strong>STARO\u0143<\/strong>, A. (dir.), 2025. Folia Litteraria Romanica Vol. 2 No 20. Correspondances.\u00a0<\/p>\n\n\n\n<p><strong>STARO\u0143<\/strong>, A. (dir.), 2025. Babel. Litt\u00e9ratures plurielles\u00a0n\u00b0 52. \u00ab Enfin tout le reste \u00bb. Donner voix \u00e0 la nature (vol. II).<\/p>\n\n\n\n<p><strong>CIE\u0143SKI<\/strong>, M., <strong>ZATORSKA<\/strong>, I. (dir.), 2025. Rozwa\u017cania o powie\u015bci od pani de Lafayette do markiza de Sade. Warszawa: Wydawnictwa Uniwersytetu Warszawskiego.<\/p>\n\n\n\n<p><strong>DOMAGA\u0141A-ZY\u015aK<\/strong>, E., <strong>KARPI\u0143SKA-SZAJ<\/strong>, K.,<strong> SEDLACKOVA<\/strong>, J. (dir.), 2025. Learning foreign languages: experiences of persons with disabilities and special educational needs and their teachers. Frontiers in Education.<\/p>\n\n\n\n<p><strong>KARPI\u0143SKA-SZAJ<\/strong>, K. <strong>WOJCIECHOWSKA<\/strong>, B. (dir.). 2025. Acquisition du discours acad\u00e9mique : lectures, analyses, interactions. Studia Romanica Posnaniensia52\/1.\u00a0<\/p>\n\n\n\n<p><strong>CHBAB<\/strong>, M., <strong>NIELIPOWICZ<\/strong>, N., <strong>POIGNAULT<\/strong>, R. (dir.) 2025. vol. 49. Marguerite Yourcenar et le souci du monde (num\u00e9ro 1 et 2), Lublin Studies in Modern Languages and Literature, https:\/\/journals.umcs.pl\/lsmll\/issue\/view\/868 ; https:\/\/journals.umcs.pl\/lsmll\/issue\/view\/869<\/p>\n\n\n\n<p><strong>KOCIUBI\u0143SKA<\/strong>, E., <strong>NIEDOKOS<\/strong>, J. (dir.), 2025. Qu\u00eates litt\u00e9raires, vol. 15, \u00ab S\u2019inspirer de la Bible \u00bb.<\/p>\n","protected":false},"excerpt":{"rendered":"<p>Monografie MODRZEJEWSKA, K., 2025. Godot contre Konrad. Le drame fran\u00e7ais au th\u00e9\u00e2tre polonais (1945-1960), V&amp;R Unipress, G\u00f6ttingen. SMUK, M., 2025.<\/p>\n","protected":false},"author":6,"featured_media":0,"parent":0,"menu_order":0,"comment_status":"closed","ping_status":"closed","template":"","meta":{"footnotes":""},"class_list":["post-664","page","type-page","status-publish","hentry","comments-off"],"_links":{"self":[{"href":"https:\/\/plejada.romanisci.edu.pl\/fr\/wp-json\/wp\/v2\/pages\/664","targetHints":{"allow":["GET"]}}],"collection":[{"href":"https:\/\/plejada.romanisci.edu.pl\/fr\/wp-json\/wp\/v2\/pages"}],"about":[{"href":"https:\/\/plejada.romanisci.edu.pl\/fr\/wp-json\/wp\/v2\/types\/page"}],"author":[{"embeddable":true,"href":"https:\/\/plejada.romanisci.edu.pl\/fr\/wp-json\/wp\/v2\/users\/6"}],"replies":[{"embeddable":true,"href":"https:\/\/plejada.romanisci.edu.pl\/fr\/wp-json\/wp\/v2\/comments?post=664"}],"version-history":[{"count":3,"href":"https:\/\/plejada.romanisci.edu.pl\/fr\/wp-json\/wp\/v2\/pages\/664\/revisions"}],"predecessor-version":[{"id":713,"href":"https:\/\/plejada.romanisci.edu.pl\/fr\/wp-json\/wp\/v2\/pages\/664\/revisions\/713"}],"wp:attachment":[{"href":"https:\/\/plejada.romanisci.edu.pl\/fr\/wp-json\/wp\/v2\/media?parent=664"}],"curies":[{"name":"wp","href":"https:\/\/api.w.org\/{rel}","templated":true}]}}