{"id":666,"date":"2025-10-13T12:01:53","date_gmt":"2025-10-13T10:01:53","guid":{"rendered":"https:\/\/plejada.romanisci.edu.pl\/fr\/?page_id=666"},"modified":"2026-04-29T20:28:02","modified_gmt":"2026-04-29T18:28:02","slug":"2024-2","status":"publish","type":"page","link":"https:\/\/plejada.romanisci.edu.pl\/fr\/2024-2\/","title":{"rendered":"2024"},"content":{"rendered":"\n<p><strong>DECOUT<\/strong>, M., <strong>WOLF<\/strong>, N., <strong>JAKUBCZUK<\/strong>, R., <strong>KUCHARUK<\/strong>, S. (dir.), 2024. <em>Anna Langfus, la Shoah, le silence et la voix<\/em>. Leiden: Koninklijke Brill NV.<\/p>\n\n\n\n<p><strong>DREWNIAK<\/strong>, D., <strong>FELDMAN-KO\u0141ODZIEJUK<\/strong>, E., <strong>SADKOWSKI<\/strong>, P., <strong>WARMUZI\u0143SKA-ROG\u00d3\u017b<\/strong>, J. (dir.), 2024.\u00a0 <em>Inclusion &amp;exclusion in\/au Canada<\/em>. G\u00f6ttingen: Vandenhoeck &amp; Ruprecht Verlag.<\/p>\n\n\n\n<p><strong>LEDWINA<\/strong>, A. (dir.), 2024. <em>Le Corps dans la litt\u00e9rature fran\u00e7aise et francophone.<\/em> <em>Literaport. Revue annuelle de la litt\u00e9rature francophone<\/em>. Seria, nr 11. Opole : Wydawnictwo Uniwersytetu Opolskiego.<\/p>\n\n\n\n<p><strong>OBSZY\u0143SKI<\/strong>, M., <strong>SOKO\u0141OWICZ<\/strong>, M. (dir.), 2024. <em>Le Canada et l\u2019imaginaire du Nord. Enjeux g\u00e9opolitiques, identitaires et esth\u00e9tiques\/Canada and the Imagined North: Geopolitical, Identity and Aesthetic Issues<\/em>. Wiesbaden: Harrassovitz Verlag. <a href=\"https:\/\/doi.org\/10.13173\/9783447122504.085\">https:\/\/doi.org\/10.13173\/9783447122504.085<\/a><\/p>\n\n\n\n<p><strong>SOWA<\/strong>, M. 2024. <em>Nauczyciel j\u0119zyka obcego zawodowego Koncepcje &#8211; potrzeby &#8211; rekomendacje.<\/em> Lublin: Wydawnictwo UMCS.<\/p>\n\n\n\n<p><strong>SU\u0141KOWSKA<\/strong>, M., 2025.\u00a0<em>Le figement langagier. Approche g\u00e9n\u00e9rale, contrastive et en phras\u00e9otraduction. D\u00e9fis, probl\u00e8mes, conceptions. <\/em>Katowice: Wydawnictwo U\u015a.<\/p>\n\n\n\n<p><strong>\u015aLIWA<\/strong>, D. 2023.\u00a0<em>Esquisse de la formation des mots en fran\u00e7ais avec des \u00e9l\u00e9ments de l\u2019approche contrastive fran\u00e7ais-polonais<\/em>. Lublin: Towarzystwo Naukowe KUL. ISBN 978-83-066647-56-5<\/p>\n\n\n\n<p><strong>\u015aLIWA<\/strong>, D., (przek\u0142ad) 2024. Luc Adrian,\u00a0<em>Franciszek z Asy\u017cu. Rycerz bez zbroi<\/em>. Krak\u00f3w: Wydawnictwo Bratni Zew.\u00a0\u00a0ISBN:978-83-7485-555-6\u00a0<\/p>\n\n\n\n<p><strong>\u015aWIERCZ<\/strong>, \u0141. 2024, <em>Cia\u0142o i g\u0142os: poetyki reprezentacji do\u015bwiadczenia deportacji w literaturze francuskiej<\/em>, Wydawnictwo Naukowe Uniwersytetu Szczeci\u0144skiego, 233 p.<\/p>\n","protected":false},"excerpt":{"rendered":"<p>DECOUT, M., WOLF, N., JAKUBCZUK, R., KUCHARUK, S. (dir.), 2024. Anna Langfus, la Shoah, le silence et la voix. Leiden:<\/p>\n","protected":false},"author":6,"featured_media":0,"parent":0,"menu_order":0,"comment_status":"closed","ping_status":"closed","template":"","meta":{"footnotes":""},"class_list":["post-666","page","type-page","status-publish","hentry","comments-off"],"_links":{"self":[{"href":"https:\/\/plejada.romanisci.edu.pl\/fr\/wp-json\/wp\/v2\/pages\/666","targetHints":{"allow":["GET"]}}],"collection":[{"href":"https:\/\/plejada.romanisci.edu.pl\/fr\/wp-json\/wp\/v2\/pages"}],"about":[{"href":"https:\/\/plejada.romanisci.edu.pl\/fr\/wp-json\/wp\/v2\/types\/page"}],"author":[{"embeddable":true,"href":"https:\/\/plejada.romanisci.edu.pl\/fr\/wp-json\/wp\/v2\/users\/6"}],"replies":[{"embeddable":true,"href":"https:\/\/plejada.romanisci.edu.pl\/fr\/wp-json\/wp\/v2\/comments?post=666"}],"version-history":[{"count":3,"href":"https:\/\/plejada.romanisci.edu.pl\/fr\/wp-json\/wp\/v2\/pages\/666\/revisions"}],"predecessor-version":[{"id":710,"href":"https:\/\/plejada.romanisci.edu.pl\/fr\/wp-json\/wp\/v2\/pages\/666\/revisions\/710"}],"wp:attachment":[{"href":"https:\/\/plejada.romanisci.edu.pl\/fr\/wp-json\/wp\/v2\/media?parent=666"}],"curies":[{"name":"wp","href":"https:\/\/api.w.org\/{rel}","templated":true}]}}