{"id":67,"date":"2021-04-14T07:34:52","date_gmt":"2021-04-14T05:34:52","guid":{"rendered":"http:\/\/plejada.romanisci.edu.pl\/nowa_strona2\/?page_id=67"},"modified":"2021-04-14T07:34:52","modified_gmt":"2021-04-14T05:34:52","slug":"2006-2","status":"publish","type":"page","link":"https:\/\/plejada.romanisci.edu.pl\/fr\/publications\/2006-2\/","title":{"rendered":"2006"},"content":{"rendered":"\n<p>Imi\u0119 i nazwisko: <strong>Justyna \u0141ukaszewicz<\/strong><br>Dramaty Franciszka Zab\u0142ockiego jako przek\u0142ady i adaptacje<br>Wydawnictwo Uniwersytetu Wroc\u0142awskiego, Wroc\u0142aw<br><br>Imi\u0119 i nazwisko: <strong>Agnieszka August-Zar\u0119bska<\/strong><br>Poezja wobec rzeczywisto\u015bci. Poetyckie epifanie Jorge Guill\u00e9na i Czes\u0142awa Mi\u0142osza, Wydawnictwo Uniwersytetu Wroc\u0142awskiego, Wroc\u0142aw<br><br>Imi\u0119 i nazwisko: <strong>El\u017cbieta Skibi\u0144ska (red.)<\/strong><br>Konwicki i t\u0142umacze<br>Oficyna Wydawnicza Leksem, \u0141ask<br><br>Imi\u0119 i nazwisko: <strong>Davide Artico, Ludovico Fulci (red.)<\/strong><br>Il dubbio e la fede. Ortodossia, eresia e miscredenza da Francesco Petrarca a Giordano Bruno, Atti del Convegno Internazionale di Studi &#8211; Breslavia, 27-28 maggio 2006<br>Dolno\u015bl\u0105skie Wydawnictwo Edukacyjne, Wroc\u0142aw<br><br>Imi\u0119 i nazwisko: <strong>Davide Artico, Ludovico Fulci (red.)<\/strong><br>Hans-Georg Gadamer e il mito della mediterraneit\u00e0, Seminario Interdisciplinare &#8211; Breslavia, 6-7 maggio 2005<br>Dolno\u015bl\u0105skie Wydawnictwo Edukacyjne, Wroc\u0142aw 2006<br><br>Imi\u0119 i nazwisko: <strong>Ma\u0142gorzata Tomicka (wyb\u00f3r tekst\u00f3w i pos\u0142owie)<\/strong><br>Francuskie opowiadania o mi\u0142o\u015bci. XIX w.<br>Wydawnictwo Dolno\u015bl\u0105skie, Wroc\u0142aw<\/p>\n\n\n\n<p>Imi\u0119 i nazwisko : <strong>Zbigniew Naliwajek (red.)<\/strong><br>1907 \u2013 1909 un tournant pour la po\u00e9sie fran\u00e7aise<br>Instytut Romanistyki, Uniwersytet Warszawski<\/p>\n\n\n\n<p>Imi\u0119 i nazwisko : <strong>J\u00f3zef Kwaterko, Petr Kylousek, Max Roy (red.)<\/strong><br>Imaginaire du roman qu\u00e9becois contemporain<br>Masarykova univerzita i Universit\u00e9 du Qu\u00e9bec<\/p>\n\n\n\n<p>Imi\u0119 i nazwisko : <strong>J\u00f3zef Kwaterko (red.)<\/strong><br>L\u2019humour et le rire dans les litt\u00e9ratures francophones des Am\u00e9riques<br>L\u2019Harmattan, Paris<\/p>\n\n\n\n<p>Imi\u0119 i nazwisko : <strong>Henryk Chudak, Zbigniew Naliwajek (red.)<\/strong><br>La p\u00e9riodisation en histoire litt\u00e9raire&nbsp; XVIIIe \u2013 Xxe si\u00e8cles<br>Wydawnictwo UW, Warszawa<\/p>\n\n\n\n<p>Imi\u0119 i nazwisko : <strong>Bohdan Bogacki, Anna Miatluk (red.)<\/strong><br>Proceedings of the International Conference. Semantic Relations in Language and Culture<br>Wydawnictwo Uniwersytetu w Bia\u0142ymstoku, Bia\u0142ystok<\/p>\n\n\n\n<p>Imi\u0119 i nazwisko : <strong>Jolanta Zaj\u0105c<\/strong><br>Taxi !2 Cahier d\u2019exercices (adaptacja polska)<br>Hachette Livre Polska, Warszawa<\/p>\n\n\n\n<p>Imi\u0119 i nazwisko: <strong>Anna Ledwina<\/strong><br>Sidonie-Gabrielle Colette \u2013 kobieta i pisarka wyprzedzaj\u0105ca swoj\u0105 epok\u0119<br>Wydawnictwo Uniwersytetu Opolskiego, Opole<br><br>Imi\u0119 i nazwisko: <strong>Ma\u0142gorzata Pamu\u0142a<\/strong><br>Metodyka nauczania j\u0119zyk\u00f3w obcych w kszta\u0142ceniu zintegrowanym<br>Fraszka Edukacyjna, Warszawa<\/p>\n\n\n\n<p>Imi\u0119 i nazwisko: <strong>Wies\u0142aw Malinowski, J\u00f3zef Sypnicki (Red.)<\/strong><br>Studia Romanica Posnaniensia XXXIII<br>Wydawnictwo Naukowe UAM<\/p>\n\n\n\n<p>Imi\u0119 i nazwisko: <strong>Edyta Kociubi\u0144ska<\/strong><br>Le dialogue avec le naturalisme dans l&rsquo;oeuvre de Joris-Karl Huysmans. \u00c0 vau-l&rsquo;eau, rebours, L\u00e0-bas<br>Towarzystwo Naukowe KUL<\/p>\n\n\n\n<p>Imi\u0119 i nazwisko: <strong>Wies\u0142aw Bany\u015b (Red.)<\/strong><br>Neophilologica, t. 18<br>Wydawnictwo Uniwersytetu \u015al\u0105skiego<\/p>\n\n\n\n<p>Imi\u0119 i nazwisko: <strong>Jerzy Brzozowski, Jadwiga Konieczna-Twardzikowa, M. Filipowicz-Rudek (Red.)<\/strong><br>Mi\u0119dzy orygina\u0142em a przek\u0142adem, t. XII: G\u0142os i d\u017awi\u0119k w przek\u0142adzie<br>Ksi\u0119garnia Akademicka<\/p>\n\n\n\n<p>Imi\u0119 i nazwisko: <strong>Teresa Tomaszkiewicz<\/strong><br>Przek\u0142ad audiowizualny<br>PWN<\/p>\n\n\n\n<p>Imi\u0119 i nazwisko: <strong>Zuzanna Dzi\u0119gielewska-Pecy\u0144ska (Red.)<\/strong><br>Strat\u00e9gies innovantes et standards de qualit\u00e9 pour l&rsquo;apprentissage bilingue en Europe<br>AEDE\/CODN.\/MEN<\/p>\n\n\n\n<p>Imi\u0119 i nazwisko: <strong>Czes\u0142aw Grzesiak (Red.)<\/strong><br>tom pokonferencyjny<br>Fr\u00e8res et\/ou soeurs dans les litt\u00e9ratures en langues romanes<br>Wydawnictwo UMCS<\/p>\n\n\n\n<p>Imi\u0119 i nazwisko: <strong>Jerzy Lis<\/strong><br>Obrze\u017ca autobiografii. O wsp\u00f3\u0142czesnym pisarstwie autofikcyjnym we Francji.<br>Wydawnictwo Naukowe UAM<\/p>\n\n\n\n<p>Imi\u0119 i nazwisko: <strong>Teresa Tomaszkiewicz<\/strong><br>Terminologia t\u0142umaczenia, (wydanie II)<br>Wydawnictwo Naukowe UAM<\/p>\n\n\n\n<p>Imi\u0119 i nazwisko: <strong>Teresa Tomaszkiewicz (Red.)<\/strong><br>Vers une nouvelle dimension des \u00e9tudes romanes<br>Oficyna Wydawnicza Leksem<\/p>\n\n\n\n<p>Imi\u0119 i nazwisko: <strong>Teresa Tomaszkiewicz (Red.)<\/strong><br>Odpowiednie da\u0107 rzeczy s\u0142owo, czyli jak t\u0142umaczy\u0107 z francuskiego na nasze i odwrotnie<br>Wydawnictwo Naukowe UAM<\/p>\n\n\n\n<p>Imi\u0119 i nazwisko: <strong>Ma\u0142gorzata Tryuk<\/strong><br>Przek\u0142ad ustny \u015brodowiskowy<br>PWN<\/p>\n\n\n\n<p>Imi\u0119 i nazwisko: <strong>Magda Lipi\u0144ska<\/strong><br>Essais sur les priam\u00e8les polonaises<br>Wydawnictwo Uniwersytetu \u0141\u00f3dzkiego<\/p>\n\n\n\n<p>Imi\u0119 i nazwisko: <strong>Witold Konstanty Pietrzak<\/strong><br>Le tragique dans les nouvelles exemplaires en France au XVIe si\u00e8cle<br>Wydawnictwo Uniwersytetu \u0141\u00f3dzkiego<\/p>\n\n\n\n<p>Imi\u0119 i nazwisko: <strong>Witold Konstanty Pietrzak (Red.)<\/strong><br>Dawne literatury roma\u0144skie. Studia i szkice. \u00ab\u00a0Folia Litteraria Romanica\u00a0\u00bb nr 4<br>Wydawnictwo Uniwersytetu \u0141\u00f3dzkiego<\/p>\n\n\n\n<p>Imi\u0119 i nazwisko: <strong>Piotr Tylus<\/strong><br>(wsp\u00f3\u0142autorstwo z Dominique STUTZMANN), Les manuscrits m\u00e9di\u00e9vaux fran\u00e7ais et occitans de la Preussische Staatsbibliothek et de la Staatsbibliothek zu Berlin Preussischer Kulturbesitz, d\u00e9crits par Dominique Stutzmann et Piotr Tylus, s.350<br>Harrassowitz Verlag<\/p>\n\n\n\n<p>Imi\u0119 i nazwisko: <strong>Alicja Sobczak, Bo\u017cena Jurkiewicz, Aleksandra Ratuszniak<\/strong><br>J\u0119zyk francuski. Poziom podstawowy (wyd. 2 rozszerzone)<br>Wydawnictwo Szkolne OMEGA<\/p>\n\n\n\n<p>Imi\u0119 i nazwisko: <strong>Alicja Sobczak, Bo\u017cena Jurkiewicz, Aleksandra Ratuszniak<\/strong><br>J\u0119zyk francuski. Poziom rozszerzony (wyd. 2 rozszerzone)<br>Wydawnictwo Szkolne OMEGA<\/p>\n\n\n\n<p>Imi\u0119 i nazwisko: <strong>Zuzanna Dzi\u0119gielewska-Pecy\u0144ska (Red.)<\/strong><br>Nauczanie dwuj\u0119zyczne w Polsce i w Europie<br>CODN<\/p>\n\n\n\n<p>Imi\u0119 i nazwisko: <strong>El\u017cbieta Skibi\u0144ska, Davide Artico (Red.)<\/strong><br>Romanica Wratislaviensia LII<br>Wydawnictwo Uniwersytetu Wroc\u0142awskiego<\/p>\n\n\n\n<p>Imi\u0119 i nazwisko: <strong>El\u017cbieta Biardzka (Red.)<\/strong><br>Romanica Wratislaviensia LIII<br>Wydawnictwo Uniwersytetu Wroc\u0142awskiego<\/p>\n\n\n\n<p>Imi\u0119 i nazwisko: <strong>Ma\u0142gorzata Tomicka<\/strong><br>(wyb\u00f3r, pos\u0142owie), Francuskie opowiadania o mi\u0142o\u015bci<br>Wydawnictwo Dolno\u015bl\u0105skie<\/p>\n\n\n\n<p>Imi\u0119 i nazwisko: <strong>J\u00f3zef Sypnicki, Wies\u0142aw Malinowski (Red.)<\/strong><br>Studia Romanica Posnaniensia, nr 33<br>Wydawnictwo Naukowe UAM<\/p>\n\n\n\n<p>Imi\u0119 i nazwisko: <strong>Jolanta Krieger-Knieja, Urszula Paprocka-Piotrowska (Red.)<\/strong><br>Komunikacja j\u0119zykowa w spo\u0142ecze\u0144stwie informacyjnym<br>Towarzystwo Naukowe KUL<\/p>\n\n\n\n<p>Komitet Redakcyjny : <strong>Zofia Kolbuszewska, Pawe\u0142 Matyaszewski (Redaktor Naczelny), Urszula Paprocka-Piotrowska (Sekretarz), Alfons Pilorz.<\/strong><br>Roczniki Humanistyczne, tom LIV, zeszyt 5<br>Towarzystwo Naukowe KUL<\/p>\n\n\n\n<p>Imi\u0119 i nazwisko: <strong>Barbara Marczuk-Szwed<\/strong><br>Les Maladies de l\u2019\u00e2me dans les narrations au f\u00e9minin \u00e0 la Renaissance. H\u00e9lisenne de Crenne, Jeanne Flore, Marguerite de Navarre<br>Wydawnictwo UJ, Krak\u00f3w<\/p>\n\n\n\n<p>Imi\u0119 i nazwisko: <strong>Jerzy Brzozowski (Red.)<\/strong><br>Traduire la ville<br>Wydawnictwo Uniwersytetu Jagielo\u0144skiego<\/p>\n\n\n\n<p>Imi\u0119 i nazwisko: <strong>El\u017cbieta Skibi\u0144ska (Red.)<\/strong><br>Konwicki i t\u0142umacze<br>Oficyna Wydawnicza Leksem<\/p>\n\n\n\n<p>Imi\u0119 i nazwisko: <strong>Witold K. Pietrzak (Red.)<\/strong><br>Dawne literatury roma\u0144skie. Studia i szkice, seria \u00ab\u00a0Folia Litteraria Romanica\u00a0\u00bb nr 4<br>Wydawnictwo Uniwersytetu \u0141\u00f3dzkiego<\/p>\n\n\n\n<p><strong>Romanica Cracoviensia, t. 6<\/strong><br>Wydawnictwo Uniwersytetu Jagielo\u0144skiego<\/p>\n\n\n\n<p><strong>\u00ab\u00a0Studia Linguistica Universitatis Iagellonicae Cracoviensis\u00a0\u00bb, t. 123<\/strong><br>Wydawnictwo Uniwersytety Jagielo\u0144skiego<\/p>\n\n\n\n<p>Imi\u0119 i nazwisko: <strong>Regina Bochenek-Franczakowa (Red.)<\/strong><br>Studia Litteraria Universitatis Iagellonicae Cracoviensis, t. 99<br>Wydawnictwo Uniwersytetu Jagielo\u0144skiego<\/p>\n\n\n\n<p><strong>\u00ab\u00a0Przek\u0142adaniec\u00a0\u00bb, 16\/2006<\/strong><\/p>\n\n\n\n<p>Imi\u0119 i nazwisko: <strong>Michalina Kowalska, Andrzej Zawadzki (Red.)<\/strong><br>O kondycji literatury najnowszej. Polsko-francuskie spotkania literackie<br>WUJ<\/p>\n\n\n\n<p><strong>\u00ab\u00a0Syn\u00e9rgies Pologne\u00a0\u00bb, 3\/2006<\/strong><\/p>\n\n\n\n<p>Imi\u0119 i nazwisko: <strong>Joanna Gorecka-Kalita<\/strong><br>z j\u0119z. francuskiego na polski: Tristan i Izolda (B\u00e9roul, Le Roman de Tristan, Thomas, Le Roman de Tristan, Marie de France, Chievrefoil; Folie Tristan d&rsquo;Oxford; Folie Tristan deBerne),<br>Ossolineum<\/p>\n\n\n\n<p>Imi\u0119 i nazwisko: <strong>Wies\u0142aw Bany\u015b (Red.)<\/strong><br>Neophilologica 18<br>Wydawnictwo Uniwersytetu \u015al\u0105skiego<\/p>\n\n\n\n<p>Imi\u0119 i nazwisko: <strong>Krzysztof Jarosz (Red.)<\/strong><br>Romanica silesiana 1<br>Wydawnictwo Uniwersytetu \u015al\u0105skiego<\/p>\n\n\n\n<p>Imi\u0119 i nazwisko: <strong>K. Kwapisz-Osadnik<\/strong><br>Podr\u0119czny s\u0142ownik francusko-polski, polsko-francuski<br>Lektor Klett<\/p>\n\n\n\n<p>Imi\u0119 i nazwisko: <strong>Krystyna Wojtynek-Musik<\/strong><br>Terra rhetorica w poezji Rimbauda, s. 153<br>Wydawnictwo Uniwersytetu \u015al\u0105skiego<\/p>\n\n\n\n<p>Imi\u0119 i nazwisko: <strong>Magdalena Zdrada-Cok<\/strong><br>Les figures de Narcisse dans l&rsquo;oeuvre de Marguerite Yourcenar, s.145<br>Wydawnictwo Uniwersytetu \u015al\u0105skiego<\/p>\n\n\n\n<p>Imi\u0119 i nazwisko: <strong>Krzysztof Jarosz (t\u0142um.)<\/strong><br>\u00c9mile Cioran \u00ab\u00a0Wyznania i anatemy\u00a0\u00bb<br>Wydawnictwo Zielona Sowa<\/p>\n\n\n\n<p>Imi\u0119 i nazwisko: <strong>Ma\u0142gorzata Pamu\u0142a, Anita Pytlarz (Red.)<\/strong><br>Synergies Pologne 3<br>GERFLINT\/AP<\/p>\n\n\n\n<p>Imi\u0119 i nazwisko: <strong>Maria Falska (Red.)<\/strong><br>Theatralia : du texte au spectacle. M\u00e9langes offerts \u00e0 Halina Sawecka<br>Wydawnictwo UMCS<\/p>\n\n\n\n<p>Imi\u0119 i nazwisko: <strong>Czes\u0142aw Grzesiak (Red.)<\/strong><br>Fr\u00e8 res et\/ou soeurs dans les litt\u00e9ratures en langues romanes<br>Wydawnictwo UMCS<\/p>\n\n\n\n<p>Imi\u0119 i nazwisko: <strong>Petru\u0163a Sp\u00e2nu<\/strong><br>Christian Libens, P\u0103durea lui Apollinaire (La for\u00eat d&rsquo;Apollinaire), t\u0142umaczenie z j\u0119zyka francuskiego na rumu\u0144ski<br>Wydawnictwo Fides<\/p>\n\n\n\n<p>Imi\u0119 i nazwisko: <strong>Petru\u0163a Sp\u00e2nu<\/strong><br>Jacques de Decker, Paul Emond, Povestiri cu tablouri (Histoires des tableaux), t\u0142umaczenie z j\u0119zyka francuskiego na rumu\u0144ski<br>Wydawnictwo Fides<\/p>\n\n\n\n<p>Imi\u0119 i nazwisko: <strong>Petru\u0163a Sp\u00e2nu<\/strong><br>Jacques de Decker, Filozofii amatori (Les philosophes amateurs), t\u0142umaczenie z j\u0119zyka francuskiego na rumu\u0144ski<br>Wydawnictwo Fides<\/p>\n\n\n\n<p>Imi\u0119 i nazwisko: <strong>Petru\u0163a Sp\u00e2nu<\/strong><br>Jacqueline Harpman, Lucarna (La lucarne), Nouvelles traduites du fran\u00e7ais<br>Wydawnictwo Fides<\/p>\n","protected":false},"excerpt":{"rendered":"<p>Imi\u0119 i nazwisko: Justyna \u0141ukaszewiczDramaty Franciszka Zab\u0142ockiego jako przek\u0142ady i adaptacjeWydawnictwo Uniwersytetu Wroc\u0142awskiego, Wroc\u0142aw Imi\u0119 i nazwisko: Agnieszka August-Zar\u0119bskaPoezja wobec<\/p>\n","protected":false},"author":1,"featured_media":0,"parent":33,"menu_order":0,"comment_status":"closed","ping_status":"closed","template":"","meta":{"footnotes":""},"class_list":["post-67","page","type-page","status-publish","hentry","comments-off"],"_links":{"self":[{"href":"https:\/\/plejada.romanisci.edu.pl\/fr\/wp-json\/wp\/v2\/pages\/67","targetHints":{"allow":["GET"]}}],"collection":[{"href":"https:\/\/plejada.romanisci.edu.pl\/fr\/wp-json\/wp\/v2\/pages"}],"about":[{"href":"https:\/\/plejada.romanisci.edu.pl\/fr\/wp-json\/wp\/v2\/types\/page"}],"author":[{"embeddable":true,"href":"https:\/\/plejada.romanisci.edu.pl\/fr\/wp-json\/wp\/v2\/users\/1"}],"replies":[{"embeddable":true,"href":"https:\/\/plejada.romanisci.edu.pl\/fr\/wp-json\/wp\/v2\/comments?post=67"}],"version-history":[{"count":1,"href":"https:\/\/plejada.romanisci.edu.pl\/fr\/wp-json\/wp\/v2\/pages\/67\/revisions"}],"predecessor-version":[{"id":68,"href":"https:\/\/plejada.romanisci.edu.pl\/fr\/wp-json\/wp\/v2\/pages\/67\/revisions\/68"}],"up":[{"embeddable":true,"href":"https:\/\/plejada.romanisci.edu.pl\/fr\/wp-json\/wp\/v2\/pages\/33"}],"wp:attachment":[{"href":"https:\/\/plejada.romanisci.edu.pl\/fr\/wp-json\/wp\/v2\/media?parent=67"}],"curies":[{"name":"wp","href":"https:\/\/api.w.org\/{rel}","templated":true}]}}