{"id":73,"date":"2021-04-14T07:36:57","date_gmt":"2021-04-14T05:36:57","guid":{"rendered":"http:\/\/plejada.romanisci.edu.pl\/nowa_strona2\/?page_id=73"},"modified":"2021-04-14T07:37:10","modified_gmt":"2021-04-14T05:37:10","slug":"2003-2","status":"publish","type":"page","link":"https:\/\/plejada.romanisci.edu.pl\/fr\/publications\/2003-2\/","title":{"rendered":"2003"},"content":{"rendered":"\n<p>Imi\u0119 i nazwisko: <strong>Henryk Chudak<\/strong><br>Positions critiques<br>Wydawnictwa UW, Warszawa<\/p>\n\n\n\n<p>Imi\u0119 i nazwisko: <strong>Anna Grze\u015bkowiak-Krwawicz, Izabella Zatorska (red.)<br><\/strong>Libert\u00e9 : h\u00e9ritage du pass\u00e9 ou id\u00e9e des Lumi\u00e8res?<br>Collegium Columbinum, Krak\u00f3w<\/p>\n\n\n\n<p>Imi\u0119 i nazwisko: <strong>J\u00f3zef Kwaterko<\/strong><br>Dialogi z Ameryk\u0105 : o frankofo\u0144skiej literaturze w Qu\u00e9becu i na Karaibach<br>Universitas, Krak\u00f3w<\/p>\n\n\n\n<p>Imi\u0119 i nazwisko: <strong>Miros\u0142aw Loba<\/strong><br>Sujet et th\u00e9orie litt\u00e9raire en France apr\u00e8s 1968<br>Wydawnictwo Naukowe UAM, Pozna\u0144<\/p>\n\n\n\n<p>Imi\u0119 i nazwisko: <strong>Miros\u0142aw Loba, Anna Grzegorczyk, Rafa\u0142 Koschany (red.)<\/strong><br>Horyzonty wyobra\u017ani. Wok\u00f3\u0142 my\u015bli Paula Ric\u0153ura<br>Wydawnictwo Fundacji Humaniora, Pozna\u0144<\/p>\n\n\n\n<p>Imi\u0119 i nazwisko: <strong>Regina Lubas-Bartoszy\u0144ska<br><\/strong>Pisanie autobiograficzne w kontekstach europejskich<br>Wydawnictwo Naukowe \u00ab\u00a0\u015al\u0105sk\u00a0\u00bb, Katowice<\/p>\n\n\n\n<p>Imi\u0119 i nazwisko: <strong>Wies\u0142aw Malinowski<\/strong><br>Le roman du symbolisme (Bourges \u2013 Villiers de l\u2019Isle-Adam \u2013 Dujardin \u2013 Gourmont \u2013 Rodenbach), Wydawnictwo Naukowe UAM, Pozna\u0144<\/p>\n\n\n\n<p>Imi\u0119 i nazwisko: <strong>Zbigniew Naliwajek (red.)<\/strong><br>D\u00e9finitions et red\u00e9finitions de la po\u00e9sie fran\u00e7aise (1900-1950), Actes du colloque polono-fran\u00e7ais \u00e0 l&rsquo;Universit\u00e9 Paris III-Sorbonne Nouvelle, 15-16 juin 2000, Paris<br>Wydawnictwa UW, Varsovie<\/p>\n\n\n\n<p>Imi\u0119 i nazwisko: <strong>Barbara Sosie\u0144 (red.)<\/strong><br>Imaginer le jardin<br>Abrys, Krak\u00f3w<\/p>\n\n\n\n<p>Imi\u0119 i nazwisko: <strong>Barbara Sosie\u0144 (red.)<\/strong><br>Intertekstualno\u015b\u0107 i wyobra\u017aniowo\u015b\u0107<br>Universitas, Krak\u00f3w<\/p>\n\n\n\n<p>Imi\u0119 i nazwisko: <strong>Wies\u0142aw Bany\u015b, Leszek Bednarczuk, Kazimierz Pola\u0144ski (red.)<\/strong><br>\u00c9tudes linguistiques romano-slaves offertes \u00e0 Stanis\u0142aw Karolak<br>\u00ab\u00a0Edukacja\u00a0\u00bb, Krak\u00f3w<\/p>\n\n\n\n<p>Imi\u0119 i nazwisko: <strong>Krzysztof Bogacki<\/strong><br>Anthologie de l\u2019ancien fran\u00e7ais<br>Oficyna Wydawnicza LEKSEM, \u0141ask<\/p>\n\n\n\n<p>Imi\u0119 i nazwisko: <strong>Magdalena Lipi\u0144ska<br><\/strong>Les proverbes prototypiques polonais et fran\u00e7ais<br>Oficyna Wydawnicza LEKSEM, \u0141ask<\/p>\n\n\n\n<p>Imi\u0119 i nazwisko: <strong>Monika Su\u0142kowska<br>S\u00e9quences fig\u00e9es. \u00c9tude lexicographique et contrastive. Question d&rsquo;\u00e9quivalence<\/strong><br>Wydawnictwo U\u015a, Katowice<\/p>\n\n\n\n<p>Imi\u0119 i nazwisko: <strong>Magdalena Szefli\u0144ska<\/strong><br>Sources et formes d&rsquo;amplifications dans les traductions litt\u00e9raires du fran\u00e7ais en polonais<br>Oficyna Wydawnicza LEKSEM, \u0141ask<\/p>\n\n\n\n<p>Imi\u0119 i nazwisko: <strong>Mieczys\u0142aw Gajos<\/strong><br>Plaisirs d\u2019amour. M\u00e9thode de fran\u00e7ais par la chanson (manuel et CD)<br>Oficyna Wydawnicza LEKSEM, \u0141ask<\/p>\n\n\n\n<p>Imi\u0119 i nazwisko: <strong>Ma\u0142gorzata Pamu\u0142a<\/strong><br>Metodyka nauczania j\u0119zyk\u00f3w obcych w kszta\u0142ceniu zintegrowanym<br>Fraszka Edukacyjna, Warszawa<\/p>\n\n\n\n<p>Imi\u0119 i nazwisko: <strong>Urszula Paprocka-Piotrowska<br><\/strong><em>Temporalit\u00e9 et narration. D\u00e9veloppement des moyens de donner l\u2019information temporelle dans le discours chez des apprenants polonophones d\u00e9butants en fran\u00e7ais<\/em><br>Towarzystwo Naukowe KUL, Lublin<\/p>\n\n\n\n<p>Imi\u0119 i nazwisko: <strong>Ma\u0142gorzata Pieni\u0105\u017cek, Jolanta Zaj\u0105c<\/strong><br>C\u2019est \u00e7a 2, podr\u0119cznik dla gimnazjum<br>Wydawnictwa Szkolne i Pedagogiczne, Warszawa<\/p>\n\n\n\n<p>Imi\u0119 i nazwisko: <strong>Ma\u0142gorzata Pieni\u0105\u017cek, Jolanta Zaj\u0105c<\/strong><br>C\u2019est \u00e7a 2, poradnik metodyczny<br>Wydawnictwa Szkolne i Pedagogiczne, Warszawa<\/p>\n\n\n\n<p>Imi\u0119 i nazwisko: <strong>Ma\u0142gorzata Pieni\u0105\u017cek, Jolanta Zaj\u0105c<\/strong><br>C\u2019est \u00e7a 2, zeszyt \u0107wicze\u0144<br>Wydawnictwa Szkolne i Pedagogiczne, Warszawa<\/p>\n\n\n\n<p>Imi\u0119 i nazwisko: <strong>Ma\u0142gorzata Twardo\u0144<br>Utilit\u00e9 de l&rsquo;activit\u00e9 de penser analytique et synth\u00e9tique dans l&rsquo;enseignement\/apprentissage des langues \u00e9trang\u00e8res \u00e0 l&rsquo;exemple de la langue fran\u00e7aise<\/strong><br>Wydawnictwo U\u015a, Katowice<\/p>\n\n\n\n<p>Imi\u0119 i nazwisko: <strong>Krzysztof Jarosz (red.)<\/strong><em><br>La traduction litt\u00e9raire \/ La traduzione letteraria \/ La Traducci\u00f3n literaria<\/em><br>Wydawnictwo U\u015a, Katowice<\/p>\n\n\n\n<p>Imi\u0119 i nazwisko: <strong>Anna Kuku\u0142ka-Wojtasik (red.)<\/strong><br>R\u00e9alit\u00e9&nbsp;et&nbsp;imaginaire, Actes du colloque de Toru\u0144 (oct. 2002)<br>Wydawnictwo Naukowe UMK, Toru\u0144<\/p>\n\n\n\n<p>Imi\u0119 i nazwisko: <strong>Hanna Miatliuk, Krzysztof Bogacki, Hanna Komorowska (red.)<\/strong><br>Problemy lingwistyki i nauczania j\u0119zyk\u00f3w obcych<br>Wydawnictwo Uniwersytetu w Bia\u0142ymstoku, Bia\u0142ystok<\/p>\n","protected":false},"excerpt":{"rendered":"<p>Imi\u0119 i nazwisko: Henryk ChudakPositions critiquesWydawnictwa UW, Warszawa Imi\u0119 i nazwisko: Anna Grze\u015bkowiak-Krwawicz, Izabella Zatorska (red.)Libert\u00e9 : h\u00e9ritage du pass\u00e9<\/p>\n","protected":false},"author":1,"featured_media":0,"parent":33,"menu_order":0,"comment_status":"closed","ping_status":"closed","template":"","meta":{"footnotes":""},"class_list":["post-73","page","type-page","status-publish","hentry","comments-off"],"_links":{"self":[{"href":"https:\/\/plejada.romanisci.edu.pl\/fr\/wp-json\/wp\/v2\/pages\/73","targetHints":{"allow":["GET"]}}],"collection":[{"href":"https:\/\/plejada.romanisci.edu.pl\/fr\/wp-json\/wp\/v2\/pages"}],"about":[{"href":"https:\/\/plejada.romanisci.edu.pl\/fr\/wp-json\/wp\/v2\/types\/page"}],"author":[{"embeddable":true,"href":"https:\/\/plejada.romanisci.edu.pl\/fr\/wp-json\/wp\/v2\/users\/1"}],"replies":[{"embeddable":true,"href":"https:\/\/plejada.romanisci.edu.pl\/fr\/wp-json\/wp\/v2\/comments?post=73"}],"version-history":[{"count":1,"href":"https:\/\/plejada.romanisci.edu.pl\/fr\/wp-json\/wp\/v2\/pages\/73\/revisions"}],"predecessor-version":[{"id":74,"href":"https:\/\/plejada.romanisci.edu.pl\/fr\/wp-json\/wp\/v2\/pages\/73\/revisions\/74"}],"up":[{"embeddable":true,"href":"https:\/\/plejada.romanisci.edu.pl\/fr\/wp-json\/wp\/v2\/pages\/33"}],"wp:attachment":[{"href":"https:\/\/plejada.romanisci.edu.pl\/fr\/wp-json\/wp\/v2\/media?parent=73"}],"curies":[{"name":"wp","href":"https:\/\/api.w.org\/{rel}","templated":true}]}}