{"id":75,"date":"2021-04-14T07:38:12","date_gmt":"2021-04-14T05:38:12","guid":{"rendered":"http:\/\/plejada.romanisci.edu.pl\/nowa_strona2\/?page_id=75"},"modified":"2021-04-14T07:38:12","modified_gmt":"2021-04-14T05:38:12","slug":"2002-2","status":"publish","type":"page","link":"https:\/\/plejada.romanisci.edu.pl\/fr\/publications\/2002-2\/","title":{"rendered":"2002"},"content":{"rendered":"\n<p>Imi\u0119 i nazwisko: <strong>Maciej Abramowicz, Pawe\u0142 Matyaszewski&nbsp;(red.)<\/strong><br>Dawne literatury roma\u0144skie : specyfika, zwi\u0105zki, dziedzictwo [IV Spotkania specjalist\u00f3w dawnej literatury francuskiej, Lublin, 24-25. 11. 2000]<br>Redakcja Wydawnictw KUL, Lublin<\/p>\n\n\n\n<p>Imi\u0119 i nazwisko: <strong>Henryk Chudak (red.)<\/strong><br>Perspectives historiques et m\u00e9tacritiques sur la critique litt\u00e9raire du XX<sup>e <\/sup>si\u00e8cle, Actes du colloque intern., Varsovie, 26-27 oct. 2000<br>Wydawnictwa UW, Warszawa<\/p>\n\n\n\n<p>Imi\u0119 i nazwisko: <strong>Maria Gubi\u0144ska<\/strong><br>L\u2019image de l\u2019Autre dans la litt\u00e9rature coloniale fran\u00e7aise au Maghreb<br>Wydawnictwo Naukowe Akademii Pedagogicznej, Krak\u00f3w<\/p>\n\n\n\n<p>Imi\u0119 i nazwisko: <strong>Aniela Ksi\u0105\u017cek-Szczepanikowa, Beata K\u0119dzia-Klebeko<\/strong><br>Czytanie \u00ab\u00a0Emila\u00a0\u00bb Rousseau<br>Wydawnictwo Naukowe Uniwersytetu Szczeci\u0144skiego, Szczecin<\/p>\n\n\n\n<p>Imi\u0119 i nazwisko: <strong>Barbara Marczuk (t\u0142um., red.)<\/strong><br>Krwawy amfiteatr. Antologia francuskich historii tragicznych epoki renesansu i baroku<br>Universitas, Krak\u00f3w [II wyd. popr. i uzupe\u0142n.: 2007]<\/p>\n\n\n\n<p>Imi\u0119 i nazwisko: <strong>Pawe\u0142 Matyaszewski<\/strong><br><em>La philosophie de la soci\u00e9t\u00e9 ou l\u2019id\u00e9e de l\u2019unit\u00e9 humaine selon Joseph de Maistre<\/em><br>Redakcja Wydawnictw KUL, Lublin<\/p>\n\n\n\n<p>Imi\u0119 i nazwisko: <strong>Zbigniew Naliwajek, Joanna \u017burowska<\/strong><br>Wiktor Hugo 1802-2002 : katalog wystawy<br>Wydawnictwa UW, Warszawa<\/p>\n\n\n\n<p>Imi\u0119 i nazwisko: <strong>Magdalena Wandzioch <\/strong><strong>(red.)<\/strong><em><br>Virtualit\u00e9s du litt\u00e9raire. M\u00e9langes offerts \u00e0 Aleksander Ab\u0142amowicz<\/em><br>Wydawnictwo U\u015a, Katowice<\/p>\n\n\n\n<p>Imi\u0119 i nazwisko: <strong>Wies\u0142aw Bany\u015b<\/strong><strong>(red.)<\/strong><br>Neophilologica. <a href=\"https:\/\/wydawnictwo.us.edu.pl\/?q=node\/1213\">\u00c9tudes s\u00e9mantico-syntaxiques des langues romanes<\/a>, t. 15<br>Wydawnictwo U\u015a, Katowice<\/p>\n\n\n\n<p>Imi\u0119 i nazwisko: <strong>Ewa Ciszewska<\/strong><br>Expression de la perfectivit\u00e9 en fran\u00e7ais contemporain<br>Wydawnictwo U\u015a, Katowice<\/p>\n\n\n\n<p>Imi\u0119 i nazwisko: <strong>Stanis\u0142aw Karolak<\/strong><br>Gramatyka kontrastywna przedimka (rodzajnika) francuskiego i angielskiego<br>Wydawnictwo Akademii Polonijnej \u201eEdukator\u201d, Cz\u0119stochowa<\/p>\n\n\n\n<p>Imi\u0119 i nazwisko: <strong>Marek K\u0119sik (red.)<\/strong><br>R\u00e9f\u00e9rence discursive dans les langues romanes et slaves (Actes du Colloque international de linguistique textuelle, Lublin, 24-30 sept. 2000)<br>Wydawnictwo UMCS, Lublin<\/p>\n\n\n\n<p>Imi\u0119 i nazwisko: <strong>Katarzyna Kwapisz-Osadnik<\/strong><br><em>Le subjonctif et l&rsquo;expression de l&rsquo;exp\u00e9rience. Esquisse cognitive de la dynamique des modes indicatif \/ subjonctif en fran\u00e7ais<\/em><br>Wydawnictwo U\u015a, Katowice<\/p>\n\n\n\n<p>Imi\u0119 i nazwisko: <strong>Ewa Miczka<\/strong><br><em>Kognitywne struktury sytuacyjne i informacyjne w interpretacji dyskursu<\/em><br>Wydawnictwo U\u015a, Katowice<\/p>\n\n\n\n<p>Imi\u0119 i nazwisko: <strong>Jacek Pleci\u0144ski<\/strong><br>Le ludisme langagier. Domaine fran\u00e7ais. XX<sup>e <\/sup>si\u00e8cle<br>Wydawnictwo Naukowe UMK, Toru\u0144<\/p>\n\n\n\n<p>Imi\u0119 i nazwisko: <strong>Marzena <\/strong><strong>Blachowska-Szmigiel<\/strong><br>Comprendre et r\u00e9diger en FLE niveau avanc\u00e9 : d\u00e9crire, narrer, exposer-expliquer, argumenter<br>Wydawnictwo Naukowe UAM, Pozna\u0144<\/p>\n\n\n\n<p>Imi\u0119 i nazwisko: <strong>Ma\u0142gorzata Pamu\u0142a<\/strong><br>Wczesne nauczanie j\u0119zyk\u00f3w obcych. Integracja j\u0119zyka obcego z przedmiotami artystycznymi w m\u0142odszych klasach szko\u0142y podstawowej<br>Wydawnictwo Naukowe Akademii Pedagogicznej, Krak\u00f3w<\/p>\n\n\n\n<p>Imi\u0119 i nazwisko: <strong>Ma\u0142gorzata Pamu\u0142a et al. <\/strong><strong>(red.)<\/strong><br>Primeros pasos : formation pour les ma\u00eetres impliqu\u00e9s \u00e0 la sensibilisation envers la langue \u00e9trang\u00e8re avec des \u00e9l\u00e8ves en bas \u00e2ge<br>Wydawnictwo Naukowe Akademii Pedagogicznej, Krak\u00f3w<\/p>\n\n\n\n<p>Imi\u0119 i nazwisko: <strong>Urszula Paprocka-Piotrowska (red.)<\/strong><br>Apprendre \u00e0 enseigner<br>Wydawnictwo Werset, Lublin<\/p>\n\n\n\n<p>Imi\u0119 i nazwisko: <strong>Ma\u0142gorzata Pieni\u0105\u017cek, Jolanta Zaj\u0105c<\/strong><br>C\u2019est \u00e7a. Pr\u00e9lude, podr\u0119cznik dla gimnazjum<br>Wydawnictwa Szkolne i Pedagogiczne, Warszawa<\/p>\n\n\n\n<p>Imi\u0119 i nazwisko: <strong>Ma\u0142gorzata Pieni\u0105\u017cek, Jolanta Zaj\u0105c<\/strong><br>C\u2019est \u00e7a. Pr\u00e9lude, poradnik metodyczny<br>Wydawnictwa Szkolne i Pedagogiczne, Warszawa<\/p>\n\n\n\n<p>Imi\u0119 i nazwisko: <strong>Ma\u0142gorzata Pieni\u0105\u017cek, Jolanta Zaj\u0105c<\/strong><br>C\u2019est \u00e7a. Pr\u00e9lude, zeszyt \u0107wicze\u0144<br>Wydawnictwa Szkolne i Pedagogiczne, Warszawa<\/p>\n\n\n\n<p>Imi\u0119 i nazwisko: <strong>Weronika Wilczy\u0144ska (red.)<\/strong><br>Autonomizacja w dydaktyce j\u0119zyk\u00f3w obcych : doskonalenie si\u0119 w komunikacji ustnej<br>Wydawnictwo Naukowe UAM, Pozna\u0144<\/p>\n\n\n\n<p>Imi\u0119 i nazwisko: <strong>Weronika Wilczy\u0144ska (red.)<\/strong><br>Wok\u00f3\u0142 autonomizacji w dydaktyce j\u0119zyk\u00f3w obcych : badania i refleksje<br>Wydawnictwo Naukowe UAM, Pozna\u0144<\/p>\n\n\n\n<p>Imi\u0119 i nazwisko: <strong>Leon Zar\u0119ba, Barbara Kochan<\/strong><br>Tematyczny s\u0142ownik j\u0119zyka francuskiego dla pocz\u0105tkuj\u0105cych<br>Wydawnictwo Literackie, Krak\u00f3w<\/p>\n\n\n\n<p>Imi\u0119 i nazwisko: <strong>El\u017cbieta Skibi\u0144ska, Marcin Cie\u0144ski (red.)<\/strong><br>J\u0119zyk \u2013 Stereotyp \u2013 Przek\u0142ad<br>Dolno\u015bl\u0105skie Wydawnictwo Edukacyjne, Wroc\u0142aw<\/p>\n\n\n\n<p>Imi\u0119 i nazwisko: <strong>Alicja Kacprzak (red.)<\/strong><br>Points communs : linguistique, traductologie, glottodidactique<br>Wydawnictwo Biblioteka, \u0141\u00f3d\u017a<\/p>\n\n\n\n<p>Imi\u0119 i nazwisko: <strong>Joanna \u017burowska (red.)<\/strong><br>M\u00e9thodologie de la recherche en linguistique et litt\u00e9rature. Rencontres doctorales des d\u00e9partements de fran\u00e7ais des universit\u00e9s polonaises et tch\u00e8ques (Cracovie, du 8 au 10 f\u00e9vrier 2001)<br>Centre de Civilisation Fran\u00e7aise et d\u2019\u00c9tudes Francophones \u00e0 l`Universit\u00e9 de Varsovie, Varsovie<\/p>\n","protected":false},"excerpt":{"rendered":"<p>Imi\u0119 i nazwisko: Maciej Abramowicz, Pawe\u0142 Matyaszewski&nbsp;(red.)Dawne literatury roma\u0144skie : specyfika, zwi\u0105zki, dziedzictwo [IV Spotkania specjalist\u00f3w dawnej literatury francuskiej, Lublin,<\/p>\n","protected":false},"author":1,"featured_media":0,"parent":33,"menu_order":0,"comment_status":"closed","ping_status":"closed","template":"","meta":{"footnotes":""},"class_list":["post-75","page","type-page","status-publish","hentry","comments-off"],"_links":{"self":[{"href":"https:\/\/plejada.romanisci.edu.pl\/fr\/wp-json\/wp\/v2\/pages\/75","targetHints":{"allow":["GET"]}}],"collection":[{"href":"https:\/\/plejada.romanisci.edu.pl\/fr\/wp-json\/wp\/v2\/pages"}],"about":[{"href":"https:\/\/plejada.romanisci.edu.pl\/fr\/wp-json\/wp\/v2\/types\/page"}],"author":[{"embeddable":true,"href":"https:\/\/plejada.romanisci.edu.pl\/fr\/wp-json\/wp\/v2\/users\/1"}],"replies":[{"embeddable":true,"href":"https:\/\/plejada.romanisci.edu.pl\/fr\/wp-json\/wp\/v2\/comments?post=75"}],"version-history":[{"count":1,"href":"https:\/\/plejada.romanisci.edu.pl\/fr\/wp-json\/wp\/v2\/pages\/75\/revisions"}],"predecessor-version":[{"id":76,"href":"https:\/\/plejada.romanisci.edu.pl\/fr\/wp-json\/wp\/v2\/pages\/75\/revisions\/76"}],"up":[{"embeddable":true,"href":"https:\/\/plejada.romanisci.edu.pl\/fr\/wp-json\/wp\/v2\/pages\/33"}],"wp:attachment":[{"href":"https:\/\/plejada.romanisci.edu.pl\/fr\/wp-json\/wp\/v2\/media?parent=75"}],"curies":[{"name":"wp","href":"https:\/\/api.w.org\/{rel}","templated":true}]}}